{"id":19901,"date":"2021-07-03T23:35:58","date_gmt":"2021-07-03T21:35:58","guid":{"rendered":"https:\/\/mgvpublications.com\/produkt\/osman-gazi-cinarin-golgesinde\/"},"modified":"2022-03-08T22:54:41","modified_gmt":"2022-03-08T21:54:41","slug":"osman-gazi-cinarin-golgesinde","status":"publish","type":"product","link":"https:\/\/mgvpublications.com\/de\/osman-gazi-cinarin-golgesinde\/","title":{"rendered":"Osman Gazi \u00c7\u0131nar\u0131n G\u00f6lgesinde"},"content":{"rendered":"<p>Yay\u0131n Tarihi: 04.11.2019<br \/>ISBN: 9786050830729<br \/>Dil: T\u00dcRK\u00c7E<br \/>Sayfa Say\u0131s\u0131: 408<br \/>Cilt Tipi: Karton Kapak<br \/>Ka\u011f\u0131t Cinsi: Kitap Ka\u011f\u0131d\u0131<br \/>Boyut: 13.5 x 21 cm<\/p>","protected":false},"excerpt":{"rendered":"<p>Ertu\u011frul Gazi d\u00f6neminde s\u00fcren bar\u0131\u015f ortam\u0131ndan sonra T\u00fcrk&#8217;\u00fcn k\u0131l\u0131c\u0131n\u0131 d\u00fc\u015fmana sallayan, yak\u0131nlar\u0131n\u0131n \u00fczerine g\u00f6lge yapan eli kesen, mevzu Kay\u0131 oldu\u011funda amcas\u0131 D\u00fcndar Alp&#8217;in dahi ihanetine aman vermeyen bir yi\u011fidin hik\u00e2yesi bu&#8230; Mo\u011follar\u0131n varl\u0131\u011f\u0131na ra\u011fmen kar\u015f\u0131s\u0131na dizilenlerin yine en \u00e7ok korktu\u011fu Osmanl\u0131&#8217;n\u0131n do\u011fu\u015fu&#8230; Yay\u0131lmaya ba\u015flayan Kay\u0131 boyunun kar\u015f\u0131s\u0131na \u00e7\u0131kan onca farkl\u0131l\u0131k selamla kar\u015f\u0131lan\u0131rken namertli\u011fe kar\u015f\u0131 ac\u0131mas\u0131zl\u0131\u011f\u0131na \u015fahit oldu\u011fumuz Osman Gazi&#8217;nin yazd\u0131\u011f\u0131 destans\u0131 tarihin ilk ad\u0131mlar\u0131&#8230; At \u00fcst\u00fcnde g\u00f6sterdi\u011fi h\u00fcner, d\u00fc\u015fman kar\u015f\u0131s\u0131nda g\u00f6sterdi\u011fi cesaret, h\u0131s\u0131m kar\u015f\u0131s\u0131nda g\u00f6sterdi\u011fi sab\u0131r ona koca bir \u00e7\u0131nar ba\u011f\u0131\u015fl\u0131yor&#8230; T\u00fcrkiye&#8217;nin en \u00e7ok okunan tarihi romanlar\u0131n\u0131n yazar\u0131, eserleri Arap\u00e7a, Azerice, Endonezce ve Bo\u015fnak\u00e7aya \u00e7evrilen, okurlar\u0131 taraf\u0131ndan &#8220;g\u00fcn\u00fcm\u00fcz\u00fcn Peyami Safa&#8217;s\u0131&#8221; olarak an\u0131lan Okay Tiryakio\u011flu, Osmanl\u0131&#8217;n\u0131n S\u00f6\u011f\u00fct&#8217;te ba\u015flayan kurulu\u015f hik\u00e2yesinin ba\u015f kahraman\u0131 Osman Gazi&#8217;yi anlatarak tarihin sayfalar\u0131n\u0131 yeniden aral\u0131yor. Osman Gazi-\u00c7\u0131nar\u0131n G\u00f6lgesinde&#8230; Bir kurulu\u015f destan\u0131n\u0131 hakk\u0131n\u0131 vererek okumak isteyenler i\u00e7in&#8230;<\/p>","protected":false},"featured_media":19900,"template":"","meta":{"spay_email":""},"product_cat":[168],"product_tag":[],"item":[360],"acf":[],"_links":{"self":[{"href":"https:\/\/mgvpublications.com\/de\/wp-json\/wp\/v2\/product\/19901"}],"collection":[{"href":"https:\/\/mgvpublications.com\/de\/wp-json\/wp\/v2\/product"}],"about":[{"href":"https:\/\/mgvpublications.com\/de\/wp-json\/wp\/v2\/types\/product"}],"wp:featuredmedia":[{"embeddable":true,"href":"https:\/\/mgvpublications.com\/de\/wp-json\/wp\/v2\/media\/19900"}],"wp:attachment":[{"href":"https:\/\/mgvpublications.com\/de\/wp-json\/wp\/v2\/media?parent=19901"}],"wp:term":[{"taxonomy":"product_cat","embeddable":true,"href":"https:\/\/mgvpublications.com\/de\/wp-json\/wp\/v2\/product_cat?post=19901"},{"taxonomy":"product_tag","embeddable":true,"href":"https:\/\/mgvpublications.com\/de\/wp-json\/wp\/v2\/product_tag?post=19901"},{"taxonomy":"item","embeddable":true,"href":"https:\/\/mgvpublications.com\/de\/wp-json\/wp\/v2\/item?post=19901"}],"curies":[{"name":"wp","href":"https:\/\/api.w.org\/{rel}","templated":true}]}}