{"id":19895,"date":"2021-07-03T23:35:57","date_gmt":"2021-07-03T21:35:57","guid":{"rendered":"https:\/\/mgvpublications.com\/produkt\/yavuz\/"},"modified":"2022-03-08T22:54:39","modified_gmt":"2022-03-08T21:54:39","slug":"yavuz","status":"publish","type":"product","link":"https:\/\/mgvpublications.com\/de\/yavuz\/","title":{"rendered":"Yavuz"},"content":{"rendered":"<p>Yay\u0131n Tarihi: 30.10.2019<br \/>ISBN: 9786051141275<br \/>Dil: T\u00dcRK\u00c7E<br \/>Sayfa Say\u0131s\u0131: 256<br \/>Cilt Tipi: Karton Kapak<br \/>Ka\u011f\u0131t Cinsi: Kitap Ka\u011f\u0131d\u0131<br \/>Boyut: 13.5 x 21 cm<\/p>","protected":false},"excerpt":{"rendered":"<p>Ku\u015fatma 1453\u2019\u00fcn yazar\u0131 Okay Tiryakio\u011flu\u2019ndan e\u015fsiz bir tarih\u00ee \u015fahsiyetin sars\u0131c\u0131 roman\u0131: YAVUZ. Sefer g\u00fczerg\u00e2h\u0131n\u0131 soran vezire, \u201cS\u0131r tutmay\u0131 bilir misin?\u201d diye soran; \u201cEvet!\u201d cevab\u0131n\u0131 al\u0131nca \u201cBen de bilirim.\u201d kar\u015f\u0131l\u0131\u011f\u0131n\u0131 verecek denli temkinli, \u201cd\u00fcnya\u201dy\u0131 kafas\u0131nda ta\u015f\u0131yan bir gaye adam\u0131. Hedefleri u\u011fruna karde\u015f kavgas\u0131n\u0131 hatta baba-o\u011ful \u00e7eki\u015fmesini bile g\u00f6ze almak zorunda kalan k\u00fc\u00e7\u00fck \u015fehzade. Bu kararl\u0131l\u0131\u011f\u0131na, son nefesine kadar, kaybetti\u011fi karde\u015fleri ve can dostlar\u0131n\u0131n \u00f6zlemi e\u015flik etmi\u015f \u015fair bir y\u00fcrek. Devletine ve \u00fcmmetine 400 y\u0131l soluk ald\u0131ran e\u015fi benzeri g\u00f6r\u00fclmemi\u015f 8 y\u0131ll\u0131k bir \u201chamle\u201dnin mimar\u0131 halife. Ve \u00e7evresindekilere akl\u0131 yitirmenin s\u0131n\u0131rlar\u0131n\u0131 zorlatan bir yaral\u0131 son: \u015eirpen\u00e7e. Hi\u00e7 abart\u0131l\u0131 olmayan ama kahramanlar\u0131n\u0131n dayand\u0131klar\u0131 manevi g\u00fcc\u00fc de \u0131skalamayan olgun bir edeb\u00ee dilin roman\u0131: YAVUZ<\/p>","protected":false},"featured_media":19894,"template":"","meta":{"spay_email":""},"product_cat":[168],"product_tag":[],"item":[360],"acf":[],"_links":{"self":[{"href":"https:\/\/mgvpublications.com\/de\/wp-json\/wp\/v2\/product\/19895"}],"collection":[{"href":"https:\/\/mgvpublications.com\/de\/wp-json\/wp\/v2\/product"}],"about":[{"href":"https:\/\/mgvpublications.com\/de\/wp-json\/wp\/v2\/types\/product"}],"wp:featuredmedia":[{"embeddable":true,"href":"https:\/\/mgvpublications.com\/de\/wp-json\/wp\/v2\/media\/19894"}],"wp:attachment":[{"href":"https:\/\/mgvpublications.com\/de\/wp-json\/wp\/v2\/media?parent=19895"}],"wp:term":[{"taxonomy":"product_cat","embeddable":true,"href":"https:\/\/mgvpublications.com\/de\/wp-json\/wp\/v2\/product_cat?post=19895"},{"taxonomy":"product_tag","embeddable":true,"href":"https:\/\/mgvpublications.com\/de\/wp-json\/wp\/v2\/product_tag?post=19895"},{"taxonomy":"item","embeddable":true,"href":"https:\/\/mgvpublications.com\/de\/wp-json\/wp\/v2\/item?post=19895"}],"curies":[{"name":"wp","href":"https:\/\/api.w.org\/{rel}","templated":true}]}}