{"id":19893,"date":"2021-07-03T23:35:54","date_gmt":"2021-07-03T21:35:54","guid":{"rendered":"https:\/\/mgvpublications.com\/produkt\/selahaddin-eyyubi\/"},"modified":"2022-03-08T22:54:39","modified_gmt":"2022-03-08T21:54:39","slug":"selahaddin-eyyubi","status":"publish","type":"product","link":"https:\/\/mgvpublications.com\/de\/selahaddin-eyyubi\/","title":{"rendered":"Selahaddin Eyyubi"},"content":{"rendered":"<p>Yay\u0131n Tarihi: 20.12.2018<br \/>ISBN: 9786050826067<br \/>Dil: T\u00dcRK\u00c7E<br \/>Sayfa Say\u0131s\u0131: 448<br \/>Cilt Tipi: Karton Kapak<br \/>Ka\u011f\u0131t Cinsi: Kitap Ka\u011f\u0131d\u0131<br \/>Boyut: 13.5 x 21 cm<\/p>","protected":false},"excerpt":{"rendered":"<p>\u201cVe ey kahraman gazi o\u011ful, ad\u0131n bundan b\u00f6yle \u2018dinine ba\u011fl\u0131\u2019 manas\u0131na gelen \u2018Selahaddin\u2019dir. Sen ki Ehlis\u00fcnnet\u2019in insafl\u0131, adaletli ve gerekti\u011finde keskin k\u0131l\u0131c\u0131s\u0131n.\u201d Hemen hemen g\u00fcnlerinin \u00e7o\u011fu harp meydanlar\u0131nda ge\u00e7en, Ortado\u011fu\u2019daki Ha\u00e7l\u0131 varl\u0131\u011f\u0131n\u0131n belini k\u0131ran ve onu asla eski g\u00fcc\u00fcne kavu\u015famayacak h\u00e2le getiren, b\u00f6ylece Ortado\u011fu-\u0130sl\u00e2m d\u00fcnyas\u0131n\u0131n kudretini b\u00fct\u00fcn Avrupa\u2019ya g\u00f6steren bir M\u00fccahit Sultan\u2026 \u201cKud\u00fcs\u2019\u00fc fethedinceye kadar bir daha \u00fczerimdeki kara giysileri \u00e7\u0131karmayacak ve hi\u00e7 g\u00fclmeyece\u011fim!\u201d diye yemin etti\u011fini i\u015fitmeyen kalmam\u0131\u015ft\u0131. Nitekim en \u00f6nemli zaferiydi Kud\u00fcs. Orada h\u00fck\u00fcm s\u00fcren H\u0131ristiyan egemenli\u011fine son vermekle birlikte en g\u00fc\u00e7l\u00fc oldu\u011fu d\u00f6nemde M\u0131s\u0131r, Suriye, Irak, Hicaz ve Yemen\u2019i etkisi alt\u0131na alm\u0131\u015ft\u0131. Buna ra\u011fmen, \u201cBen kral de\u011filim! Ben M\u00fcsl\u00fcmanlar\u0131n hizmetk\u00e2r\u0131, onlar\u0131n en alt\u0131ndaki ferdim!\u201d diyecek kadar m\u00fctevaz\u0131yd\u0131. Asl\u0131nda o; medresedeki h\u00fccresinde, kitaplar\u0131n\u0131n ba\u015f\u0131nda olmay\u0131 tercih ederdi. Ama bu yan\u0131yla m\u00fccadele edip ismini \u201c\u00fcnl\u00fc kumandan ve siyaset adam\u0131\u201d olarak tarihin tozlu sayfalar\u0131na yazd\u0131rd\u0131. \u00d6d\u00fcll\u00fc yazar Okay Tiryakio\u011flu\u2019nun kaleminden; hilalin g\u00f6lgesinde ge\u00e7en bir \u00f6m\u00fcr, Selahaddin Eyyubi.<\/p>","protected":false},"featured_media":19892,"template":"","meta":{"spay_email":""},"product_cat":[168],"product_tag":[],"item":[360],"acf":[],"_links":{"self":[{"href":"https:\/\/mgvpublications.com\/de\/wp-json\/wp\/v2\/product\/19893"}],"collection":[{"href":"https:\/\/mgvpublications.com\/de\/wp-json\/wp\/v2\/product"}],"about":[{"href":"https:\/\/mgvpublications.com\/de\/wp-json\/wp\/v2\/types\/product"}],"wp:featuredmedia":[{"embeddable":true,"href":"https:\/\/mgvpublications.com\/de\/wp-json\/wp\/v2\/media\/19892"}],"wp:attachment":[{"href":"https:\/\/mgvpublications.com\/de\/wp-json\/wp\/v2\/media?parent=19893"}],"wp:term":[{"taxonomy":"product_cat","embeddable":true,"href":"https:\/\/mgvpublications.com\/de\/wp-json\/wp\/v2\/product_cat?post=19893"},{"taxonomy":"product_tag","embeddable":true,"href":"https:\/\/mgvpublications.com\/de\/wp-json\/wp\/v2\/product_tag?post=19893"},{"taxonomy":"item","embeddable":true,"href":"https:\/\/mgvpublications.com\/de\/wp-json\/wp\/v2\/item?post=19893"}],"curies":[{"name":"wp","href":"https:\/\/api.w.org\/{rel}","templated":true}]}}