{"id":19891,"date":"2021-07-03T23:35:53","date_gmt":"2021-07-03T21:35:53","guid":{"rendered":"https:\/\/mgvpublications.com\/produkt\/kitap-dokununca-yurege\/"},"modified":"2022-03-08T22:54:39","modified_gmt":"2022-03-08T21:54:39","slug":"kitap-dokununca-yurege","status":"publish","type":"product","link":"https:\/\/mgvpublications.com\/de\/kitap-dokununca-yurege\/","title":{"rendered":"Kitap Dokununca Y\u00fcre\u011fe"},"content":{"rendered":"<p>Yay\u0131n Tarihi: 07.09.2020<br \/>ISBN: 9786257022729<br \/>Dil: T\u00dcRK\u00c7E<br \/>Sayfa Say\u0131s\u0131: 176<br \/>Cilt Tipi: Karton Kapak<br \/>Ka\u011f\u0131t Cinsi: Kitap Ka\u011f\u0131d\u0131<br \/>Boyut: 13.5 x 19.5 cm<\/p>","protected":false},"excerpt":{"rendered":"<p>Ac\u0131 do\u011fru kalpte edebiyata, do\u011fru kafada felsefeye d\u00f6n\u00fc\u015f\u00fcr. \u201cE\u011fer farkl\u0131ysan, yaln\u0131zl\u0131\u011fa mahk\u00fbm oluyorsun. Yaln\u0131z olana ac\u0131mas\u0131z davran\u0131yorlar.\u201d Aldous Huxley Alduos Huxley&#8217;nin bu s\u00f6z\u00fc ya\u015fanm\u0131\u015fl\u0131ktan al\u0131nt\u0131d\u0131r asl\u0131nda ve insanl\u0131k yok olmad\u0131\u011f\u0131 m\u00fcddet\u00e7e ge\u00e7erlili\u011fini koruyacakt\u0131r. \u00c7\u00fcnk\u00fc insanlardaki farkl\u0131l\u0131klar hep bir \u00f6n yarg\u0131y\u0131 da beraberinde getirmi\u015ftir. \u0130nsan, kendine benzemeyene, kendinden olmayana ve fakl\u0131l\u0131klar\u0131yla ya\u015fayanlara kar\u015f\u0131 hep bir ac\u0131mas\u0131zl\u0131k i\u00e7erisindedir ve bu nedenledir ki hep yan\u0131l\u0131r. Bu kitap belki de bir yan\u0131lg\u0131n\u0131n en g\u00fczel cevab\u0131d\u0131r okurlara. Umutsuzlu\u011fun, \u00fcrkekli\u011fin, dostlu\u011fun, inanc\u0131n ve en \u00e7ok da a\u015fk&#8217;\u0131n en g\u00fczel h\u00e2liyle \u00f6rneklendi\u011fi bu kitap, y\u00fcre\u011fimize dokunacak cinsten&#8230; Keyifli okumalar! Yasemin Aslan, edit\u00f6r<\/p>","protected":false},"featured_media":19890,"template":"","meta":{"spay_email":""},"product_cat":[168],"product_tag":[],"item":[1792],"acf":[],"_links":{"self":[{"href":"https:\/\/mgvpublications.com\/de\/wp-json\/wp\/v2\/product\/19891"}],"collection":[{"href":"https:\/\/mgvpublications.com\/de\/wp-json\/wp\/v2\/product"}],"about":[{"href":"https:\/\/mgvpublications.com\/de\/wp-json\/wp\/v2\/types\/product"}],"wp:featuredmedia":[{"embeddable":true,"href":"https:\/\/mgvpublications.com\/de\/wp-json\/wp\/v2\/media\/19890"}],"wp:attachment":[{"href":"https:\/\/mgvpublications.com\/de\/wp-json\/wp\/v2\/media?parent=19891"}],"wp:term":[{"taxonomy":"product_cat","embeddable":true,"href":"https:\/\/mgvpublications.com\/de\/wp-json\/wp\/v2\/product_cat?post=19891"},{"taxonomy":"product_tag","embeddable":true,"href":"https:\/\/mgvpublications.com\/de\/wp-json\/wp\/v2\/product_tag?post=19891"},{"taxonomy":"item","embeddable":true,"href":"https:\/\/mgvpublications.com\/de\/wp-json\/wp\/v2\/item?post=19891"}],"curies":[{"name":"wp","href":"https:\/\/api.w.org\/{rel}","templated":true}]}}