{"id":19889,"date":"2021-07-03T23:35:53","date_gmt":"2021-07-03T21:35:53","guid":{"rendered":"https:\/\/mgvpublications.com\/produkt\/son-soylesi\/"},"modified":"2022-03-08T22:54:39","modified_gmt":"2022-03-08T21:54:39","slug":"son-soylesi","status":"publish","type":"product","link":"https:\/\/mgvpublications.com\/de\/son-soylesi\/","title":{"rendered":"Son S\u00f6yle\u015fi"},"content":{"rendered":"<p>Yay\u0131n Tarihi: 04.10.2018<br \/>ISBN: 9786056879920<br \/>Dil: T\u00dcRK\u00c7E<br \/>Sayfa Say\u0131s\u0131: 160<br \/>Cilt Tipi: Karton Kapak<br \/>Ka\u011f\u0131t Cinsi: Kitap Ka\u011f\u0131d\u0131<br \/>Boyut: 13.5 x 21 cm<\/p>","protected":false},"excerpt":{"rendered":"<p>Bir insan d\u00fc\u015f\u00fcn\u00fcn\u2026 Yapt\u0131\u011f\u0131 her eylem, s\u00f6yledi\u011fi her s\u00f6z insanlar ve olaylar \u00fczerinde derin etkiler olu\u015ftursun. Ve bu insan bir hareketiyle binlerce insan\u0131 harekete ge\u00e7irebilsin veya durdurabilsin\u2026 Do\u011fal olarak bu ki\u015finin s\u00f6yledi\u011fi her s\u00f6z b\u00fcy\u00fck bir \u00f6neme sahiptir\u2026 \u0130\u015fte bu ki\u015fi Malcolm X\u2026 20. y\u00fczy\u0131l tarihine silinmez izler b\u0131rakm\u0131\u015f bir isim\u2026 Hakk\u0131nda onlarca kitap yaz\u0131ld\u0131, filmler \u00e7evrildi, makaleler yaz\u0131ld\u0131. Bu kitaplar onlarca dile \u00e7evrildi. Hakk\u0131nda bilinmedik ve yaz\u0131lmad\u0131k \u015fey yok neredeyse\u2026 Acaba \u00f6yle mi? Malcolm X\u2019in \u00f6l\u00fcm\u00fcnden sadece bir g\u00fcn \u00f6nce kayda ge\u00e7irdi\u011fi d\u00fc\u015f\u00fcnceleri T\u00fcrk okuru ile bulu\u015fuyor.<\/p>","protected":false},"featured_media":21368,"template":"","meta":{"spay_email":""},"product_cat":[168],"product_tag":[],"item":[1792],"acf":[],"_links":{"self":[{"href":"https:\/\/mgvpublications.com\/de\/wp-json\/wp\/v2\/product\/19889"}],"collection":[{"href":"https:\/\/mgvpublications.com\/de\/wp-json\/wp\/v2\/product"}],"about":[{"href":"https:\/\/mgvpublications.com\/de\/wp-json\/wp\/v2\/types\/product"}],"wp:featuredmedia":[{"embeddable":true,"href":"https:\/\/mgvpublications.com\/de\/wp-json\/wp\/v2\/media\/21368"}],"wp:attachment":[{"href":"https:\/\/mgvpublications.com\/de\/wp-json\/wp\/v2\/media?parent=19889"}],"wp:term":[{"taxonomy":"product_cat","embeddable":true,"href":"https:\/\/mgvpublications.com\/de\/wp-json\/wp\/v2\/product_cat?post=19889"},{"taxonomy":"product_tag","embeddable":true,"href":"https:\/\/mgvpublications.com\/de\/wp-json\/wp\/v2\/product_tag?post=19889"},{"taxonomy":"item","embeddable":true,"href":"https:\/\/mgvpublications.com\/de\/wp-json\/wp\/v2\/item?post=19889"}],"curies":[{"name":"wp","href":"https:\/\/api.w.org\/{rel}","templated":true}]}}