{"id":19887,"date":"2021-07-03T23:35:52","date_gmt":"2021-07-03T21:35:52","guid":{"rendered":"https:\/\/mgvpublications.com\/produkt\/kardeslige-inaniyorum\/"},"modified":"2022-03-08T22:54:39","modified_gmt":"2022-03-08T21:54:39","slug":"kardeslige-inaniyorum","status":"publish","type":"product","link":"https:\/\/mgvpublications.com\/de\/kardeslige-inaniyorum\/","title":{"rendered":"Karde\u015fli\u011fe \u0130nan\u0131yorum"},"content":{"rendered":"<p>\u00c7evirmen: G\u00fcray Sakarya Oral<br \/>Yay\u0131n Tarihi: 14.05.2020<br \/>ISBN: 9789753525336<br \/>Dil: T\u00dcRK\u00c7E<br \/>Sayfa Say\u0131s\u0131: 176<br \/>Cilt Tipi: Karton Kapak<br \/>Ka\u011f\u0131t Cinsi: Kitap Ka\u011f\u0131d\u0131<br \/>Boyut: 13.5 x 21 cm<\/p>","protected":false},"excerpt":{"rendered":"<p>Ba\u015fta ABD olmak \u00fczere, T\u00fcrkiye\u2019de, \u0130sl\u00e2m d\u00fcnyas\u0131nda severek takip edilen, okunan ve hak m\u00fccadelesi veren herkes i\u00e7in sembol bir ki\u015filik olan Malcolm X, pop\u00fcler bir fig\u00fcr olarak da haf\u0131zalarda, kalplerde ya\u015famaya devam ediyor. Hakk\u0131nda bir\u00e7ok kitap yaz\u0131lan, belgeseller ve sinema filmi \u00e7ekilen Malcolm X \u00fczerine T\u00fcrk\u00e7ede de \u00f6nemli bir k\u00fclliyat var. Ancak Karde\u015fli\u011fe \u0130nan\u0131yorum kitab\u0131nda yer alan konular, sadece Malcolm X\u2019ten biraz daha konu\u015fma aktarmaktan ibaret de\u011fil. Eser, hayat\u0131 aray\u0131\u015flarla ge\u00e7en Malcolm X\u2019in hayat\u0131n\u0131n son haftas\u0131nda siyasi ve antikapitalist bir devrim i\u00e7in neler yap\u0131lmas\u0131 gerekti\u011fi hakk\u0131ndaki konu\u015fmalar\u0131n\u0131 okuma f\u0131rsat\u0131 sunuyor. Ayr\u0131ca Aral\u0131k 1964 tarihli radyo konu\u015fmalar\u0131 da kitapta bulunmakta. Zira bunlar ayn\u0131 zamanda Malcolm X\u2019in d\u00fc\u015f\u00fcncelerindeki de\u011fi\u015fimi ve o y\u0131l Ortado\u011fu ve Afrika\u2019ya yapt\u0131\u011f\u0131 kapsaml\u0131 geziden edindi\u011fi izlenimleri i\u00e7eriyor.<\/p>","protected":false},"featured_media":19886,"template":"","meta":{"spay_email":""},"product_cat":[173],"product_tag":[],"item":[733],"acf":[],"_links":{"self":[{"href":"https:\/\/mgvpublications.com\/de\/wp-json\/wp\/v2\/product\/19887"}],"collection":[{"href":"https:\/\/mgvpublications.com\/de\/wp-json\/wp\/v2\/product"}],"about":[{"href":"https:\/\/mgvpublications.com\/de\/wp-json\/wp\/v2\/types\/product"}],"wp:featuredmedia":[{"embeddable":true,"href":"https:\/\/mgvpublications.com\/de\/wp-json\/wp\/v2\/media\/19886"}],"wp:attachment":[{"href":"https:\/\/mgvpublications.com\/de\/wp-json\/wp\/v2\/media?parent=19887"}],"wp:term":[{"taxonomy":"product_cat","embeddable":true,"href":"https:\/\/mgvpublications.com\/de\/wp-json\/wp\/v2\/product_cat?post=19887"},{"taxonomy":"product_tag","embeddable":true,"href":"https:\/\/mgvpublications.com\/de\/wp-json\/wp\/v2\/product_tag?post=19887"},{"taxonomy":"item","embeddable":true,"href":"https:\/\/mgvpublications.com\/de\/wp-json\/wp\/v2\/item?post=19887"}],"curies":[{"name":"wp","href":"https:\/\/api.w.org\/{rel}","templated":true}]}}