{"id":19879,"date":"2021-07-03T23:35:50","date_gmt":"2021-07-03T21:35:50","guid":{"rendered":"https:\/\/mgvpublications.com\/produkt\/kokler\/"},"modified":"2022-03-08T22:54:38","modified_gmt":"2022-03-08T21:54:38","slug":"kokler","status":"publish","type":"product","link":"https:\/\/mgvpublications.com\/de\/kokler\/","title":{"rendered":"K\u00f6kler"},"content":{"rendered":"<p>\u00c7evirmen: M. Bahad\u0131rhan Din\u00e7aslan<br \/>Yay\u0131n Tarihi: 02.11.2020<br \/>Orijinal Ad\u0131: The Roots<br \/>ISBN: 9786257201049<br \/>Dil: T\u00dcRK\u00c7E<br \/>Sayfa Say\u0131s\u0131: 528<br \/>Cilt Tipi: Karton Kapak<br \/>Ka\u011f\u0131t Cinsi: Kitap Ka\u011f\u0131d\u0131<br \/>Boyut: 13.5 x 21 cm<\/p>","protected":false},"excerpt":{"rendered":"<p>\u00c7ocuklara b\u00fcy\u00fckannelerinin anlatt\u0131klar\u0131 \u00f6yk\u00fclerden ba\u015flay\u0131p b\u00fcy\u00fckbabalar\u0131n babalar\u0131na, onlar\u0131n da atalar\u0131na kadar uzanan ve \u2018Afrika\u2019 denen siyah adamda son bulan uzun bir tarihsel ara\u015ft\u0131rma, Amerikan kitap piyasas\u0131nda sat\u0131\u015f rekorlar\u0131 k\u0131radursun, yazar\u0131 Alex Haley\u2019e de \u2018Pulitzer Roman \u00d6d\u00fcl\u00fc\u2019n\u00fc kazand\u0131rd\u0131 ve g\u00fcn\u00fcn adam\u0131 yapt\u0131. Haley\u2019in Roots (K\u00f6kler) adl\u0131 bu yap\u0131t\u0131, bir s\u00fcre \u00f6nce, ABD televizyonlar\u0131nda 12 dizilik programlar h\u00e2linde yay\u0131mlanm\u0131\u015f ve rekor d\u00fczeyde seyirci toplam\u0131\u015ft\u0131. \u0130lk, 1976 Ekim\u2019inde yay\u0131mlanan Roots bug\u00fcne kadar 14 bask\u0131 yapt\u0131. Son kez piyasaya \u00e7\u0131kar\u0131lan bir milyon bask\u0131 da mart ay\u0131 i\u00e7inde kap\u0131\u015f\u0131ld\u0131. Haley, kendisine Pulitzer \u00d6d\u00fcl\u00fc\u2019n\u00fc kazand\u0131ran yap\u0131t\u0131 hakk\u0131nda \u015funlar\u0131 s\u00f6yl\u00fcyor: \u2018Roots\u2019un do\u011fumu kolay olmad\u0131. Tam 12 y\u0131l\u0131m\u0131 ald\u0131. Bu arada 1 milyon kilometre yol katettim. Bu yap\u0131tla, \u2018Afrikal\u0131\u2019 ve \u2018Siyah Amerikal\u0131\u2019n\u0131n ad\u0131 da d\u00fcnya tarihine ger\u00e7ek y\u00f6n\u00fcyle yaz\u0131lm\u0131\u015f oldu. Kunta Kinte; Bat\u0131 Afrika\u2019n\u0131n Juffure y\u00f6resinden 1767 y\u0131l\u0131nda, 16 ya\u015f\u0131nda ka\u00e7\u0131r\u0131l\u0131p Amerika k\u0131tas\u0131na, Virginia tarlalar\u0131na s\u00fcr\u00fclen bu Afrikal\u0131, bug\u00fcne kadar pe\u015finden alt\u0131 nesil ko\u015fturdu. Bunlar s\u0131ras\u0131yla k\u00f6lelik, \u00e7ift\u00e7ilik, nalbantl\u0131k, de\u011firmencilik, tren yolu i\u015f\u00e7ili\u011fi, kap\u0131c\u0131l\u0131k, avukatl\u0131k, mimarl\u0131k yapt\u0131lar ve sonunda yazar oldular. \u0130\u015fte o yazar benim.\u2019 \u201d \u2012Milliyet Gazetesi \u201cK\u00f6kler, bir \u0131rk\u0131n ezili\u015finin ser\u00fcvenidir. \u0130ki y\u00fczy\u0131ldan beri direnen, horlanan, a\u015fa\u011f\u0131lanan ama gene de dimdik ya\u015fayan kara derililerin \u00f6yk\u00fcs\u00fc. Yaln\u0131zca k\u00f6le g\u00f6z\u00fcyle bak\u0131lan ve s\u00f6m\u00fcr\u00fclen bu \u0131rk kimi zaman a\u015fa\u011f\u0131lanmaya teslim olmu\u015f, a\u015fa\u011f\u0131layanlara ba\u015f e\u011fmi\u015f kimi zaman da dinin rahatlat\u0131c\u0131 atmosferine s\u0131\u011f\u0131nm\u0131\u015ft\u0131r.\u201d \u2012Do\u011fan H\u0131zlan Art\u0131k her gece milyonlarca Amerikal\u0131 televizyonlar\u0131n\u0131n kar\u015f\u0131s\u0131ndaki koltu\u011fa \u00e2deta m\u0131hlan\u0131yorlar. Atalar\u0131n\u0131n kara derili vatanda\u015flar\u0131na yapt\u0131klar\u0131 zulm\u00fc utan\u00e7la seyrediyorlar. Kimi ele\u015ftirmenlere g\u00f6re \u2018R\u00fczg\u00e2r Gibi Ge\u00e7ti\u2019nin 21 milyonluk rekorunu \u2018K\u00f6kler\u2019 k\u0131racak.\u201d \u2012Time &#8220;New York Times\u2019\u0131n Bestseller listesinde 50 hafta en \u00e7ok satanlar aras\u0131nda kalan K\u00f6kler\u2019de Alex Haley, zenci k\u00f6lelerin \u00f6yk\u00fcs\u00fcn\u00fc anlat\u0131yor. \u0130nsan, \u0131rk\u00e7\u0131l\u0131\u011fa kar\u015f\u0131 duyulan nefretin ve insan av\u0131n\u0131n bu denli edeb\u00ee bir p\u0131r\u0131lt\u0131 i\u00e7inde verildi\u011fini g\u00f6r\u00fcnce, \u2018Bu kitap Mallarm\u00e9\u2019nin bir \u015fiirinden ya da Proust\u2019un bir yaz\u0131s\u0131ndan daha m\u0131 az \u015fiirsel?\u2019 diye sormaktan kendini alam\u0131yor.\u201d \u2012Der Spiegel \u201cUmut \u00fclkesindeki, umutsuz insanlar\u0131 anlatan K\u00f6kler, Fransa\u2019da h\u00e2l\u00e2 en \u00e7ok satan kitaplar listesinde 1 numara. Alex Haley y\u0131llarca s\u00fcren bir ara\u015ft\u0131rman\u0131n \u00fcr\u00fcn\u00fc bu yap\u0131t\u0131 ile bir\u00e7ok \u00f6d\u00fcller kazanmaya adayd\u0131r.\u201d \u2012L\u2019Express<\/p>","protected":false},"featured_media":21892,"template":"","meta":{"spay_email":""},"product_cat":[168],"product_tag":[],"item":[719],"acf":[],"_links":{"self":[{"href":"https:\/\/mgvpublications.com\/de\/wp-json\/wp\/v2\/product\/19879"}],"collection":[{"href":"https:\/\/mgvpublications.com\/de\/wp-json\/wp\/v2\/product"}],"about":[{"href":"https:\/\/mgvpublications.com\/de\/wp-json\/wp\/v2\/types\/product"}],"wp:featuredmedia":[{"embeddable":true,"href":"https:\/\/mgvpublications.com\/de\/wp-json\/wp\/v2\/media\/21892"}],"wp:attachment":[{"href":"https:\/\/mgvpublications.com\/de\/wp-json\/wp\/v2\/media?parent=19879"}],"wp:term":[{"taxonomy":"product_cat","embeddable":true,"href":"https:\/\/mgvpublications.com\/de\/wp-json\/wp\/v2\/product_cat?post=19879"},{"taxonomy":"product_tag","embeddable":true,"href":"https:\/\/mgvpublications.com\/de\/wp-json\/wp\/v2\/product_tag?post=19879"},{"taxonomy":"item","embeddable":true,"href":"https:\/\/mgvpublications.com\/de\/wp-json\/wp\/v2\/item?post=19879"}],"curies":[{"name":"wp","href":"https:\/\/api.w.org\/{rel}","templated":true}]}}