{"id":19875,"date":"2021-07-03T23:35:49","date_gmt":"2021-07-03T21:35:49","guid":{"rendered":"https:\/\/mgvpublications.com\/produkt\/kafa-karistiran-kelimeler\/"},"modified":"2022-03-08T22:54:36","modified_gmt":"2022-03-08T21:54:36","slug":"kafa-karistiran-kelimeler","status":"publish","type":"product","link":"https:\/\/mgvpublications.com\/de\/kafa-karistiran-kelimeler\/","title":{"rendered":"Kafa Kar\u0131\u015ft\u0131ran Kelimeler"},"content":{"rendered":"<p>Yay\u0131n Tarihi: 04.11.2017<br \/>ISBN: 9789753550789<br \/>Dil: T\u00dcRK\u00c7E<br \/>Sayfa Say\u0131s\u0131: 184<br \/>Cilt Tipi: Karton Kapak<br \/>Ka\u011f\u0131t Cinsi: Kitap Ka\u011f\u0131d\u0131<br \/>Boyut: 12.5 x 19.5 cm<\/p>","protected":false},"excerpt":{"rendered":"<p>Bu kitapta Rasim \u00d6zden\u00f6ren, demokrasi, diyalektik, rasyonalizm, pozitivizm, h\u00fcmanizm, bilim, k\u00fclt\u00fcr, gelenek ve \u00f6zg\u00fcrl\u00fck gibi kimi kavramlar\u0131n bir M\u00fcsl\u00fcman taraf\u0131ndan nas\u0131l kavranmas\u0131 gerekti\u011fine dair \u00f6neriler getirmenin \u00f6tesinde, ele al\u0131nmayan di\u011fer \u00f6nemli kavramlar\u0131n irdelenmesine ili\u015fkin bir us\u00fbl de sunuyor.<\/p>","protected":false},"featured_media":19874,"template":"","meta":{"spay_email":""},"product_cat":[173],"product_tag":[],"item":[689],"acf":[],"_links":{"self":[{"href":"https:\/\/mgvpublications.com\/de\/wp-json\/wp\/v2\/product\/19875"}],"collection":[{"href":"https:\/\/mgvpublications.com\/de\/wp-json\/wp\/v2\/product"}],"about":[{"href":"https:\/\/mgvpublications.com\/de\/wp-json\/wp\/v2\/types\/product"}],"wp:featuredmedia":[{"embeddable":true,"href":"https:\/\/mgvpublications.com\/de\/wp-json\/wp\/v2\/media\/19874"}],"wp:attachment":[{"href":"https:\/\/mgvpublications.com\/de\/wp-json\/wp\/v2\/media?parent=19875"}],"wp:term":[{"taxonomy":"product_cat","embeddable":true,"href":"https:\/\/mgvpublications.com\/de\/wp-json\/wp\/v2\/product_cat?post=19875"},{"taxonomy":"product_tag","embeddable":true,"href":"https:\/\/mgvpublications.com\/de\/wp-json\/wp\/v2\/product_tag?post=19875"},{"taxonomy":"item","embeddable":true,"href":"https:\/\/mgvpublications.com\/de\/wp-json\/wp\/v2\/item?post=19875"}],"curies":[{"name":"wp","href":"https:\/\/api.w.org\/{rel}","templated":true}]}}