{"id":19863,"date":"2021-07-03T23:35:44","date_gmt":"2021-07-03T21:35:44","guid":{"rendered":"https:\/\/mgvpublications.com\/produkt\/cocuklar-icin-dort-halife-4-kitap\/"},"modified":"2022-03-08T22:54:35","modified_gmt":"2022-03-08T21:54:35","slug":"cocuklar-icin-dort-halife-4-kitap","status":"publish","type":"product","link":"https:\/\/mgvpublications.com\/de\/cocuklar-icin-dort-halife-4-kitap\/","title":{"rendered":"\u00c7ocuklar \u0130\u00e7in D\u00f6rt Halife (4 kitap)"},"content":{"rendered":"<p>Yay\u0131n Tarihi: 22.05.2017<br \/>ISBN: 9786059548601<br \/>Dil: T\u00dcRK\u00c7E<br \/>Sayfa Say\u0131s\u0131: 416<br \/>Cilt Tipi: Karton Kapak<br \/>Ka\u011f\u0131t Cinsi: Kitap Ka\u011f\u0131d\u0131<br \/>Boyut: 13.5 x 19.5 cm<\/p>","protected":false},"excerpt":{"rendered":"<p>Peygamberimizin en yak\u0131n arkada\u015f\u0131, can dostu, \u0130sl\u00e2m\u2019\u0131n ilk halifesi HZ. EB\u00db BEK\u0130R&#8230; Cesareti, yi\u011fitli\u011fi, adaletiyle nam salan sahabi, \u0130sl\u00e2m\u2019\u0131n ikinci halifesi HZ. \u00d6MER&#8230; Hay\u00e2s\u0131, iffeti, yumu\u015fak huylulu\u011fuyla \u00f6rnek sahabi, \u0130sl\u00e2m\u2019\u0131n \u00fc\u00e7\u00fcnc\u00fc halifesi HZ. OSMAN&#8230; Peygamberimizin sevgili damad\u0131, kahraman sahabi, \u0130sl\u00e2m\u2019\u0131n d\u00f6rd\u00fcnc\u00fc halifesi HZ. AL\u0130&#8230;<\/p>","protected":false},"featured_media":19862,"template":"","meta":{"spay_email":""},"product_cat":[172],"product_tag":[],"item":[692],"acf":[],"_links":{"self":[{"href":"https:\/\/mgvpublications.com\/de\/wp-json\/wp\/v2\/product\/19863"}],"collection":[{"href":"https:\/\/mgvpublications.com\/de\/wp-json\/wp\/v2\/product"}],"about":[{"href":"https:\/\/mgvpublications.com\/de\/wp-json\/wp\/v2\/types\/product"}],"wp:featuredmedia":[{"embeddable":true,"href":"https:\/\/mgvpublications.com\/de\/wp-json\/wp\/v2\/media\/19862"}],"wp:attachment":[{"href":"https:\/\/mgvpublications.com\/de\/wp-json\/wp\/v2\/media?parent=19863"}],"wp:term":[{"taxonomy":"product_cat","embeddable":true,"href":"https:\/\/mgvpublications.com\/de\/wp-json\/wp\/v2\/product_cat?post=19863"},{"taxonomy":"product_tag","embeddable":true,"href":"https:\/\/mgvpublications.com\/de\/wp-json\/wp\/v2\/product_tag?post=19863"},{"taxonomy":"item","embeddable":true,"href":"https:\/\/mgvpublications.com\/de\/wp-json\/wp\/v2\/item?post=19863"}],"curies":[{"name":"wp","href":"https:\/\/api.w.org\/{rel}","templated":true}]}}