{"id":19855,"date":"2021-07-03T23:35:42","date_gmt":"2021-07-03T21:35:42","guid":{"rendered":"https:\/\/mgvpublications.com\/produkt\/peygamberimizin-guvenilir-arkadasi-abdurrahman-bin-avf\/"},"modified":"2022-03-08T22:54:33","modified_gmt":"2022-03-08T21:54:33","slug":"peygamberimizin-guvenilir-arkadasi-abdurrahman-bin-avf","status":"publish","type":"product","link":"https:\/\/mgvpublications.com\/de\/peygamberimizin-guvenilir-arkadasi-abdurrahman-bin-avf\/","title":{"rendered":"Peygamberimizin G\u00fcvenilir Arkada\u015f\u0131 Abdurrahman Bin Avf"},"content":{"rendered":"<p>Yay\u0131n Tarihi: 07.03.2019<br \/>ISBN: 9786052236642<br \/>Dil: T\u00dcRK\u00c7E<br \/>Sayfa Say\u0131s\u0131: 96<br \/>Cilt Tipi: Karton Kapak<br \/>Ka\u011f\u0131t Cinsi: Kitap Ka\u011f\u0131d\u0131<br \/>Boyut: 13.5 x 19.5 cm<\/p>","protected":false},"excerpt":{"rendered":"<p>Mekke\u2019de do\u011fup b\u00fcy\u00fcd\u00fc. Gen\u00e7 ya\u015fta iyi bir t\u00fcccar oldu. Su gibi i\u00e7ki i\u00e7ilen bir ortamda b\u00fcy\u00fcd\u00fc\u011f\u00fc h\u00e2lde k\u00f6t\u00fcl\u00fcklerden uzak durmay\u0131 ba\u015fard\u0131. Gen\u00e7li\u011finin bahar\u0131nda M\u00fcsl\u00fcman oldu. Emin ve g\u00fcvenilir biriydi. Bu \u00f6zelli\u011fi bizzat Peygamber Efendimiz taraf\u0131ndan bildirilmi\u015fti. Bunu bilen Hz. Ali ve di\u011fer sahabiler ona \u00e7ok g\u00fcvenirlerdi. Bir ayet ya da hadis duydu\u011funda onu \u00f6\u011frenir, uygulamaya gayret eder ve hayat\u0131n\u0131n bir par\u00e7as\u0131 h\u00e2line getirirdi. \u201cPeygamberimize imam olan sahabi\u201d diye tan\u0131n\u0131rd\u0131. Peygamberimiz zaman\u0131nda komutanl\u0131k ve istihbarat gibi bir\u00e7ok g\u00f6revler ald\u0131. O\u2019nun vefat\u0131ndan sonra ise halifelerin g\u00f6z bebe\u011fi oldu. Zek\u00e2t memurlu\u011fu, m\u00fcft\u00fcl\u00fck ve hac emirli\u011fi gibi \u00e7e\u015fitli g\u00f6revlerde bulundu.<\/p>","protected":false},"featured_media":19854,"template":"","meta":{"spay_email":""},"product_cat":[174],"product_tag":[],"item":[692],"acf":[],"_links":{"self":[{"href":"https:\/\/mgvpublications.com\/de\/wp-json\/wp\/v2\/product\/19855"}],"collection":[{"href":"https:\/\/mgvpublications.com\/de\/wp-json\/wp\/v2\/product"}],"about":[{"href":"https:\/\/mgvpublications.com\/de\/wp-json\/wp\/v2\/types\/product"}],"wp:featuredmedia":[{"embeddable":true,"href":"https:\/\/mgvpublications.com\/de\/wp-json\/wp\/v2\/media\/19854"}],"wp:attachment":[{"href":"https:\/\/mgvpublications.com\/de\/wp-json\/wp\/v2\/media?parent=19855"}],"wp:term":[{"taxonomy":"product_cat","embeddable":true,"href":"https:\/\/mgvpublications.com\/de\/wp-json\/wp\/v2\/product_cat?post=19855"},{"taxonomy":"product_tag","embeddable":true,"href":"https:\/\/mgvpublications.com\/de\/wp-json\/wp\/v2\/product_tag?post=19855"},{"taxonomy":"item","embeddable":true,"href":"https:\/\/mgvpublications.com\/de\/wp-json\/wp\/v2\/item?post=19855"}],"curies":[{"name":"wp","href":"https:\/\/api.w.org\/{rel}","templated":true}]}}