{"id":19851,"date":"2021-07-03T23:35:39","date_gmt":"2021-07-03T21:35:39","guid":{"rendered":"https:\/\/mgvpublications.com\/produkt\/peygamberimizin-comert-arkadasi-talha-bin-ubeydullah\/"},"modified":"2022-03-08T22:54:33","modified_gmt":"2022-03-08T21:54:33","slug":"peygamberimizin-comert-arkadasi-talha-bin-ubeydullah","status":"publish","type":"product","link":"https:\/\/mgvpublications.com\/de\/peygamberimizin-comert-arkadasi-talha-bin-ubeydullah\/","title":{"rendered":"Peygamberimizin C\u00f6mert Arkada\u015f\u0131 Talha Bin Ubeydullah"},"content":{"rendered":"<p>Yay\u0131n Tarihi: 07.03.2019<br \/>ISBN: 9786052236604<br \/>Dil: T\u00dcRK\u00c7E<br \/>Sayfa Say\u0131s\u0131: 96<br \/>Cilt Tipi: Karton Kapak<br \/>Ka\u011f\u0131t Cinsi: Kitap Ka\u011f\u0131d\u0131<br \/>Boyut: 13.5 x 19.5 cm<\/p>","protected":false},"excerpt":{"rendered":"<p>Gen\u00e7li\u011finin ilk y\u0131llar\u0131nda m\u00fc\u015friklerin bask\u0131lar\u0131na ra\u011fmen M\u00fcsl\u00fcman oldu. Yap\u0131lan t\u00fcm zul\u00fcm ve i\u015fkencelere sab\u0131rla g\u00f6\u011f\u00fcs gerdi. Gen\u00e7 ya\u015fta ticarete at\u0131ld\u0131 ve \u00e7ok zengin oldu. Lakin paray\u0131, makam ve mevkiyi asla g\u00fc\u00e7 ve kudret arac\u0131 g\u00f6rmedi. Kazanc\u0131n\u0131 Allah yolunda harcama konusunda bir an bile teredd\u00fct etmedi. \u0130nsafl\u0131 biriydi. Hak sahibinin hakk\u0131n\u0131 teslim ederdi. K\u0131skan\u00e7l\u0131k, d\u00fcnyev\u00ee bir menfaat veya ba\u015fka bir sebepten dolay\u0131 birine haks\u0131zl\u0131k yapmazd\u0131. Bedir, Uhud ve di\u011fer sava\u015flarda kahramanl\u0131k destanlar\u0131 yazd\u0131. \u0130sl\u00e2m d\u00fc\u015fmanlar\u0131 Peygamber Efendimize \u00f6ld\u00fcrmek i\u00e7in sald\u0131rd\u0131klar\u0131nda v\u00fccudunu ona siper edenlerden biri oldu. Hz. \u00d6mer d\u00f6neminde maliye bakanl\u0131\u011f\u0131 gibi \u00e7ok \u00f6nemli bir g\u00f6rev icra etti.<\/p>","protected":false},"featured_media":19850,"template":"","meta":{"spay_email":""},"product_cat":[174],"product_tag":[],"item":[692],"acf":[],"_links":{"self":[{"href":"https:\/\/mgvpublications.com\/de\/wp-json\/wp\/v2\/product\/19851"}],"collection":[{"href":"https:\/\/mgvpublications.com\/de\/wp-json\/wp\/v2\/product"}],"about":[{"href":"https:\/\/mgvpublications.com\/de\/wp-json\/wp\/v2\/types\/product"}],"wp:featuredmedia":[{"embeddable":true,"href":"https:\/\/mgvpublications.com\/de\/wp-json\/wp\/v2\/media\/19850"}],"wp:attachment":[{"href":"https:\/\/mgvpublications.com\/de\/wp-json\/wp\/v2\/media?parent=19851"}],"wp:term":[{"taxonomy":"product_cat","embeddable":true,"href":"https:\/\/mgvpublications.com\/de\/wp-json\/wp\/v2\/product_cat?post=19851"},{"taxonomy":"product_tag","embeddable":true,"href":"https:\/\/mgvpublications.com\/de\/wp-json\/wp\/v2\/product_tag?post=19851"},{"taxonomy":"item","embeddable":true,"href":"https:\/\/mgvpublications.com\/de\/wp-json\/wp\/v2\/item?post=19851"}],"curies":[{"name":"wp","href":"https:\/\/api.w.org\/{rel}","templated":true}]}}