{"id":19849,"date":"2021-07-03T23:35:38","date_gmt":"2021-07-03T21:35:38","guid":{"rendered":"https:\/\/mgvpublications.com\/produkt\/elif-okula-basliyor\/"},"modified":"2022-03-08T22:54:32","modified_gmt":"2022-03-08T21:54:32","slug":"elif-okula-basliyor","status":"publish","type":"product","link":"https:\/\/mgvpublications.com\/de\/elif-okula-basliyor\/","title":{"rendered":"Elif Okula Ba\u015fl\u0131yor"},"content":{"rendered":"<p>\u00c7evirmen: Necdet Neydim<br \/>Yay\u0131n Tarihi: 24.05.2019<br \/>ISBN: 9786053601517<br \/>Dil: T\u00dcRK\u00c7E<br \/>Sayfa Say\u0131s\u0131: 24<br \/>Cilt Tipi: Karton Kapak<br \/>Ka\u011f\u0131t Cinsi: Ku\u015fe Ka\u011f\u0131t<\/p>","protected":false},"excerpt":{"rendered":"<p>Yedi ya\u015f\u0131na basan Elif art\u0131k anaokulu yerine okula gidecek. Okuma yazmay\u0131, hesap yapmay\u0131 ve ba\u015fka bir\u00e7ok \u015feyi \u00f6\u011frenip, yeni arkada\u015flar edinecek. Okula gitmek \u00e7ok e\u011flenceli g\u00f6r\u00fcnse de, Elif birazc\u0131k korkuyor. Ancak kay\u0131t olmaya gitti\u011finde, okulun asl\u0131nda g\u00f6r\u00fcnd\u00fc\u011f\u00fcnden \u00e7ok daha e\u011flenceli oldu\u011funu ke\u015ffediyor. Elif\u2019in bu heyecanl\u0131 maceras\u0131na siz de kat\u0131l\u0131n.<\/p>","protected":false},"featured_media":19848,"template":"","meta":{"spay_email":""},"product_cat":[172],"product_tag":[],"item":[336],"acf":[],"_links":{"self":[{"href":"https:\/\/mgvpublications.com\/de\/wp-json\/wp\/v2\/product\/19849"}],"collection":[{"href":"https:\/\/mgvpublications.com\/de\/wp-json\/wp\/v2\/product"}],"about":[{"href":"https:\/\/mgvpublications.com\/de\/wp-json\/wp\/v2\/types\/product"}],"wp:featuredmedia":[{"embeddable":true,"href":"https:\/\/mgvpublications.com\/de\/wp-json\/wp\/v2\/media\/19848"}],"wp:attachment":[{"href":"https:\/\/mgvpublications.com\/de\/wp-json\/wp\/v2\/media?parent=19849"}],"wp:term":[{"taxonomy":"product_cat","embeddable":true,"href":"https:\/\/mgvpublications.com\/de\/wp-json\/wp\/v2\/product_cat?post=19849"},{"taxonomy":"product_tag","embeddable":true,"href":"https:\/\/mgvpublications.com\/de\/wp-json\/wp\/v2\/product_tag?post=19849"},{"taxonomy":"item","embeddable":true,"href":"https:\/\/mgvpublications.com\/de\/wp-json\/wp\/v2\/item?post=19849"}],"curies":[{"name":"wp","href":"https:\/\/api.w.org\/{rel}","templated":true}]}}