{"id":19847,"date":"2021-07-03T23:35:37","date_gmt":"2021-07-03T21:35:37","guid":{"rendered":"https:\/\/mgvpublications.com\/produkt\/sair-tavsan\/"},"modified":"2022-03-08T22:54:32","modified_gmt":"2022-03-08T21:54:32","slug":"sair-tavsan","status":"publish","type":"product","link":"https:\/\/mgvpublications.com\/de\/sair-tavsan\/","title":{"rendered":"\u015eair Tav\u015fan"},"content":{"rendered":"<p>\u00c7evirmen: Ali Berktay<br \/>Yay\u0131n Tarihi: 27.07.2018<br \/>Orijinal Ad\u0131: The Rhyming Rabbit<br \/>ISBN: 9786053328643<br \/>Dil: T\u00dcRK\u00c7E<br \/>Sayfa Say\u0131s\u0131: 32<br \/>Cilt Tipi: Karton Kapak<br \/>Ka\u011f\u0131t Cinsi: Ku\u015fe Ka\u011f\u0131t<br \/>Boyut: 22 x 22 cm<\/p>","protected":false},"excerpt":{"rendered":"<p>Kafiye bulma, \u015fiir yazma yetene\u011fi olan bir tav\u015fan! \u015eair Tav\u015fan, \u00e7evresindeki renklerden ve canl\u0131lardan esinlenerek, durmadan e\u011flenceli dizeler s\u00f6yl\u00fcyordu. Ama di\u011fer tav\u015fanlar\u0131n \u015fiire hi\u00e7 ilgi duymad\u0131klar\u0131n\u0131 g\u00f6r\u00fcnce, yetene\u011fini ba\u015fka yerlerde sergilemeye karar verdi. \u015eair Tav\u015fan\u2019\u0131n yer alt\u0131 maceras\u0131 i\u015fte b\u00f6yle ba\u015flad\u0131.<\/p>","protected":false},"featured_media":19846,"template":"","meta":{"spay_email":""},"product_cat":[172],"product_tag":[],"item":[336],"acf":[],"_links":{"self":[{"href":"https:\/\/mgvpublications.com\/de\/wp-json\/wp\/v2\/product\/19847"}],"collection":[{"href":"https:\/\/mgvpublications.com\/de\/wp-json\/wp\/v2\/product"}],"about":[{"href":"https:\/\/mgvpublications.com\/de\/wp-json\/wp\/v2\/types\/product"}],"wp:featuredmedia":[{"embeddable":true,"href":"https:\/\/mgvpublications.com\/de\/wp-json\/wp\/v2\/media\/19846"}],"wp:attachment":[{"href":"https:\/\/mgvpublications.com\/de\/wp-json\/wp\/v2\/media?parent=19847"}],"wp:term":[{"taxonomy":"product_cat","embeddable":true,"href":"https:\/\/mgvpublications.com\/de\/wp-json\/wp\/v2\/product_cat?post=19847"},{"taxonomy":"product_tag","embeddable":true,"href":"https:\/\/mgvpublications.com\/de\/wp-json\/wp\/v2\/product_tag?post=19847"},{"taxonomy":"item","embeddable":true,"href":"https:\/\/mgvpublications.com\/de\/wp-json\/wp\/v2\/item?post=19847"}],"curies":[{"name":"wp","href":"https:\/\/api.w.org\/{rel}","templated":true}]}}