{"id":19843,"date":"2021-07-03T23:35:36","date_gmt":"2021-07-03T21:35:36","guid":{"rendered":"https:\/\/mgvpublications.com\/produkt\/fihristli-41-yasin-bilgisayar-hatli-turkce-okunuslu-ve-mealli-sesli-cami-boy-kod-yasin032\/"},"modified":"2022-03-08T22:54:32","modified_gmt":"2022-03-08T21:54:32","slug":"fihristli-41-yasin-bilgisayar-hatli-turkce-okunuslu-ve-mealli-sesli-cami-boy-kod-yasin032","status":"publish","type":"product","link":"https:\/\/mgvpublications.com\/de\/fihristli-41-yasin-bilgisayar-hatli-turkce-okunuslu-ve-mealli-sesli-cami-boy-kod-yasin032\/","title":{"rendered":"Fihristli 41 Yasin Bilgisayar Hatl\u0131 T\u00fcrk\u00e7e Okunu\u015flu ve Mealli-Sesli (Cami Boy) (Kod: Yasin032)"},"content":{"rendered":"<p>Yay\u0131n Tarihi: 29.04.2016<br \/>ISBN: 9786055242497<br \/>Bask\u0131 Say\u0131s\u0131: Kas\u0131m Yayla<br \/>Dil: ARAP\u00c7A,T\u00dcRK\u00c7E<br \/>Sayfa Say\u0131s\u0131: 192<br \/>Cilt Tipi: Karton Kapak<br \/>Ka\u011f\u0131t Cinsi: Kitap Ka\u011f\u0131d\u0131<br \/>Boyut: 23.5 x 33 cm<br \/>Derleyici: Kas\u0131m Yayla<\/p>","protected":false},"excerpt":{"rendered":"<p>Yay\u0131n Tarihi: 29.04.2016ISBN: 9786055242497Bask\u0131 Say\u0131s\u0131: Kas\u0131m YaylaDil: ARAP\u00c7A,T\u00dcRK\u00c7ESayfa Say\u0131s\u0131: 192Cilt Tipi: Karton KapakKa\u011f\u0131t Cinsi: Kitap Ka\u011f\u0131d\u0131Boyut: 23.5 x 33 cmDerleyici: Kas\u0131m Yayla<\/p>","protected":false},"featured_media":19842,"template":"","meta":{"spay_email":""},"product_cat":[174],"product_tag":[],"item":[1541],"acf":[],"_links":{"self":[{"href":"https:\/\/mgvpublications.com\/de\/wp-json\/wp\/v2\/product\/19843"}],"collection":[{"href":"https:\/\/mgvpublications.com\/de\/wp-json\/wp\/v2\/product"}],"about":[{"href":"https:\/\/mgvpublications.com\/de\/wp-json\/wp\/v2\/types\/product"}],"wp:featuredmedia":[{"embeddable":true,"href":"https:\/\/mgvpublications.com\/de\/wp-json\/wp\/v2\/media\/19842"}],"wp:attachment":[{"href":"https:\/\/mgvpublications.com\/de\/wp-json\/wp\/v2\/media?parent=19843"}],"wp:term":[{"taxonomy":"product_cat","embeddable":true,"href":"https:\/\/mgvpublications.com\/de\/wp-json\/wp\/v2\/product_cat?post=19843"},{"taxonomy":"product_tag","embeddable":true,"href":"https:\/\/mgvpublications.com\/de\/wp-json\/wp\/v2\/product_tag?post=19843"},{"taxonomy":"item","embeddable":true,"href":"https:\/\/mgvpublications.com\/de\/wp-json\/wp\/v2\/item?post=19843"}],"curies":[{"name":"wp","href":"https:\/\/api.w.org\/{rel}","templated":true}]}}