{"id":19835,"date":"2021-07-03T23:35:34","date_gmt":"2021-07-03T21:35:34","guid":{"rendered":"https:\/\/mgvpublications.com\/produkt\/dunyasizlar\/"},"modified":"2022-03-08T22:54:30","modified_gmt":"2022-03-08T21:54:30","slug":"dunyasizlar","status":"publish","type":"product","link":"https:\/\/mgvpublications.com\/de\/dunyasizlar\/","title":{"rendered":"D\u00fcnyas\u0131zlar"},"content":{"rendered":"<p>Yay\u0131n Tarihi: 07.02.2020<br \/>ISBN: 9786057717481<br \/>Dil: T\u00dcRK\u00c7E<br \/>Sayfa Say\u0131s\u0131: 416<br \/>Cilt Tipi: Karton Kapak<br \/>Ka\u011f\u0131t Cinsi: Kitap Ka\u011f\u0131d\u0131<br \/>Boyut: 13.5 x 19.5 cm<\/p>","protected":false},"excerpt":{"rendered":"<p>\u201cG\u00f6ky\u00fcz\u00fcnde hepimizin yaras\u0131na yetecek kadar y\u0131ld\u0131z var&#8230;\u201d Y\u00fcz\u00fcn\u00fc kaybeden bir k\u0131z&#8230; Esrarengiz bir cinayet&#8230; Ve b\u00fcy\u00fcl\u00fc bir k\u0131\u015f yolculu\u011fu&#8230; G\u00fcn\u00fcm\u00fcz \u0130stanbul\u2019undan \u0130kinci D\u00fcnya Sava\u015f\u0131 y\u0131llar\u0131n\u0131n Sovyetler\u2019ine uzanan D\u00fcnyas\u0131zlar, modern bir Harut ile Marut hik\u00e2yesi. Butimar ve Uzaklar\u0131n \u015eark\u0131s\u0131 romanlar\u0131yla on binlerce okura ula\u015fan \u00f6d\u00fcll\u00fc yazar Kaan Murat Yan\u0131k, yolu edebiyat ve sanattan, Stalin ve Hitler\u2019den, Bak\u00fc ve Leningrad\u2019dan ge\u00e7en bir hik\u00e2ye anlat\u0131yor. D\u00fcnyas\u0131zlar&#8230; S\u00fcr\u00fckleyici bir macera, ak\u0131ldan \u00e7\u0131kmayacak sars\u0131c\u0131 bir a\u015fk masal\u0131. S\u0131rlar\u0131n\u0131 kuyuya f\u0131s\u0131ldayanlara, y\u0131ld\u0131z\u0131n\u0131 aramaktan vazge\u00e7meyenlere&#8230; \u0130\u00c7\u0130NDEN \u00c7IKAMAYACAKSINIZ!<\/p>","protected":false},"featured_media":21453,"template":"","meta":{"spay_email":""},"product_cat":[168],"product_tag":[],"item":[716],"acf":[],"_links":{"self":[{"href":"https:\/\/mgvpublications.com\/de\/wp-json\/wp\/v2\/product\/19835"}],"collection":[{"href":"https:\/\/mgvpublications.com\/de\/wp-json\/wp\/v2\/product"}],"about":[{"href":"https:\/\/mgvpublications.com\/de\/wp-json\/wp\/v2\/types\/product"}],"wp:featuredmedia":[{"embeddable":true,"href":"https:\/\/mgvpublications.com\/de\/wp-json\/wp\/v2\/media\/21453"}],"wp:attachment":[{"href":"https:\/\/mgvpublications.com\/de\/wp-json\/wp\/v2\/media?parent=19835"}],"wp:term":[{"taxonomy":"product_cat","embeddable":true,"href":"https:\/\/mgvpublications.com\/de\/wp-json\/wp\/v2\/product_cat?post=19835"},{"taxonomy":"product_tag","embeddable":true,"href":"https:\/\/mgvpublications.com\/de\/wp-json\/wp\/v2\/product_tag?post=19835"},{"taxonomy":"item","embeddable":true,"href":"https:\/\/mgvpublications.com\/de\/wp-json\/wp\/v2\/item?post=19835"}],"curies":[{"name":"wp","href":"https:\/\/api.w.org\/{rel}","templated":true}]}}