{"id":19831,"date":"2021-07-03T23:35:31","date_gmt":"2021-07-03T21:35:31","guid":{"rendered":"https:\/\/mgvpublications.com\/produkt\/kuslarin-dili\/"},"modified":"2022-03-08T22:54:30","modified_gmt":"2022-03-08T21:54:30","slug":"kuslarin-dili","status":"publish","type":"product","link":"https:\/\/mgvpublications.com\/de\/kuslarin-dili\/","title":{"rendered":"Ku\u015flar\u0131n Dili"},"content":{"rendered":"<p>Yay\u0131n Tarihi: 01.10.2015<br \/>ISBN: 9789754730074<br \/>Dil: T\u00dcRK\u00c7E<br \/>Sayfa Say\u0131s\u0131: 96<br \/>Cilt Tipi: Karton Kapak<br \/>Ka\u011f\u0131t Cinsi: Kitap Ka\u011f\u0131d\u0131<br \/>Boyut: 12.5 x 19.5 cm<\/p>","protected":false},"excerpt":{"rendered":"<p>G\u00fcl\u00fcc\u00fck \u00c7ocuk Kitaplar\u0131 Dizisi i\u00e7inde k\u00fclt\u00fcr\u00fcm\u00fcz\u00fcn temel klasik eserlerini sadele\u015ftirerek yay\u0131nlamay\u0131 ama\u00e7l\u0131yoruz. Mantuku&#8217;t Tayr, Ferid\u00fcddin Attar&#8217;\u0131n en bilinen eseridir. Ku\u015flar\u0131n bir yolculu\u011fa \u00e7\u0131kmalar\u0131 ve ya\u015fad\u0131klar\u0131 ilgin\u00e7 olaylar\u0131 anlat\u0131yor bu kitap. \u015eiirimizin ve \u00e7ocuk edebiyat\u0131m\u0131z\u0131n \u00f6nde gelen yazarlar\u0131ndan Cahit Zarifo\u011flu&#8217;nun &#8220;Ku\u015flar\u0131n Dili&#8221; ad\u0131yla yeniden yazd\u0131\u011f\u0131 bu kitab\u0131 \u00e7ocuklar\u0131m\u0131z\u0131n severek okuyaca\u011f\u0131na inan\u0131yoruz.<\/p>","protected":false},"featured_media":19830,"template":"","meta":{"spay_email":""},"product_cat":[172],"product_tag":[],"item":[389],"acf":[],"_links":{"self":[{"href":"https:\/\/mgvpublications.com\/de\/wp-json\/wp\/v2\/product\/19831"}],"collection":[{"href":"https:\/\/mgvpublications.com\/de\/wp-json\/wp\/v2\/product"}],"about":[{"href":"https:\/\/mgvpublications.com\/de\/wp-json\/wp\/v2\/types\/product"}],"wp:featuredmedia":[{"embeddable":true,"href":"https:\/\/mgvpublications.com\/de\/wp-json\/wp\/v2\/media\/19830"}],"wp:attachment":[{"href":"https:\/\/mgvpublications.com\/de\/wp-json\/wp\/v2\/media?parent=19831"}],"wp:term":[{"taxonomy":"product_cat","embeddable":true,"href":"https:\/\/mgvpublications.com\/de\/wp-json\/wp\/v2\/product_cat?post=19831"},{"taxonomy":"product_tag","embeddable":true,"href":"https:\/\/mgvpublications.com\/de\/wp-json\/wp\/v2\/product_tag?post=19831"},{"taxonomy":"item","embeddable":true,"href":"https:\/\/mgvpublications.com\/de\/wp-json\/wp\/v2\/item?post=19831"}],"curies":[{"name":"wp","href":"https:\/\/api.w.org\/{rel}","templated":true}]}}