{"id":19829,"date":"2021-07-03T23:35:30","date_gmt":"2021-07-03T21:35:30","guid":{"rendered":"https:\/\/mgvpublications.com\/produkt\/kucuk-sehzade\/"},"modified":"2022-03-08T22:54:30","modified_gmt":"2022-03-08T21:54:30","slug":"kucuk-sehzade","status":"publish","type":"product","link":"https:\/\/mgvpublications.com\/de\/kucuk-sehzade\/","title":{"rendered":"K\u00fc\u00e7\u00fck \u015eehzade"},"content":{"rendered":"<p>Yay\u0131n Tarihi: 01.10.2015<br \/>ISBN: 9789754731262<br \/>Dil: T\u00dcRK\u00c7E<br \/>Sayfa Say\u0131s\u0131: 96<br \/>Cilt Tipi: Karton Kapak<br \/>Ka\u011f\u0131t Cinsi: Kitap Ka\u011f\u0131d\u0131<br \/>Boyut: 12.5 x 19.5 cm<\/p>","protected":false},"excerpt":{"rendered":"<p>&#8220;Saray\u0131n bah\u00e7esindeki f\u0131skiyeli havuzun su sesleri dalga dalga meyve a\u011fa\u00e7lar\u0131n\u0131n \u00fczerine d\u00f6k\u00fcl\u00fcyor. Ko\u015fmaktan yorulan \u00e7ocuklar a\u011fa\u00e7 diplerine, g\u00f6lgelere s\u0131\u011f\u0131nm\u0131\u015flar. Kimi hal\u0131lar\u0131n \u00fczerine ba\u015flar\u0131n\u0131 koymu\u015f \u00e7oktan uyumu\u015flar. Lalalar\u0131 onlar\u0131n y\u00fczlerine konan sinekleri ipek bir t\u00fclbentle koval\u0131yor. Ve kendi g\u00f6zlerini kapamaya \u00e7al\u0131\u015fan uykuya kar\u015f\u0131 direniyorlar.&#8221;<\/p>","protected":false},"featured_media":19828,"template":"","meta":{"spay_email":""},"product_cat":[172],"product_tag":[],"item":[389],"acf":[],"_links":{"self":[{"href":"https:\/\/mgvpublications.com\/de\/wp-json\/wp\/v2\/product\/19829"}],"collection":[{"href":"https:\/\/mgvpublications.com\/de\/wp-json\/wp\/v2\/product"}],"about":[{"href":"https:\/\/mgvpublications.com\/de\/wp-json\/wp\/v2\/types\/product"}],"wp:featuredmedia":[{"embeddable":true,"href":"https:\/\/mgvpublications.com\/de\/wp-json\/wp\/v2\/media\/19828"}],"wp:attachment":[{"href":"https:\/\/mgvpublications.com\/de\/wp-json\/wp\/v2\/media?parent=19829"}],"wp:term":[{"taxonomy":"product_cat","embeddable":true,"href":"https:\/\/mgvpublications.com\/de\/wp-json\/wp\/v2\/product_cat?post=19829"},{"taxonomy":"product_tag","embeddable":true,"href":"https:\/\/mgvpublications.com\/de\/wp-json\/wp\/v2\/product_tag?post=19829"},{"taxonomy":"item","embeddable":true,"href":"https:\/\/mgvpublications.com\/de\/wp-json\/wp\/v2\/item?post=19829"}],"curies":[{"name":"wp","href":"https:\/\/api.w.org\/{rel}","templated":true}]}}