{"id":19827,"date":"2021-07-03T23:35:30","date_gmt":"2021-07-03T21:35:30","guid":{"rendered":"https:\/\/mgvpublications.com\/produkt\/gulucuk\/"},"modified":"2022-03-08T22:54:29","modified_gmt":"2022-03-08T21:54:29","slug":"gulucuk","status":"publish","type":"product","link":"https:\/\/mgvpublications.com\/de\/gulucuk\/","title":{"rendered":"G\u00fcl\u00fcc\u00fck"},"content":{"rendered":"<p>Yay\u0131n Tarihi: 01.10.2015<br \/>ISBN: 9789754731231<br \/>Dil: T\u00dcRK\u00c7E<br \/>Sayfa Say\u0131s\u0131: 62<br \/>Cilt Tipi: Karton Kapak<br \/>Ka\u011f\u0131t Cinsi: Kitap Ka\u011f\u0131d\u0131<br \/>Boyut: 12.5 x 19.5 cm<br \/>Di\u011fer \u00d6zellik: Resimli<\/p>","protected":false},"excerpt":{"rendered":"<p>Cahit Zarifo\u011flu b\u00fcy\u00fck bir \u015fairdir. \u00c7ocuklar i\u00e7in yazd\u0131\u011f\u0131 ve &#8220;G\u00fcl\u00fcc\u00fck&#8221; ad\u0131n\u0131 verdi\u011fi \u015fiir kitab\u0131 \u00e7ocukluk \u00e7a\u011f\u0131n\u0131 anlatan en g\u00fczel \u015fiirlerden olu\u015fuyor. G\u00fcler y\u00fczl\u00fc bir \u015fairin \u00e7ocuklarla oyun oynar gibi yazd\u0131\u011f\u0131 s\u0131cak, s\u0131ms\u0131cak \u015fiirlerini okuduk\u00e7a \u015fiiri seveceksiniz. \u00c7\u00fcnk\u00fc Cahit Zarifo\u011flu \u00e7ocuklara g\u00fcl\u00fcc\u00fcklerini sunuyor.<\/p>","protected":false},"featured_media":19826,"template":"","meta":{"spay_email":""},"product_cat":[172],"product_tag":[],"item":[389],"acf":[],"_links":{"self":[{"href":"https:\/\/mgvpublications.com\/de\/wp-json\/wp\/v2\/product\/19827"}],"collection":[{"href":"https:\/\/mgvpublications.com\/de\/wp-json\/wp\/v2\/product"}],"about":[{"href":"https:\/\/mgvpublications.com\/de\/wp-json\/wp\/v2\/types\/product"}],"wp:featuredmedia":[{"embeddable":true,"href":"https:\/\/mgvpublications.com\/de\/wp-json\/wp\/v2\/media\/19826"}],"wp:attachment":[{"href":"https:\/\/mgvpublications.com\/de\/wp-json\/wp\/v2\/media?parent=19827"}],"wp:term":[{"taxonomy":"product_cat","embeddable":true,"href":"https:\/\/mgvpublications.com\/de\/wp-json\/wp\/v2\/product_cat?post=19827"},{"taxonomy":"product_tag","embeddable":true,"href":"https:\/\/mgvpublications.com\/de\/wp-json\/wp\/v2\/product_tag?post=19827"},{"taxonomy":"item","embeddable":true,"href":"https:\/\/mgvpublications.com\/de\/wp-json\/wp\/v2\/item?post=19827"}],"curies":[{"name":"wp","href":"https:\/\/api.w.org\/{rel}","templated":true}]}}