{"id":19823,"date":"2021-07-03T23:35:29","date_gmt":"2021-07-03T21:35:29","guid":{"rendered":"https:\/\/mgvpublications.com\/produkt\/agac-okul\/"},"modified":"2022-03-08T22:54:29","modified_gmt":"2022-03-08T21:54:29","slug":"agac-okul","status":"publish","type":"product","link":"https:\/\/mgvpublications.com\/de\/agac-okul\/","title":{"rendered":"A\u011fa\u00e7 Okul"},"content":{"rendered":"<p>Yay\u0131n Tarihi: 01.10.2015<br \/>ISBN: 9789754730739<br \/>Dil: T\u00dcRK\u00c7E<br \/>Sayfa Say\u0131s\u0131: 95<br \/>Cilt Tipi: Karton Kapak<br \/>Ka\u011f\u0131t Cinsi: Kitap Ka\u011f\u0131d\u0131<br \/>Boyut: 12 x 19 cm<\/p>","protected":false},"excerpt":{"rendered":"<p>&#8220;Afganistan olay\u0131 sessiz kal\u0131nacak bir olay de\u011fil. Fakat bu biraz da miza\u00e7 i\u015fidir diyebilirim. Bir heyecan i\u015fi. Bir \u015fairin binlerce kilometre uzaktan bir heyecan\u0131 duymas\u0131 ise olduk\u00e7a kolay. Ben ilgilendim, onda enteresan dinamikler yakalad\u0131m, zaman zaman \u015fiirle\u015ftirdim bunu.&#8221;<\/p>","protected":false},"featured_media":19822,"template":"","meta":{"spay_email":""},"product_cat":[172],"product_tag":[],"item":[389],"acf":[],"_links":{"self":[{"href":"https:\/\/mgvpublications.com\/de\/wp-json\/wp\/v2\/product\/19823"}],"collection":[{"href":"https:\/\/mgvpublications.com\/de\/wp-json\/wp\/v2\/product"}],"about":[{"href":"https:\/\/mgvpublications.com\/de\/wp-json\/wp\/v2\/types\/product"}],"wp:featuredmedia":[{"embeddable":true,"href":"https:\/\/mgvpublications.com\/de\/wp-json\/wp\/v2\/media\/19822"}],"wp:attachment":[{"href":"https:\/\/mgvpublications.com\/de\/wp-json\/wp\/v2\/media?parent=19823"}],"wp:term":[{"taxonomy":"product_cat","embeddable":true,"href":"https:\/\/mgvpublications.com\/de\/wp-json\/wp\/v2\/product_cat?post=19823"},{"taxonomy":"product_tag","embeddable":true,"href":"https:\/\/mgvpublications.com\/de\/wp-json\/wp\/v2\/product_tag?post=19823"},{"taxonomy":"item","embeddable":true,"href":"https:\/\/mgvpublications.com\/de\/wp-json\/wp\/v2\/item?post=19823"}],"curies":[{"name":"wp","href":"https:\/\/api.w.org\/{rel}","templated":true}]}}