{"id":19821,"date":"2021-07-03T23:35:28","date_gmt":"2021-07-03T21:35:28","guid":{"rendered":"https:\/\/mgvpublications.com\/produkt\/ben-bir-gurgen-daliyim-karton-kapak\/"},"modified":"2022-03-08T22:54:29","modified_gmt":"2022-03-08T21:54:29","slug":"ben-bir-gurgen-daliyim-karton-kapak","status":"publish","type":"product","link":"https:\/\/mgvpublications.com\/de\/ben-bir-gurgen-daliyim-karton-kapak\/","title":{"rendered":"Ben Bir G\u00fcrgen Dal\u0131y\u0131m (Karton Kapak)"},"content":{"rendered":"<p>Yay\u0131n Tarihi: 30.10.2020<br \/>ISBN: 9786051850412<br \/>Dil: T\u00dcRK\u00c7E<br \/>Sayfa Say\u0131s\u0131: 160<br \/>Cilt Tipi: Karton Kapak<br \/>Ka\u011f\u0131t Cinsi: Kitap Ka\u011f\u0131d\u0131<br \/>Boyut: 14 x 18.5 cm<\/p>","protected":false},"excerpt":{"rendered":"<p>Hasan Ali Topta\u015f \u201c\u00e7ocuk akl\u0131\u201dn\u0131n hikmet dolu bilincini bir g\u00fcrgen dal\u0131na terc\u00fcme ediyor ve insanl\u0131\u011f\u0131m\u0131za onun g\u00f6z\u00fcyle bakmam\u0131z\u0131 sa\u011fl\u0131yor. Ben Bir G\u00fcrgen Dal\u0131y\u0131m; yemye\u015fil umutlar\u0131n, horg\u00f6r\u00fclen ufuklar\u0131n, kaybedilen zamanlar\u0131n, bitmeyen zul\u00fcm \u00e7arklar\u0131n\u0131n, ama asla s\u00f6nmeyen bir inanc\u0131n hik\u00e2yesi\u2026 \u201cHerh\u00e2lde beni tuhaf bir ku\u015fa benzetmi\u015flerdi. Belki de onlar\u0131n g\u00f6z\u00fcnde, masallardan \u00e7\u0131k\u0131p gelmi\u015ftim ben, ne yapaca\u011f\u0131m\u0131 kestiremeden, k\u00f6y\u00fcn \u00fcst\u00fcnde \u00f6ylece, kendi h\u0131z\u0131m\u0131n i\u00e7inde kaybolmu\u015f\u00e7as\u0131na u\u00e7up duruyordum. Ola ki ba\u015fka bir masala gidecektim ama, hen\u00fcz o masal yarat\u0131lmam\u0131\u015ft\u0131. Bu y\u00fczden, oralarda oyalan\u0131p vakit ge\u00e7iriyordum. Hi\u00e7 ku\u015fkusuz, beni anlatacak olan masal s\u00f6ylenir s\u00f6ylenmez u\u00e7up gidecektim.\u201d<\/p>","protected":false},"featured_media":19820,"template":"","meta":{"spay_email":""},"product_cat":[168],"product_tag":[],"item":[416],"acf":[],"_links":{"self":[{"href":"https:\/\/mgvpublications.com\/de\/wp-json\/wp\/v2\/product\/19821"}],"collection":[{"href":"https:\/\/mgvpublications.com\/de\/wp-json\/wp\/v2\/product"}],"about":[{"href":"https:\/\/mgvpublications.com\/de\/wp-json\/wp\/v2\/types\/product"}],"wp:featuredmedia":[{"embeddable":true,"href":"https:\/\/mgvpublications.com\/de\/wp-json\/wp\/v2\/media\/19820"}],"wp:attachment":[{"href":"https:\/\/mgvpublications.com\/de\/wp-json\/wp\/v2\/media?parent=19821"}],"wp:term":[{"taxonomy":"product_cat","embeddable":true,"href":"https:\/\/mgvpublications.com\/de\/wp-json\/wp\/v2\/product_cat?post=19821"},{"taxonomy":"product_tag","embeddable":true,"href":"https:\/\/mgvpublications.com\/de\/wp-json\/wp\/v2\/product_tag?post=19821"},{"taxonomy":"item","embeddable":true,"href":"https:\/\/mgvpublications.com\/de\/wp-json\/wp\/v2\/item?post=19821"}],"curies":[{"name":"wp","href":"https:\/\/api.w.org\/{rel}","templated":true}]}}