{"id":19817,"date":"2021-07-03T23:35:27","date_gmt":"2021-07-03T21:35:27","guid":{"rendered":"https:\/\/mgvpublications.com\/produkt\/karayiplerde-hazine-avi-kaplan-gozu-maceralari\/"},"modified":"2022-03-08T22:54:29","modified_gmt":"2022-03-08T21:54:29","slug":"karayiplerde-hazine-avi-kaplan-gozu-maceralari","status":"publish","type":"product","link":"https:\/\/mgvpublications.com\/de\/karayiplerde-hazine-avi-kaplan-gozu-maceralari\/","title":{"rendered":"Karayipler&#8217;de Hazine Av\u0131 \/ Kaplan G\u00f6z\u00fc Maceralar\u0131"},"content":{"rendered":"<p>\u00c7evirmen: Recep \u00d6zbay<br \/>Yay\u0131n Tarihi: 11.07.2018<br \/>ISBN: 9786052955062<br \/>Dil: T\u00dcRK\u00c7E<br \/>Sayfa Say\u0131s\u0131: 128<br \/>Cilt Tipi: Karton Kapak<br \/>Ka\u011f\u0131t Cinsi: Kitap Ka\u011f\u0131d\u0131<br \/>Boyut: 13 x 19.5 cm<\/p>","protected":false},"excerpt":{"rendered":"<p>Luzie mutluluktan u\u00e7uyordu, gemi kaptan\u0131 olan babas\u0131 bir ara\u015ft\u0131rma \u015firketi taraf\u0131ndan Karayipler\u2019de bir gemi bat\u0131\u011f\u0131n\u0131 \u00e7\u0131karmak i\u00e7in g\u00f6revlendirilmi\u015fti. Luzie de bu maceraya kat\u0131ld\u0131 ve Constantia gemisiyle a\u00e7\u0131k denizlerde yol ald\u0131lar. Ama denizin dibindeki hazinenin pe\u015finde olan sadece onlar de\u011fildi\u2026<\/p>","protected":false},"featured_media":19816,"template":"","meta":{"spay_email":""},"product_cat":[172],"product_tag":[],"item":[336],"acf":[],"_links":{"self":[{"href":"https:\/\/mgvpublications.com\/de\/wp-json\/wp\/v2\/product\/19817"}],"collection":[{"href":"https:\/\/mgvpublications.com\/de\/wp-json\/wp\/v2\/product"}],"about":[{"href":"https:\/\/mgvpublications.com\/de\/wp-json\/wp\/v2\/types\/product"}],"wp:featuredmedia":[{"embeddable":true,"href":"https:\/\/mgvpublications.com\/de\/wp-json\/wp\/v2\/media\/19816"}],"wp:attachment":[{"href":"https:\/\/mgvpublications.com\/de\/wp-json\/wp\/v2\/media?parent=19817"}],"wp:term":[{"taxonomy":"product_cat","embeddable":true,"href":"https:\/\/mgvpublications.com\/de\/wp-json\/wp\/v2\/product_cat?post=19817"},{"taxonomy":"product_tag","embeddable":true,"href":"https:\/\/mgvpublications.com\/de\/wp-json\/wp\/v2\/product_tag?post=19817"},{"taxonomy":"item","embeddable":true,"href":"https:\/\/mgvpublications.com\/de\/wp-json\/wp\/v2\/item?post=19817"}],"curies":[{"name":"wp","href":"https:\/\/api.w.org\/{rel}","templated":true}]}}