{"id":19809,"date":"2021-07-02T12:05:51","date_gmt":"2021-07-02T10:05:51","guid":{"rendered":"https:\/\/mgvpublications.com\/?post_type=product&#038;p=19809"},"modified":"2022-06-14T13:13:02","modified_gmt":"2022-06-14T11:13:02","slug":"dogu-bati-arasinda-islam","status":"publish","type":"product","link":"https:\/\/mgvpublications.com\/de\/dogu-bati-arasinda-islam\/","title":{"rendered":"Do\u011fu Bat\u0131 Aras\u0131nda \u0130slam"},"content":{"rendered":"<table>\n<tbody>\n<tr>\n<td>\u00c7evirmen:<\/td>\n<td><a href=\"https:\/\/www.kitapyurdu.com\/yazar\/edina-nurikic\/214426.html\" target=\"_blank\" rel=\"noopener\">Edina Nuriki\u00e7<\/a><\/td>\n<\/tr>\n<tr>\n<td>Yay\u0131n Tarihi:<\/td>\n<td>04.11.2019<\/td>\n<\/tr>\n<tr>\n<td>ISBN:<\/td>\n<td>9786057949325<\/td>\n<\/tr>\n<tr>\n<td>Dil:<\/td>\n<td>T\u00dcRK\u00c7E<\/td>\n<\/tr>\n<tr>\n<td>Sayfa Say\u0131s\u0131:<\/td>\n<td>400<\/td>\n<\/tr>\n<tr>\n<td>Cilt Tipi:<\/td>\n<td>Karton Kapak<\/td>\n<\/tr>\n<tr>\n<td>Ka\u011f\u0131t Cinsi:<\/td>\n<td>Kitap Ka\u011f\u0131d\u0131<\/td>\n<\/tr>\n<tr>\n<td>Boyut:<\/td>\n<td>13.5 x 21 cm<\/td>\n<\/tr>\n<\/tbody>\n<\/table>","protected":false},"excerpt":{"rendered":"<p>Son y\u00fczy\u0131l\u0131n en \u00f6nemli M\u00fcsl\u00fcman d\u00fc\u015f\u00fcn\u00fcr ve devlet adamlar\u0131ndan birisi olan Aliya \u0130zetbegovi\u00e7\u2019in ba\u015fyap\u0131t\u0131 say\u0131lan Do\u011fu Bat\u0131 Aras\u0131nda \u0130slam, b\u00fcy\u00fck bir bilgi birikimini derin bir tefekk\u00fcr ile harmanlayarak geni\u015f bir bak\u0131\u015f a\u00e7\u0131s\u0131 sunuyor. Felsefe, sanat ve sosyoloji gibi disiplinlerin k\u00fclt\u00fcrel \u00f6\u011felerle etkile\u015fimlerini temel alan bir d\u00fc\u015f\u00fcnce sistemati\u011fi in\u015fa eden \u0130zetbegovi\u00e7, \u0130slam\u2019\u0131n ku\u015fat\u0131c\u0131 ve d\u00f6n\u00fc\u015ft\u00fcr\u00fcc\u00fc \u00f6z\u00fcne do\u011fru bir yol izliyor. Do\u011fu\u2019da ve Bat\u0131\u2019da, \u0130slam\u2019\u0131n b\u00fct\u00fcn g\u00fczelliklerini t\u0131pk\u0131 g\u00fcne\u015fin hareketlerini takip eder gibi modern d\u00fcnyan\u0131n karanl\u0131k yanlar\u0131na ula\u015ft\u0131rmak isteyen bu eser ayn\u0131 zamanda \u00f6rnek bir ya\u015fam\u0131n da \u00fcr\u00fcn\u00fc.<\/p>","protected":false},"featured_media":19811,"template":"","meta":{"spay_email":""},"product_cat":[1537],"product_tag":[],"item":[392],"acf":[],"_links":{"self":[{"href":"https:\/\/mgvpublications.com\/de\/wp-json\/wp\/v2\/product\/19809"}],"collection":[{"href":"https:\/\/mgvpublications.com\/de\/wp-json\/wp\/v2\/product"}],"about":[{"href":"https:\/\/mgvpublications.com\/de\/wp-json\/wp\/v2\/types\/product"}],"wp:featuredmedia":[{"embeddable":true,"href":"https:\/\/mgvpublications.com\/de\/wp-json\/wp\/v2\/media\/19811"}],"wp:attachment":[{"href":"https:\/\/mgvpublications.com\/de\/wp-json\/wp\/v2\/media?parent=19809"}],"wp:term":[{"taxonomy":"product_cat","embeddable":true,"href":"https:\/\/mgvpublications.com\/de\/wp-json\/wp\/v2\/product_cat?post=19809"},{"taxonomy":"product_tag","embeddable":true,"href":"https:\/\/mgvpublications.com\/de\/wp-json\/wp\/v2\/product_tag?post=19809"},{"taxonomy":"item","embeddable":true,"href":"https:\/\/mgvpublications.com\/de\/wp-json\/wp\/v2\/item?post=19809"}],"curies":[{"name":"wp","href":"https:\/\/api.w.org\/{rel}","templated":true}]}}