{"id":19720,"date":"2021-05-10T00:06:46","date_gmt":"2021-05-09T22:06:46","guid":{"rendered":"https:\/\/mgvpublications.com\/?post_type=product&#038;p=19720"},"modified":"2022-03-08T22:54:26","modified_gmt":"2022-03-08T21:54:26","slug":"davetciye-notlar-davetcinin-yol-azigi","status":"publish","type":"product","link":"https:\/\/mgvpublications.com\/de\/davetciye-notlar-davetcinin-yol-azigi\/","title":{"rendered":"Davet\u00e7iye Notlar \/ Davet\u00e7inin Yol Az\u0131\u011f\u0131"},"content":{"rendered":"<table>\n<tbody>\n<tr>\n<td>\u00c7evirmen:<\/td>\n<td><a href=\"https:\/\/www.kitapyurdu.com\/yazar\/yrd-doc-dr-tevhid-ayengin\/13499.html\" target=\"_blank\" rel=\"noopener\">Yrd. Do\u00e7. Dr. Tevhid Ayengin<\/a><\/td>\n<\/tr>\n<tr>\n<td>Dil:<\/td>\n<td>T\u00dcRK\u00c7E<\/td>\n<\/tr>\n<tr>\n<td>Sayfa Say\u0131s\u0131:<\/td>\n<td>154<\/td>\n<\/tr>\n<tr>\n<td>Cilt Tipi:<\/td>\n<td>Karton Kapak<\/td>\n<\/tr>\n<tr>\n<td>Ka\u011f\u0131t Cinsi:<\/td>\n<td>2. Hm. Ka\u011f\u0131t<\/td>\n<\/tr>\n<tr>\n<td>Boyut:<\/td>\n<td>12.5 x 19.5 cm<\/td>\n<\/tr>\n<\/tbody>\n<\/table>","protected":false},"excerpt":{"rendered":"<div class=\"top-block\">\n<div class=\"pr_description\">\n<div id=\"description_text\" class=\"readmore-js-section readmore-js-collapsed\"><span class=\"info__text\">Bu kitap, \u0130sl\u00e2m davet\u00e7ilerinin kar\u015f\u0131la\u015fabilecekleri sorunlar\u0131 \u00e7\u00f6z\u00fcmlemek, Rabb\u00e2n\u00ee olarak ya\u015farlarken gelmesi muhtemel sald\u0131r\u0131lara Allah&#8217;\u0131n yard\u0131m\u0131 ile kar\u015f\u0131 koyabilmek i\u00e7in gerekli olan im\u00e2n\u00ee \u00f6zelliklerden bahsetmektedir. Bu kitapta anlat\u0131lanlar a\u00e7\u0131k\u00e7a g\u00f6steriyor ki, \u0130sl\u00e2m davet\u00e7ilerinin kurtulu\u015fu ancak rabb\u00e2n\u00ee olmalar\u0131yla m\u00fcmk\u00fcnd\u00fcr. Davet\u00e7ilerin kar\u015f\u0131l\u015fat\u0131klar\u0131 zorluklar\u0131n, sapmalar\u0131n temelinde, ba\u015fkalar\u0131na tebli\u011f ettikleri \u015feyleri kendilerinin yapmamalar\u0131, bu tebli\u011fden kendi nefislerini etkileyememeleri ger\u00e7e\u011fi yat\u0131yor. \u015eunu \u00f6zellikle ve \u00f6ncelikle bilelim ki davet\u00e7i ba\u015fkalar\u0131ndan \u00f6nce kendisine \u00f6nem vermelidir. Ba\u015fkalar\u0131n\u0131 d\u00fczeltmek i\u00e7in ay\u0131rd\u0131klar\u0131 vakitden daha fazlas\u0131n\u0131 kendilerine ay\u0131rmal\u0131d\u0131rlar. \u00c7\u00fcnk\u00fc kendisini g\u00fczel bir \u015fekilde e\u011fitip, terbiye eden kimse, kendisini unutup ba\u015fkas\u0131n\u0131 terbiye etmeye \u00e7al\u0131\u015fandan daha \u00fcst\u00fcnd\u00fcr. &#8220;Ey Karde\u015flerim! Kur&#8217;an&#8217;\u0131 kalplerinize hakim k\u0131l\u0131n ki, toplumunuza da hakim k\u0131labilesiniz.&#8221;<br \/>\nFethi Yeken<br \/>\n<\/span><\/div>\n<p><a class=\"readmore-js-toggle\" href=\"https:\/\/www.kitapyurdu.com\/kitap\/davetciye-notlar--davetcinin-yol-azigi\/28126.html&amp;filter_name=Davet\u00e7iye Notlar \/ Davet\u00e7inin Yol Az\u0131\u011f\u0131#\">devam\u0131n\u0131 oku<\/a><\/div>\n<\/div>\n<div class=\"bottom-block\">\n<div class=\"pr_attributes\"><\/div>\n<\/div>","protected":false},"featured_media":19721,"template":"","meta":{"spay_email":""},"product_cat":[174],"product_tag":[],"item":[1750],"acf":[],"_links":{"self":[{"href":"https:\/\/mgvpublications.com\/de\/wp-json\/wp\/v2\/product\/19720"}],"collection":[{"href":"https:\/\/mgvpublications.com\/de\/wp-json\/wp\/v2\/product"}],"about":[{"href":"https:\/\/mgvpublications.com\/de\/wp-json\/wp\/v2\/types\/product"}],"wp:featuredmedia":[{"embeddable":true,"href":"https:\/\/mgvpublications.com\/de\/wp-json\/wp\/v2\/media\/19721"}],"wp:attachment":[{"href":"https:\/\/mgvpublications.com\/de\/wp-json\/wp\/v2\/media?parent=19720"}],"wp:term":[{"taxonomy":"product_cat","embeddable":true,"href":"https:\/\/mgvpublications.com\/de\/wp-json\/wp\/v2\/product_cat?post=19720"},{"taxonomy":"product_tag","embeddable":true,"href":"https:\/\/mgvpublications.com\/de\/wp-json\/wp\/v2\/product_tag?post=19720"},{"taxonomy":"item","embeddable":true,"href":"https:\/\/mgvpublications.com\/de\/wp-json\/wp\/v2\/item?post=19720"}],"curies":[{"name":"wp","href":"https:\/\/api.w.org\/{rel}","templated":true}]}}