{"id":19705,"date":"2021-05-09T23:47:36","date_gmt":"2021-05-09T21:47:36","guid":{"rendered":"https:\/\/mgvpublications.com\/?post_type=product&#038;p=19705"},"modified":"2022-03-08T22:54:24","modified_gmt":"2022-03-08T21:54:24","slug":"rafadan-tayfa-egleniyor-turnuva","status":"publish","type":"product","link":"https:\/\/mgvpublications.com\/de\/rafadan-tayfa-egleniyor-turnuva\/","title":{"rendered":"Rafadan Tayfa E\u011fleniyor \/ Turnuva"},"content":{"rendered":"<table>\n<tbody>\n<tr>\n<td>Derleyici:<\/td>\n<td><a href=\"https:\/\/www.kitapyurdu.com\/yazar\/aysenur-gonen\/195166.html\" target=\"_blank\" rel=\"noopener\">Ay\u015fenur G\u00f6nen<\/a><\/td>\n<\/tr>\n<tr>\n<td>Yay\u0131n Tarihi:<\/td>\n<td>28.01.2021<\/td>\n<\/tr>\n<tr>\n<td>ISBN:<\/td>\n<td>9786052790427<\/td>\n<\/tr>\n<tr>\n<td>Dil:<\/td>\n<td>T\u00dcRK\u00c7E<\/td>\n<\/tr>\n<tr>\n<td>Sayfa Say\u0131s\u0131:<\/td>\n<td>48<\/td>\n<\/tr>\n<tr>\n<td>Cilt Tipi:<\/td>\n<td>Karton Kapak<\/td>\n<\/tr>\n<tr>\n<td>Ka\u011f\u0131t Cinsi:<\/td>\n<td>Kitap Ka\u011f\u0131d\u0131<\/td>\n<\/tr>\n<tr>\n<td>Boyut:<\/td>\n<td>13.5 x 19.5 cm<\/td>\n<\/tr>\n<tr>\n<td>Di\u011fer \u00d6zellik:<\/td>\n<td>7  Ya\u015f<\/td>\n<\/tr>\n<\/tbody>\n<\/table>","protected":false},"excerpt":{"rendered":"<div class=\"top-block\">\n<div class=\"pr_description\">\n<div id=\"description_text\" class=\"readmore-js-section readmore-js-collapsed\"><span class=\"info__text\">Bu mahallede her g\u00fcn yeni bir macerayla ge\u00e7iyor. Hayri, K\u00e2mil, Ak\u0131n, Mert, Sevim, Hale ve t\u00fcm mahalleli yepyeni hik\u00e2yelerle sizleri bekliyor! Be\u015f kitapl\u0131k yeni seride mahalle oyunlar\u0131ndan define av\u0131na kadar bir\u00e7ok maceraya at\u0131lan ekip, arkada\u015fl\u0131\u011f\u0131n \u00f6nemini, sa\u011fl\u0131kl\u0131 ya\u015fam\u0131n s\u0131rlar\u0131n\u0131 ya da farkl\u0131l\u0131klara sayg\u0131 duymay\u0131 \u00f6\u011frenirken sizi \u00e7ok g\u00fcld\u00fcrecek.<br \/>\nMahallede hararetli bir turnuva haz\u0131rl\u0131\u011f\u0131 vard\u0131r. Mert bu duruma \u00e7ok bozulur. \u00c7\u00fcnk\u00fc haz\u0131rl\u0131klar s\u0131ras\u0131nda bir kaza ge\u00e7irmi\u015ftir ve bir s\u00fcre koltuk de\u011fnekleriyle y\u00fcr\u00fcmek zorundad\u0131r.<br \/>\nArkada\u015flar\u0131 ger\u00e7ekten bu kadar umursamaz olabilir mi? Koltuk de\u011fnekleriyle nas\u0131l top pe\u015finde ko\u015fabilir ki! Bu i\u015fin i\u00e7inde kesin bir i\u015f var.<br \/>\nHo\u015fg\u00f6r\u00fc, arkada\u015fl\u0131k ve ileti\u015fim \u00fczerine hem e\u011flenceli hem de d\u00fc\u015f\u00fcnd\u00fcr\u00fcc\u00fc bir kitap okurlar\u0131n\u0131 bekliyor.<br \/>\n<\/span><\/div>\n<p><a class=\"readmore-js-toggle\" href=\"https:\/\/www.kitapyurdu.com\/kitap\/rafadan-tayfa-egleniyor--turnuva\/504568.html&amp;filter_name=Rafadan Tayfa E\u011fleniyor \/ Turnuva#\">devam\u0131n\u0131 oku<\/a><\/div>\n<\/div>\n<div class=\"bottom-block\">\n<div class=\"pr_attributes\"><\/div>\n<\/div>","protected":false},"featured_media":19706,"template":"","meta":{"spay_email":""},"product_cat":[172],"product_tag":[],"item":[920],"acf":[],"_links":{"self":[{"href":"https:\/\/mgvpublications.com\/de\/wp-json\/wp\/v2\/product\/19705"}],"collection":[{"href":"https:\/\/mgvpublications.com\/de\/wp-json\/wp\/v2\/product"}],"about":[{"href":"https:\/\/mgvpublications.com\/de\/wp-json\/wp\/v2\/types\/product"}],"wp:featuredmedia":[{"embeddable":true,"href":"https:\/\/mgvpublications.com\/de\/wp-json\/wp\/v2\/media\/19706"}],"wp:attachment":[{"href":"https:\/\/mgvpublications.com\/de\/wp-json\/wp\/v2\/media?parent=19705"}],"wp:term":[{"taxonomy":"product_cat","embeddable":true,"href":"https:\/\/mgvpublications.com\/de\/wp-json\/wp\/v2\/product_cat?post=19705"},{"taxonomy":"product_tag","embeddable":true,"href":"https:\/\/mgvpublications.com\/de\/wp-json\/wp\/v2\/product_tag?post=19705"},{"taxonomy":"item","embeddable":true,"href":"https:\/\/mgvpublications.com\/de\/wp-json\/wp\/v2\/item?post=19705"}],"curies":[{"name":"wp","href":"https:\/\/api.w.org\/{rel}","templated":true}]}}