{"id":19591,"date":"2021-05-08T15:26:48","date_gmt":"2021-05-08T13:26:48","guid":{"rendered":"https:\/\/mgvpublications.com\/produkt\/ara-toplam-yolumu-ararken-ogrendiklerim\/"},"modified":"2022-03-08T22:54:24","modified_gmt":"2022-03-08T21:54:24","slug":"ara-toplam-yolumu-ararken-ogrendiklerim","status":"publish","type":"product","link":"https:\/\/mgvpublications.com\/de\/ara-toplam-yolumu-ararken-ogrendiklerim\/","title":{"rendered":"Ara Toplam Yolumu Ararken \u00d6\u011frendiklerim"},"content":{"rendered":"<p>Yay\u0131n Tarihi: 23.03.2021<br \/>ISBN: 9786257631044<br \/>Dil: T\u00dcRK\u00c7E<br \/>Sayfa Say\u0131s\u0131: 296<br \/>Cilt Tipi: Karton Kapak<br \/>Ka\u011f\u0131t Cinsi: Kitap Ka\u011f\u0131d\u0131<br \/>Boyut: 13.5 x 21 cm<\/p>","protected":false},"excerpt":{"rendered":"<p>Yeniden ba\u015flama imk\u00e2n\u0131 do\u011fada insan\u0131n en b\u00fcy\u00fck l\u00fcks\u00fc. Ne kadar \u00e7ok d\u00fc\u015fersen o kadar \u00e7ok kalkma \u015fans\u0131n da var. Sen onu yapacak m\u0131s\u0131n, yapmayacak m\u0131s\u0131n? Ba\u015far\u0131s\u0131zl\u0131k yan etkilere ba\u011fl\u0131 olabilir ama aya\u011fa kalkmak sadece sana ba\u011fl\u0131d\u0131r.\u201d AHMET M\u00dcMTAZ TAYLAN K\u00fc\u00e7\u00fck ya\u015fta evden ayr\u0131ld\u0131. Bug\u00fcn oldu\u011fu ki\u015fiyi ad\u0131m ad\u0131m in\u015fa etti. \u0130ki \u00fcniversitede okudu; Diyarbak\u0131r\u2019dan Almanya\u2019ya, Ankara\u2019dan \u0130stanbul\u2019a sahnenin tozunu yuttu. Yazd\u0131, y\u00f6netti, oynad\u0131. Kendi ifadesiyle, \u201caya\u011f\u0131n\u0131 basmad\u0131\u011f\u0131, ekme\u011fini yemedi\u011fi, suyunu i\u00e7medi\u011fi, insan\u0131yla konu\u015fmad\u0131\u011f\u0131 hi\u00e7bir y\u00f6re\u201d b\u0131rakmamacas\u0131na T\u00fcrkiye\u2019yi ba\u015ftan ba\u015fa dola\u015ft\u0131. Onunla beraber g\u00fclebiliyorsak, beraber a\u011flayabiliyorsak, beraber isyan edebiliyorsak Ahmet M\u00fcmtaz Taylan bizi bu kadar iyi tan\u0131d\u0131\u011f\u0131 i\u00e7indir. Elinizdeki kitap, bu tan\u0131\u015f\u0131kl\u0131\u011f\u0131n \u00fcr\u00fcn\u00fc. Yazar Irmak Zileli, Ahmet M\u00fcmtaz Taylan\u2019la kad\u0131n-erkek ili\u015fkilerine, anne-baba rollerine, sanat ve sanat\u00e7\u0131 kavramlar\u0131na, e\u011fitime, siyasete, do\u011fayla ve hayvanla kurdu\u011fumuz ili\u015fkiye, a\u015fka, yetene\u011fe, hayata ve ayakta kalmaya dair konu\u015ftu. Taylan\u2019\u0131n samimi ve ufuk a\u00e7an cevaplar\u0131nda, bir sanat\u00e7\u0131n\u0131n geni\u015f tecr\u00fcbesinden s\u00fczd\u00fc\u011f\u00fc, keskin bak\u0131\u015f\u0131n\u0131 kendine de topluma da y\u00f6nelterek dam\u0131tt\u0131\u011f\u0131 d\u00fc\u015f\u00fcnceleri bulacaks\u0131n\u0131z. Kendinize sordu\u011funuz bir\u00e7ok soruyu; eme\u011fin, vicdan\u0131n ve d\u00fcr\u00fcstl\u00fc\u011f\u00fcn pusulas\u0131ndan \u015fa\u015fmayan bir sanat\u00e7\u0131n\u0131n nas\u0131l yan\u0131tlad\u0131\u011f\u0131n\u0131 g\u00f6receksiniz. Bu hayatta ne yapmak istiyoruz? Se\u00e7imlerimizi neye g\u00f6re yapar\u0131z? \u00d6\u011frenmek ama nas\u0131l? Yetene\u011fini ke\u015ffetmek ve geli\u015ftirmek nas\u0131l m\u00fcmk\u00fcn olur? Ba\u015far\u0131n\u0131n \u00f6l\u00e7\u00fctleri nelerdir? Bir insan nas\u0131l yeti\u015ftirilir? \u0130nsan\u0131n yurdu neresidir? Taylan\u2019\u0131n deyimiyle bu kitap bir Ara Toplam. Bir nefes molas\u0131. Hayatlar\u0131n\u0131n bir d\u00f6neminde kendilerini hesaba \u00e7ekmek i\u00e7in \u015f\u00f6yle bir durup d\u00fc\u015f\u00fcnmek ve yeniden ba\u015flamak isteyenler i\u00e7in\u2026 Merak\u0131n\u0131 hi\u00e7bir zaman yitirmeyen, soru sormaktan vazge\u00e7meyen her insan\u0131n elbet kendi yolunu \u00e7izebilece\u011fini umut edenler i\u00e7in\u2026 Bu manada her deneyimin k\u0131ymetli oldu\u011funu tekrar tekrar dile getirmek, unutmamak i\u00e7in\u2026<\/p>","protected":false},"featured_media":19590,"template":"","meta":{"spay_email":""},"product_cat":[216],"product_tag":[],"item":[729],"acf":[],"_links":{"self":[{"href":"https:\/\/mgvpublications.com\/de\/wp-json\/wp\/v2\/product\/19591"}],"collection":[{"href":"https:\/\/mgvpublications.com\/de\/wp-json\/wp\/v2\/product"}],"about":[{"href":"https:\/\/mgvpublications.com\/de\/wp-json\/wp\/v2\/types\/product"}],"wp:featuredmedia":[{"embeddable":true,"href":"https:\/\/mgvpublications.com\/de\/wp-json\/wp\/v2\/media\/19590"}],"wp:attachment":[{"href":"https:\/\/mgvpublications.com\/de\/wp-json\/wp\/v2\/media?parent=19591"}],"wp:term":[{"taxonomy":"product_cat","embeddable":true,"href":"https:\/\/mgvpublications.com\/de\/wp-json\/wp\/v2\/product_cat?post=19591"},{"taxonomy":"product_tag","embeddable":true,"href":"https:\/\/mgvpublications.com\/de\/wp-json\/wp\/v2\/product_tag?post=19591"},{"taxonomy":"item","embeddable":true,"href":"https:\/\/mgvpublications.com\/de\/wp-json\/wp\/v2\/item?post=19591"}],"curies":[{"name":"wp","href":"https:\/\/api.w.org\/{rel}","templated":true}]}}