{"id":19589,"date":"2021-05-08T15:26:45","date_gmt":"2021-05-08T13:26:45","guid":{"rendered":"https:\/\/mgvpublications.com\/produkt\/huzun-hastaligi\/"},"modified":"2022-03-08T22:54:23","modified_gmt":"2022-03-08T21:54:23","slug":"huzun-hastaligi","status":"publish","type":"product","link":"https:\/\/mgvpublications.com\/de\/huzun-hastaligi\/","title":{"rendered":"H\u00fcz\u00fcn Hastal\u0131\u011f\u0131"},"content":{"rendered":"<p>Yay\u0131n Tarihi: 12.03.2020<br \/>ISBN: 9786055147891<br \/>Dil: T\u00dcRK\u00c7E<br \/>Sayfa Say\u0131s\u0131: 272<br \/>Cilt Tipi: Karton Kapak<br \/>Ka\u011f\u0131t Cinsi: Kitap Ka\u011f\u0131d\u0131<br \/>Boyut: 13.5 x 19.5 cm<\/p>","protected":false},"excerpt":{"rendered":"<p>Herkesin kesintisiz mutlu olmaya ya da mutluymu\u015f gibi g\u00f6r\u00fcnmeye \u015fartland\u0131\u011f\u0131 bir \u00e7a\u011fday\u0131z. Keyifsizlik anlar\u0131n\u0131n dahi \u201cmin\u00f6r depresyon\u201d ad\u0131n\u0131 ald\u0131\u011f\u0131 zamanlar. Herkesin \u201cen mutlu, en g\u00fczel, en \u015fansl\u0131, en ba\u015far\u0131l\u0131 ve her ko\u015fulda pozitif\u201d olmas\u0131n\u0131 \u00f6\u011f\u00fctleyen Bat\u0131 men\u015feli psikoloji anlay\u0131\u015f\u0131n\u0131n kar\u015f\u0131s\u0131nda, h\u00fczn\u00fcn doya doya ya\u015fanmas\u0131 bile pek m\u00fcmk\u00fcn de\u011fil art\u0131k. Kemal Sayar, b\u00f6yle mutluluk tariflerinin pe\u015finden ko\u015fmaya gerek olmad\u0131\u011f\u0131n\u0131, hi\u00e7bir \u015feye k\u0131ymet vermeden sadece kendini de\u011ferli bilerek ya\u015fanmayaca\u011f\u0131n\u0131 anlat\u0131yor. \u00c7\u00fcnk\u00fc h\u00fcz\u00fcn bize d\u00fcnyan\u0131n fanili\u011fini, \u015feylerin gelip ge\u00e7icili\u011fini \u00f6\u011freten g\u00f6rkemli bir misafirdir. \u201cH\u00fcz\u00fcn bizi en \u00e7\u0131plak varolu\u015fumuzla kar\u015f\u0131la\u015ft\u0131r\u0131r, bizi sahte bir d\u00fcnyada sahici k\u0131lar.\u201d<\/p>","protected":false},"featured_media":19588,"template":"","meta":{"spay_email":""},"product_cat":[175],"product_tag":[],"item":[384],"acf":[],"_links":{"self":[{"href":"https:\/\/mgvpublications.com\/de\/wp-json\/wp\/v2\/product\/19589"}],"collection":[{"href":"https:\/\/mgvpublications.com\/de\/wp-json\/wp\/v2\/product"}],"about":[{"href":"https:\/\/mgvpublications.com\/de\/wp-json\/wp\/v2\/types\/product"}],"wp:featuredmedia":[{"embeddable":true,"href":"https:\/\/mgvpublications.com\/de\/wp-json\/wp\/v2\/media\/19588"}],"wp:attachment":[{"href":"https:\/\/mgvpublications.com\/de\/wp-json\/wp\/v2\/media?parent=19589"}],"wp:term":[{"taxonomy":"product_cat","embeddable":true,"href":"https:\/\/mgvpublications.com\/de\/wp-json\/wp\/v2\/product_cat?post=19589"},{"taxonomy":"product_tag","embeddable":true,"href":"https:\/\/mgvpublications.com\/de\/wp-json\/wp\/v2\/product_tag?post=19589"},{"taxonomy":"item","embeddable":true,"href":"https:\/\/mgvpublications.com\/de\/wp-json\/wp\/v2\/item?post=19589"}],"curies":[{"name":"wp","href":"https:\/\/api.w.org\/{rel}","templated":true}]}}