{"id":19579,"date":"2021-05-08T15:26:43","date_gmt":"2021-05-08T13:26:43","guid":{"rendered":"https:\/\/mgvpublications.com\/produkt\/kizlari-kiz-gibi-erkekleri-erkek-gibi-yetistirmek\/"},"modified":"2022-03-08T22:54:23","modified_gmt":"2022-03-08T21:54:23","slug":"kizlari-kiz-gibi-erkekleri-erkek-gibi-yetistirmek","status":"publish","type":"product","link":"https:\/\/mgvpublications.com\/de\/kizlari-kiz-gibi-erkekleri-erkek-gibi-yetistirmek\/","title":{"rendered":"K\u0131zlar\u0131 K\u0131z Gibi Erkekleri Erkek Gibi Yeti\u015ftirmek"},"content":{"rendered":"<p>Yay\u0131n Tarihi: 14.10.2020<br \/>ISBN: 9789752612198<br \/>Dil: T\u00dcRK\u00c7E<br \/>Sayfa Say\u0131s\u0131: 192<br \/>Cilt Tipi: Karton Kapak<br \/>Ka\u011f\u0131t Cinsi: Kitap Ka\u011f\u0131d\u0131<br \/>Boyut: 13.5 x 19.5 cm<\/p>","protected":false},"excerpt":{"rendered":"<p>Bu kitap, kad\u0131n ve erke\u011fi kendi yarad\u0131l\u0131\u015f\u0131ndan uzakla\u015ft\u0131rmadan yeti\u015ftimenin m\u00fcmk\u00fcn ve gerekli oldu\u011fu inanc\u0131yla yaz\u0131ld\u0131&#8230; K\u00fc\u00e7\u00fck ya\u015flardan itibaren f\u0131trat\u0131na sad\u0131k kal\u0131narak b\u00fcy\u00fct\u00fclen \u00e7ocuklar, ruh sa\u011fl\u0131\u011f\u0131 a\u00e7\u0131s\u0131ndan daha avantajl\u0131 olmaktad\u0131r. Yarat\u0131l\u0131\u015f\u0131ndaki \u00f6zellikler deforme edilerek b\u00fcy\u00fct\u00fclmeye \u00e7al\u0131\u015f\u0131ld\u0131\u011f\u0131nda durum ne aileyi ne de \u00e7ocu\u011fu mutlu etmektedir.<\/p>","protected":false},"featured_media":19578,"template":"","meta":{"spay_email":""},"product_cat":[171],"product_tag":[],"item":[692],"acf":[],"_links":{"self":[{"href":"https:\/\/mgvpublications.com\/de\/wp-json\/wp\/v2\/product\/19579"}],"collection":[{"href":"https:\/\/mgvpublications.com\/de\/wp-json\/wp\/v2\/product"}],"about":[{"href":"https:\/\/mgvpublications.com\/de\/wp-json\/wp\/v2\/types\/product"}],"wp:featuredmedia":[{"embeddable":true,"href":"https:\/\/mgvpublications.com\/de\/wp-json\/wp\/v2\/media\/19578"}],"wp:attachment":[{"href":"https:\/\/mgvpublications.com\/de\/wp-json\/wp\/v2\/media?parent=19579"}],"wp:term":[{"taxonomy":"product_cat","embeddable":true,"href":"https:\/\/mgvpublications.com\/de\/wp-json\/wp\/v2\/product_cat?post=19579"},{"taxonomy":"product_tag","embeddable":true,"href":"https:\/\/mgvpublications.com\/de\/wp-json\/wp\/v2\/product_tag?post=19579"},{"taxonomy":"item","embeddable":true,"href":"https:\/\/mgvpublications.com\/de\/wp-json\/wp\/v2\/item?post=19579"}],"curies":[{"name":"wp","href":"https:\/\/api.w.org\/{rel}","templated":true}]}}