{"id":19575,"date":"2021-05-08T15:26:41","date_gmt":"2021-05-08T13:26:41","guid":{"rendered":"https:\/\/mgvpublications.com\/produkt\/politik-inceleme\/"},"modified":"2022-03-08T22:54:21","modified_gmt":"2022-03-08T21:54:21","slug":"politik-inceleme","status":"publish","type":"product","link":"https:\/\/mgvpublications.com\/de\/politik-inceleme\/","title":{"rendered":"Politik \u0130nceleme"},"content":{"rendered":"<p>\u00c7evirmen: Murat Er\u015fen<br \/>Yay\u0131n Tarihi: 24.04.2018<br \/>ISBN: 9786052133200<br \/>Dil: T\u00dcRK\u00c7E<br \/>Sayfa Say\u0131s\u0131: 156<br \/>Cilt Tipi: Karton Kapak<br \/>Ka\u011f\u0131t Cinsi: Kitap Ka\u011f\u0131d\u0131<br \/>Boyut: 14 x 21 cm<\/p>","protected":false},"excerpt":{"rendered":"<p>Spinoza\u2019n\u0131n \u00f6l\u00fcm\u00fcn\u00fcn ard\u0131ndan opera posthuma (t\u00fcm eserleri) i\u00e7inde 1677\u2019de yay\u0131mlanan, Politik \u0130nceleme(Tractatus Politicus) filozof taraf\u0131ndan kaleme al\u0131nan en son yap\u0131tt\u0131r. Burada Spinoza do\u011falc\u0131 (naturalist) bir bak\u0131\u015f a\u00e7\u0131s\u0131ndan geleneksel \u201cen iyi y\u00f6netim bi\u00e7imi\u201d sorusunu yeniden ele al\u0131r ve istikrar noktalar\u0131n\u0131 ortaya \u00e7\u0131karmak i\u00e7in bir tan\u0131tlama yap\u0131s\u0131 i\u00e7inde monar\u015fik, aristokratik ve demokratik Devletleri yeniden kurar. G\u00fc\u00e7 ontolojisine demir atm\u0131\u015f \u201cdo\u011fal hak\u201d, i\u00e7inde multitidonun ya da \u201chalk kitlesinin\u201d hep daha s\u00fcre\u011fen bir bar\u0131\u015fta varl\u0131\u011f\u0131n\u0131 devam ettirdi\u011fi demokraside, yani \u201cmutlak y\u00f6netim bi\u00e7imi\u201dnde tamam\u0131na eren niceliksel ve bi\u00e7imsel bir siyaset kurar. A\u015f\u0131r\u0131 bi\u00e7imde yetkinle\u015ftirilmi\u015f Politik \u0130nceleme, Spinoza\u2019n\u0131n t\u00fcm yap\u0131tlar\u0131na can veren birle\u015ftirme ve do\u011falla\u015ft\u0131rma i\u00e7in g\u00f6sterdi\u011fi s\u0131n\u0131rs\u0131z kavramsal gayreti ba\u015far\u0131yla sonu\u00e7land\u0131r\u0131r. Derin \u00f6zg\u00fcnl\u00fc\u011f\u00fc, ne a\u015fk\u0131nsal bir de\u011feri olan ne de harekete ge\u00e7irici bir \u015fiddet i\u00e7eren, oylar\u0131n say\u0131sal de\u011ferlendirilmeleriyle bar\u0131\u015f \u00fcreten basit bir makine olan bir demokrasi \u00f6nermesinde yatar, ama bunda siyasi ger\u00e7eklikte oldu\u011fu gibi insanl\u0131\u011f\u0131n arzusunda da ku\u015fkusuz a\u015f\u0131lmazd\u0131r.<\/p>","protected":false},"featured_media":19574,"template":"","meta":{"spay_email":""},"product_cat":[173],"product_tag":[],"item":[1492],"acf":[],"_links":{"self":[{"href":"https:\/\/mgvpublications.com\/de\/wp-json\/wp\/v2\/product\/19575"}],"collection":[{"href":"https:\/\/mgvpublications.com\/de\/wp-json\/wp\/v2\/product"}],"about":[{"href":"https:\/\/mgvpublications.com\/de\/wp-json\/wp\/v2\/types\/product"}],"wp:featuredmedia":[{"embeddable":true,"href":"https:\/\/mgvpublications.com\/de\/wp-json\/wp\/v2\/media\/19574"}],"wp:attachment":[{"href":"https:\/\/mgvpublications.com\/de\/wp-json\/wp\/v2\/media?parent=19575"}],"wp:term":[{"taxonomy":"product_cat","embeddable":true,"href":"https:\/\/mgvpublications.com\/de\/wp-json\/wp\/v2\/product_cat?post=19575"},{"taxonomy":"product_tag","embeddable":true,"href":"https:\/\/mgvpublications.com\/de\/wp-json\/wp\/v2\/product_tag?post=19575"},{"taxonomy":"item","embeddable":true,"href":"https:\/\/mgvpublications.com\/de\/wp-json\/wp\/v2\/item?post=19575"}],"curies":[{"name":"wp","href":"https:\/\/api.w.org\/{rel}","templated":true}]}}