{"id":19573,"date":"2021-05-08T15:26:41","date_gmt":"2021-05-08T13:26:41","guid":{"rendered":"https:\/\/mgvpublications.com\/produkt\/ucan-universite\/"},"modified":"2022-03-08T22:54:20","modified_gmt":"2022-03-08T21:54:20","slug":"ucan-universite","status":"publish","type":"product","link":"https:\/\/mgvpublications.com\/de\/ucan-universite\/","title":{"rendered":"U\u00e7an \u00dcniversite"},"content":{"rendered":"<p>Yay\u0131n Tarihi: 01.02.2018<br \/>ISBN: 9786052068182<br \/>Dil: T\u00dcRK\u00c7E<br \/>Sayfa Say\u0131s\u0131: 120<br \/>Cilt Tipi: Karton Kapak<br \/>Ka\u011f\u0131t Cinsi: Kitap Ka\u011f\u0131d\u0131<br \/>Boyut: 13 x 19.5 cm<\/p>","protected":false},"excerpt":{"rendered":"<p>Ba\u011f\u0131ms\u0131zl\u0131k m\u00fccadelesi denince, akla sava\u015f meydanlar\u0131 gelir. Ger\u00e7ekten de, hemen hemen her milletin tarihinde, kanla yaz\u0131lm\u0131\u015f ba\u011f\u0131ms\u0131zl\u0131k destanlar\u0131 vard\u0131r. Ancak ilim, irfan, k\u00fclt\u00fcr ve sanat alan\u0131nda bir ba\u011f\u0131ms\u0131zl\u0131k m\u00fccadelesini, topyek\u00fbn bir \u015fekilde ve uzun bir s\u00fcre omuzlayan milletlere pek s\u0131k rastlanmaz. Polonyal\u0131lar, b\u00fct\u00fcn mill\u00ee de\u011ferleriyle birlikte yok olma tehlikesini bir de\u011fil, birka\u00e7 defa atlatt\u0131lar. Onlar\u0131n \u00fclkelerine ayak basan her s\u00f6m\u00fcrgeci, tabiat\u0131n\u0131n gere\u011fi olarak, do\u011frudan bu hedefe kilitlenmi\u015fti: Polonya, \u00f6nce \u00fc\u00e7 kom\u015fusu taraf\u0131ndan pe\u015f pe\u015fe defalarca par\u00e7aland\u0131 ve payla\u015f\u0131ld\u0131. Arkadan, iki D\u00fcnya Sava\u015f\u0131n\u0131n ikisini de b\u00fct\u00fcn \u015fiddetiyle ya\u015fad\u0131. Nazi i\u015fgalinden sonra Sovyetler geldi. Ama ne Prusya kald\u0131 ortal\u0131kta, ne Naziler, ne Sovyetler. Polonyal\u0131lar ise, kendilerini tarih sahnesinden b\u00fct\u00fcn\u00fcyle silmeye azmetmi\u015f d\u00fc\u015fmanlar\u0131n\u0131 pe\u015f pe\u015fe tarihe g\u00f6mm\u00fc\u015f bir ulus olarak, bug\u00fcn h\u00e2l\u00e2 ayakta: U\u00e7an \u00dcniversite de b\u00f6yle bir destan\u0131n k\u0131sa bir \u00f6yk\u00fcs\u00fcd\u00fcr.<\/p>","protected":false},"featured_media":19572,"template":"","meta":{"spay_email":""},"product_cat":[171],"product_tag":[],"item":[1748],"acf":[],"_links":{"self":[{"href":"https:\/\/mgvpublications.com\/de\/wp-json\/wp\/v2\/product\/19573"}],"collection":[{"href":"https:\/\/mgvpublications.com\/de\/wp-json\/wp\/v2\/product"}],"about":[{"href":"https:\/\/mgvpublications.com\/de\/wp-json\/wp\/v2\/types\/product"}],"wp:featuredmedia":[{"embeddable":true,"href":"https:\/\/mgvpublications.com\/de\/wp-json\/wp\/v2\/media\/19572"}],"wp:attachment":[{"href":"https:\/\/mgvpublications.com\/de\/wp-json\/wp\/v2\/media?parent=19573"}],"wp:term":[{"taxonomy":"product_cat","embeddable":true,"href":"https:\/\/mgvpublications.com\/de\/wp-json\/wp\/v2\/product_cat?post=19573"},{"taxonomy":"product_tag","embeddable":true,"href":"https:\/\/mgvpublications.com\/de\/wp-json\/wp\/v2\/product_tag?post=19573"},{"taxonomy":"item","embeddable":true,"href":"https:\/\/mgvpublications.com\/de\/wp-json\/wp\/v2\/item?post=19573"}],"curies":[{"name":"wp","href":"https:\/\/api.w.org\/{rel}","templated":true}]}}