{"id":19565,"date":"2021-05-08T15:26:36","date_gmt":"2021-05-08T13:26:36","guid":{"rendered":"https:\/\/mgvpublications.com\/produkt\/kuran-ve-sunnette-itikad-ibadet-ve-guzel-ahlak\/"},"modified":"2022-03-08T22:54:20","modified_gmt":"2022-03-08T21:54:20","slug":"kuran-ve-sunnette-itikad-ibadet-ve-guzel-ahlak","status":"publish","type":"product","link":"https:\/\/mgvpublications.com\/de\/kuran-ve-sunnette-itikad-ibadet-ve-guzel-ahlak\/","title":{"rendered":"Kur\u2019an ve S\u00fcnnette \u0130tikad, \u0130badet ve G\u00fczel Ahlak"},"content":{"rendered":"<p>Yay\u0131n Tarihi: 21.10.2017<br \/>ISBN: 9789944275538<br \/>Dil: T\u00dcRK\u00c7E<br \/>Sayfa Say\u0131s\u0131: 152<br \/>Cilt Tipi: Karton Kapak<br \/>Ka\u011f\u0131t Cinsi: Kitap Ka\u011f\u0131d\u0131<br \/>Boyut: 14.5 x 21.5 cm<\/p>","protected":false},"excerpt":{"rendered":"<p>Bu eserde itikat, ibadet ve ahl\u00e2k konular\u0131nda her M\u00fcsl\u00fcman\u0131n dikkat etmesi gereken hususlar a\u00e7\u0131k ve net \u00fcslup ile anlat\u0131lmaktad\u0131r. \u0130sl\u00e2m d\u00fcnyas\u0131n\u0131n yak\u0131ndan tan\u0131d\u0131\u011f\u0131 ve g\u00fcn\u00fcm\u00fcz \u0130sl\u00e2m\u00ee tasavvur ve tefekk\u00fcr\u00fcn\u00fcn olu\u015fumunda b\u00fcy\u00fck pay\u0131 olan Nedv\u00ee, itikat, ibadet ve ruh terbiyesi hususlar\u0131nda b\u00fct\u00fcn M\u00fcsl\u00fcmanlara bir rehber kitap olmas\u0131 i\u00e7in yazd\u0131\u011f\u0131n\u0131 belirtti\u011fi eseri hakk\u0131nda \u2018\u2018Bu kitapta \u015fimdiye kadar yapt\u0131\u011f\u0131m \u00e7al\u0131\u015fmalar\u0131m\u0131n davet ve terbiye alan\u0131ndaki tecr\u00fcbelerimin \u00f6z\u00fc bulunmaktad\u0131r\u2019\u2019 diyor. Eser, M\u00fcsl\u00fcman\u0131n hayat\u0131n\u0131n b\u00fct\u00fcn cephelerini Kur\u2019an ve s\u00fcnnet \u0131\u015f\u0131\u011f\u0131 alt\u0131nda de\u011ferlendirirken, \u0130sl\u00e2m\u2019\u0131n de\u011fi\u015fmez prensiplerinin M\u00fcsl\u00fcman\u0131n hayat\u0131na yans\u0131yabilmesinin \u015fartlar\u0131n\u0131 da g\u00f6stermektedir.<\/p>","protected":false},"featured_media":19564,"template":"","meta":{"spay_email":""},"product_cat":[174],"product_tag":[],"item":[940],"acf":[],"_links":{"self":[{"href":"https:\/\/mgvpublications.com\/de\/wp-json\/wp\/v2\/product\/19565"}],"collection":[{"href":"https:\/\/mgvpublications.com\/de\/wp-json\/wp\/v2\/product"}],"about":[{"href":"https:\/\/mgvpublications.com\/de\/wp-json\/wp\/v2\/types\/product"}],"wp:featuredmedia":[{"embeddable":true,"href":"https:\/\/mgvpublications.com\/de\/wp-json\/wp\/v2\/media\/19564"}],"wp:attachment":[{"href":"https:\/\/mgvpublications.com\/de\/wp-json\/wp\/v2\/media?parent=19565"}],"wp:term":[{"taxonomy":"product_cat","embeddable":true,"href":"https:\/\/mgvpublications.com\/de\/wp-json\/wp\/v2\/product_cat?post=19565"},{"taxonomy":"product_tag","embeddable":true,"href":"https:\/\/mgvpublications.com\/de\/wp-json\/wp\/v2\/product_tag?post=19565"},{"taxonomy":"item","embeddable":true,"href":"https:\/\/mgvpublications.com\/de\/wp-json\/wp\/v2\/item?post=19565"}],"curies":[{"name":"wp","href":"https:\/\/api.w.org\/{rel}","templated":true}]}}