{"id":19559,"date":"2021-05-08T15:26:35","date_gmt":"2021-05-08T13:26:35","guid":{"rendered":"https:\/\/mgvpublications.com\/produkt\/dua-engel-tanimaz-fatma\/"},"modified":"2022-04-08T06:22:01","modified_gmt":"2022-04-08T04:22:01","slug":"dua-engel-tanimaz-fatma","status":"publish","type":"product","link":"https:\/\/mgvpublications.com\/de\/dua-engel-tanimaz-fatma\/","title":{"rendered":"Dua Engel Tan\u0131maz &#8211; Fatma"},"content":{"rendered":"<p>Yay\u0131n Tarihi: 21.06.2019<br \/>ISBN: 9786050824476<br \/>Dil: T\u00dcRK\u00c7E<br \/>Sayfa Say\u0131s\u0131: 176<br \/>Cilt Tipi: Karton Kapak<br \/>Ka\u011f\u0131t Cinsi: Kitap Ka\u011f\u0131d\u0131<br \/>Boyut: 13.5 x 21 cm<\/p>","protected":false},"excerpt":{"rendered":"<p>&#8220;Hac\u0131 oldu\u011fumu duyanlar beni \u015f\u00f6yle boydan a\u015fa\u011f\u0131 s\u00fczd\u00fckten sonra \u015fa\u015fk\u0131nl\u0131kla bana; \u201cSen bu halinle hacca nas\u0131l gittin?\u201d diyorlar, ben de tebess\u00fcmle; \u201c\u00c7ok kolay, herkes gibi u\u00e7akla\u201d diyorum. Ve insanlar\u0131n beni en g\u00fcld\u00fcren sorusu \u015fu oluyor: \u201cAma sen y\u00fcr\u00fcyemiyorsun?\u201d \u00c7o\u011fu zaman g\u00fclerek \u201c\u00c7ok mu belli oluyor?\u201d derim. \u0130nsanlar bana diyorlar ki; \u201cOturdu\u011fun yerden bizden daha \u00e7ok ko\u015fturuyorsun Fatma!\u201d Ben de diyorum ki; \u201cEee, ben ayaklar\u0131m\u0131 \u00f6nden bo\u015fa yollamad\u0131m.\u2019\u2019&#8221;<\/p>","protected":false},"featured_media":23209,"template":"","meta":{"spay_email":""},"product_cat":[168],"product_tag":[],"item":[360],"acf":[],"_links":{"self":[{"href":"https:\/\/mgvpublications.com\/de\/wp-json\/wp\/v2\/product\/19559"}],"collection":[{"href":"https:\/\/mgvpublications.com\/de\/wp-json\/wp\/v2\/product"}],"about":[{"href":"https:\/\/mgvpublications.com\/de\/wp-json\/wp\/v2\/types\/product"}],"wp:featuredmedia":[{"embeddable":true,"href":"https:\/\/mgvpublications.com\/de\/wp-json\/wp\/v2\/media\/23209"}],"wp:attachment":[{"href":"https:\/\/mgvpublications.com\/de\/wp-json\/wp\/v2\/media?parent=19559"}],"wp:term":[{"taxonomy":"product_cat","embeddable":true,"href":"https:\/\/mgvpublications.com\/de\/wp-json\/wp\/v2\/product_cat?post=19559"},{"taxonomy":"product_tag","embeddable":true,"href":"https:\/\/mgvpublications.com\/de\/wp-json\/wp\/v2\/product_tag?post=19559"},{"taxonomy":"item","embeddable":true,"href":"https:\/\/mgvpublications.com\/de\/wp-json\/wp\/v2\/item?post=19559"}],"curies":[{"name":"wp","href":"https:\/\/api.w.org\/{rel}","templated":true}]}}