{"id":19553,"date":"2021-05-08T15:26:33","date_gmt":"2021-05-08T13:26:33","guid":{"rendered":"https:\/\/mgvpublications.com\/produkt\/namaz-dirilise-cagri\/"},"modified":"2022-04-08T06:21:56","modified_gmt":"2022-04-08T04:21:56","slug":"namaz-dirilise-cagri","status":"publish","type":"product","link":"https:\/\/mgvpublications.com\/de\/namaz-dirilise-cagri\/","title":{"rendered":"Namaz Dirili\u015fe \u00c7a\u011fr\u0131"},"content":{"rendered":"<p>Yay\u0131n Tarihi: 09.02.2022<br \/>ISBN: 9789944704762<br \/>Dil: T\u00dcRK\u00c7E<br \/>Sayfa Say\u0131s\u0131: 158<br \/>Cilt Tipi: Karton Kapak<br \/>Ka\u011f\u0131t Cinsi: Kitap Ka\u011f\u0131d\u0131<br \/>Boyut: 13.5 x 19.5 cm<\/p>","protected":false},"excerpt":{"rendered":"<p>Neden Namaz? \u00c7\u00fcnk\u00fc namaz imandan sonra Rabbimizin en \u00e7ok \u00fczerinde durdu\u011fu bir ibadettir. Hz. Peygamberin hayat\u0131n\u0131n ayr\u0131lmaz par\u00e7as\u0131d\u0131r. Namaz hayat\u0131n ta kendisidir. Hi\u00e7 bir \u015fekilde terkine izin verilmemi\u015ftir. Buna ra\u011fmen g\u00fcn\u00fcm\u00fcz M\u00fcsl\u00fcmanlar\u0131n\u0131n en \u00e7ok ihmal etti\u011fi k\u0131ymetini bilmedi\u011fi bir ibadettir. Dolay\u0131s\u0131 ile kar\u015f\u0131m\u0131za iki sonu\u00e7 \u00e7\u0131k\u0131yor. Namaz\u0131n\u0131 k\u0131lmayanlar ve k\u0131ld\u0131\u011f\u0131 halde gereken \u00f6nemi vermeyenler.<\/p>","protected":false},"featured_media":23208,"template":"","meta":{"spay_email":""},"product_cat":[174],"product_tag":[],"item":[925],"acf":[],"_links":{"self":[{"href":"https:\/\/mgvpublications.com\/de\/wp-json\/wp\/v2\/product\/19553"}],"collection":[{"href":"https:\/\/mgvpublications.com\/de\/wp-json\/wp\/v2\/product"}],"about":[{"href":"https:\/\/mgvpublications.com\/de\/wp-json\/wp\/v2\/types\/product"}],"wp:featuredmedia":[{"embeddable":true,"href":"https:\/\/mgvpublications.com\/de\/wp-json\/wp\/v2\/media\/23208"}],"wp:attachment":[{"href":"https:\/\/mgvpublications.com\/de\/wp-json\/wp\/v2\/media?parent=19553"}],"wp:term":[{"taxonomy":"product_cat","embeddable":true,"href":"https:\/\/mgvpublications.com\/de\/wp-json\/wp\/v2\/product_cat?post=19553"},{"taxonomy":"product_tag","embeddable":true,"href":"https:\/\/mgvpublications.com\/de\/wp-json\/wp\/v2\/product_tag?post=19553"},{"taxonomy":"item","embeddable":true,"href":"https:\/\/mgvpublications.com\/de\/wp-json\/wp\/v2\/item?post=19553"}],"curies":[{"name":"wp","href":"https:\/\/api.w.org\/{rel}","templated":true}]}}