{"id":19551,"date":"2021-05-08T15:26:33","date_gmt":"2021-05-08T13:26:33","guid":{"rendered":"https:\/\/mgvpublications.com\/produkt\/cennete-goturen-namaz\/"},"modified":"2022-04-08T06:18:03","modified_gmt":"2022-04-08T04:18:03","slug":"cennete-goturen-namaz","status":"publish","type":"product","link":"https:\/\/mgvpublications.com\/de\/cennete-goturen-namaz\/","title":{"rendered":"Cennete G\u00f6t\u00fcren Namaz"},"content":{"rendered":"<p>Yay\u0131n Tarihi: 15.04.2019<br \/>ISBN: 9786050812732<br \/>Dil: T\u00dcRK\u00c7E<br \/>Sayfa Say\u0131s\u0131: 160<br \/>Cilt Tipi: Karton Kapak<br \/>Ka\u011f\u0131t Cinsi: Kitap Ka\u011f\u0131d\u0131<br \/>Boyut: 13.5 x 21 cm<\/p>","protected":false},"excerpt":{"rendered":"<p>&#8220;Namaz, g\u00f6z\u00fcm\u00fcn nuru\u201d buyuruyor Sevgili Peygamberimiz(sav)\u2026 O kadar g\u00f6z\u00fcn\u00fcn nuruydu ki Resulullah(sav) sevindi\u011finde Rabbinin huzuruna ko\u015ftu\u011fu gibi, \u00fcz\u00fcld\u00fc\u011f\u00fcnde de yine O\u2019nun derg\u00e2h\u0131na y\u00fcz s\u00fcr\u00fcyordu. D\u00fcnya t\u00fcm a\u011f\u0131rl\u0131\u011f\u0131yla omuzlar\u0131na \u00e7\u00f6kt\u00fc\u011f\u00fcnde medet bulmak i\u00e7in namazla Rabbine yakar\u0131rken, muvaffakiyetler kar\u015f\u0131s\u0131ndaki \u015f\u00fckr\u00fcn\u00fc ifade i\u00e7in yine m\u00fcbarek ba\u015f\u0131n\u0131 secdeye koyuyordu\u2026 \u00dcmmeti olarak bizim de \u201ccan\u201dlanmam\u0131z\u0131n yolu, hu\u015fu ile k\u0131laca\u011f\u0131m\u0131z namazlardan ge\u00e7iyor. Bu temel ihtiyac\u0131n fark\u0131na varan \u0130lahiyat\u00e7\u0131 yazar Ahmet Bulut, Cennete G\u00f6t\u00fcren Namaz kitab\u0131n\u0131 Namaz\u0131n ruhuyla hayatlanmak ve hayatland\u0131rmak i\u00e7in kaleme ald\u0131. Ta ki namazla hayatlanan ruhlar cennete lay\u0131k bir hal als\u0131n\u2026<\/p>","protected":false},"featured_media":23130,"template":"","meta":{"spay_email":""},"product_cat":[174],"product_tag":[],"item":[360],"acf":[],"_links":{"self":[{"href":"https:\/\/mgvpublications.com\/de\/wp-json\/wp\/v2\/product\/19551"}],"collection":[{"href":"https:\/\/mgvpublications.com\/de\/wp-json\/wp\/v2\/product"}],"about":[{"href":"https:\/\/mgvpublications.com\/de\/wp-json\/wp\/v2\/types\/product"}],"wp:featuredmedia":[{"embeddable":true,"href":"https:\/\/mgvpublications.com\/de\/wp-json\/wp\/v2\/media\/23130"}],"wp:attachment":[{"href":"https:\/\/mgvpublications.com\/de\/wp-json\/wp\/v2\/media?parent=19551"}],"wp:term":[{"taxonomy":"product_cat","embeddable":true,"href":"https:\/\/mgvpublications.com\/de\/wp-json\/wp\/v2\/product_cat?post=19551"},{"taxonomy":"product_tag","embeddable":true,"href":"https:\/\/mgvpublications.com\/de\/wp-json\/wp\/v2\/product_tag?post=19551"},{"taxonomy":"item","embeddable":true,"href":"https:\/\/mgvpublications.com\/de\/wp-json\/wp\/v2\/item?post=19551"}],"curies":[{"name":"wp","href":"https:\/\/api.w.org\/{rel}","templated":true}]}}