{"id":19549,"date":"2021-05-08T15:26:30","date_gmt":"2021-05-08T13:26:30","guid":{"rendered":"https:\/\/mgvpublications.com\/produkt\/askin-ev-hali-cennetim-olur-musun-sonsuza-dek-ask\/"},"modified":"2022-04-08T06:24:39","modified_gmt":"2022-04-08T04:24:39","slug":"askin-ev-hali-cennetim-olur-musun-sonsuza-dek-ask","status":"publish","type":"product","link":"https:\/\/mgvpublications.com\/de\/askin-ev-hali-cennetim-olur-musun-sonsuza-dek-ask\/","title":{"rendered":"A\u015fk\u0131n Ev Hali Cennetim Olur musun? &#8211; Sonsuza Dek A\u015fk"},"content":{"rendered":"<p>Yay\u0131n Tarihi: 10.12.2018<br \/>ISBN: 9786051149219<br \/>Dil: T\u00dcRK\u00c7E<br \/>Sayfa Say\u0131s\u0131: 208<br \/>Cilt Tipi: Karton Kapak<br \/>Ka\u011f\u0131t Cinsi: Kitap Ka\u011f\u0131d\u0131<br \/>Boyut: 13.5 x 21 cm<\/p>","protected":false},"excerpt":{"rendered":"<p>Erkek: \u0130nsan\u0131n d\u00fcnyadaki cennetidir yuvas\u0131. Ben seninle cennetimi kurmak istiyorum. Cenneti d\u00fcnyama ta\u015f\u0131mak istiyorum. Kad\u0131n: Var Eden, bizi birbirimiz i\u00e7in yaratt\u0131. Ben bende olmayanda seni buldum. Bende olmayanlara teslim oldum. Bir tarafta ailesini koruyan ve idare eden, mant\u0131\u011f\u0131n sesi erkekler; di\u011fer tarafta ise \u015fefkatiyle yuvas\u0131na sevgi a\u015f\u0131layan, kalbin sesi kad\u0131nlar&#8230; Ahmet Bulut\u2019un G\u00fclseren G\u00fcm\u00fc\u015f\u2019le birlikte kaleme ald\u0131\u011f\u0131 A\u015fk\u0131n Ev Hali, hem kad\u0131n hem de erkek bak\u0131\u015f a\u00e7\u0131s\u0131na yer verirken, e\u015fleri birbirine yak\u0131nla\u015ft\u0131rarak cennet gibi bir yuva sunuyor. \u00c7ift renkli bask\u0131s\u0131, \u00f6zel renkli k\u00e2\u011f\u0131d\u0131 ve ill\u00fcstrasyonlar\u0131 ile zenginle\u015ftirilmi\u015f i\u00e7eri\u011fi ile A\u015fk\u0131n Ev Hali sonsuza dek a\u015fk i\u00e7in bir ba\u015fucu kitab\u0131.<\/p>","protected":false},"featured_media":23264,"template":"","meta":{"spay_email":""},"product_cat":[171],"product_tag":[],"item":[360],"acf":[],"_links":{"self":[{"href":"https:\/\/mgvpublications.com\/de\/wp-json\/wp\/v2\/product\/19549"}],"collection":[{"href":"https:\/\/mgvpublications.com\/de\/wp-json\/wp\/v2\/product"}],"about":[{"href":"https:\/\/mgvpublications.com\/de\/wp-json\/wp\/v2\/types\/product"}],"wp:featuredmedia":[{"embeddable":true,"href":"https:\/\/mgvpublications.com\/de\/wp-json\/wp\/v2\/media\/23264"}],"wp:attachment":[{"href":"https:\/\/mgvpublications.com\/de\/wp-json\/wp\/v2\/media?parent=19549"}],"wp:term":[{"taxonomy":"product_cat","embeddable":true,"href":"https:\/\/mgvpublications.com\/de\/wp-json\/wp\/v2\/product_cat?post=19549"},{"taxonomy":"product_tag","embeddable":true,"href":"https:\/\/mgvpublications.com\/de\/wp-json\/wp\/v2\/product_tag?post=19549"},{"taxonomy":"item","embeddable":true,"href":"https:\/\/mgvpublications.com\/de\/wp-json\/wp\/v2\/item?post=19549"}],"curies":[{"name":"wp","href":"https:\/\/api.w.org\/{rel}","templated":true}]}}