{"id":19547,"date":"2021-05-08T15:26:30","date_gmt":"2021-05-08T13:26:30","guid":{"rendered":"https:\/\/mgvpublications.com\/produkt\/seni-feda-etmeyecegim\/"},"modified":"2022-03-08T22:54:17","modified_gmt":"2022-03-08T21:54:17","slug":"seni-feda-etmeyecegim","status":"publish","type":"product","link":"https:\/\/mgvpublications.com\/de\/seni-feda-etmeyecegim\/","title":{"rendered":"Seni Feda Etmeyece\u011fim"},"content":{"rendered":"<p>Yay\u0131n Tarihi: 12.04.2021<br \/>ISBN: 9786257371100<br \/>Dil: T\u00dcRK\u00c7E<br \/>Sayfa Say\u0131s\u0131: 160<br \/>Cilt Tipi: Karton Kapak<br \/>Ka\u011f\u0131t Cinsi: Kitap Ka\u011f\u0131d\u0131<br \/>Boyut: 13.5 x 21 cm<\/p>","protected":false},"excerpt":{"rendered":"<p>Kimsenin korumad\u0131\u011f\u0131 \u00e7ocuklar\u0131 kim koruyacak? Seni Feda Etmeyece\u011fim, kurban k\u0131ssas\u0131n\u0131 din, aile, cinsiyet ve cinsellik gibi konular etraf\u0131nda cesurca tart\u0131\u015fan felsef\u00ee bir metin. Bi\u00e7imiyle roman t\u00fcr\u00fcn\u00fcn s\u0131n\u0131rlar\u0131n\u0131 zorlarken i\u00e7eri\u011fiyle neyin Tanr\u0131 neyin put oldu\u011funa dair tabulara meydan okuyor. Nihan Kaya\u2019n\u0131n son kitab\u0131 Seni Feda Etmeyece\u011fim farkl\u0131 bir okuma denemeyi sunuyor. Kimseye onun putuna tapaca\u011f\u0131ma dair bir s\u00f6z vermedim ben.<\/p>","protected":false},"featured_media":19546,"template":"","meta":{"spay_email":""},"product_cat":[168],"product_tag":[],"item":[1096],"acf":[],"_links":{"self":[{"href":"https:\/\/mgvpublications.com\/de\/wp-json\/wp\/v2\/product\/19547"}],"collection":[{"href":"https:\/\/mgvpublications.com\/de\/wp-json\/wp\/v2\/product"}],"about":[{"href":"https:\/\/mgvpublications.com\/de\/wp-json\/wp\/v2\/types\/product"}],"wp:featuredmedia":[{"embeddable":true,"href":"https:\/\/mgvpublications.com\/de\/wp-json\/wp\/v2\/media\/19546"}],"wp:attachment":[{"href":"https:\/\/mgvpublications.com\/de\/wp-json\/wp\/v2\/media?parent=19547"}],"wp:term":[{"taxonomy":"product_cat","embeddable":true,"href":"https:\/\/mgvpublications.com\/de\/wp-json\/wp\/v2\/product_cat?post=19547"},{"taxonomy":"product_tag","embeddable":true,"href":"https:\/\/mgvpublications.com\/de\/wp-json\/wp\/v2\/product_tag?post=19547"},{"taxonomy":"item","embeddable":true,"href":"https:\/\/mgvpublications.com\/de\/wp-json\/wp\/v2\/item?post=19547"}],"curies":[{"name":"wp","href":"https:\/\/api.w.org\/{rel}","templated":true}]}}