{"id":19541,"date":"2021-05-08T15:26:28","date_gmt":"2021-05-08T13:26:28","guid":{"rendered":"https:\/\/mgvpublications.com\/produkt\/yapay-zeka-ve-bilinc-problemi\/"},"modified":"2022-03-08T22:54:16","modified_gmt":"2022-03-08T21:54:16","slug":"yapay-zeka-ve-bilinc-problemi","status":"publish","type":"product","link":"https:\/\/mgvpublications.com\/de\/yapay-zeka-ve-bilinc-problemi\/","title":{"rendered":"Yapay Zeka ve Bilin\u00e7 Problemi"},"content":{"rendered":"<p>Yay\u0131n Tarihi: 19.06.2020<br \/>ISBN: 9786051964447<br \/>Dil: T\u00dcRK\u00c7E<br \/>Sayfa Say\u0131s\u0131: 310<br \/>Cilt Tipi: Karton Kapak<br \/>Ka\u011f\u0131t Cinsi: Kitap Ka\u011f\u0131d\u0131<br \/>Boyut: 13.5 x 21.5 cm<\/p>","protected":false},"excerpt":{"rendered":"<p>Bilin\u00e7, varl\u0131\u011f\u0131m\u0131z\u0131n do\u011fas\u0131na y\u00f6nelik derin bir problemdir. Biyolojik, fizyolojik, n\u00f6rolojik ve bili\u015fsel boyutlar\u0131yla birlikte bilin\u00e7, ayn\u0131 anda hem epistemolojik, hem ontolojik hem de metafizik bir problemdir. &#8220;Bilin\u00e7 nedir?&#8221; diye sormak &#8220;Ben ger\u00e7ekte neyim?&#8221; diye sormakt\u0131r. Bilin\u00e7 sahibi bir yapay zeka, insan\u0131n evrendeki ayr\u0131cal\u0131kl\u0131 konumunu elinden almas\u0131 \u00f6ng\u00f6r\u00fclebilecek ve sosyal, etik ve k\u00fclt\u00fcrel ba\u011flamlarda t\u00fcm d\u00fczenleri yeniden \u015fekillendirebilecek bir varl\u0131k t\u00fcr\u00fc olacakt\u0131r. Fakat yeni bir varl\u0131k t\u00fcr\u00fcne dair bir iddiada bulunabilmek i\u00e7in, teknik imk\u00e2nlar\u0131n bilinmesinin yan\u0131 s\u0131ra bilin\u00e7li yapay zeka tasavvurunun olas\u0131l\u0131\u011f\u0131n\u0131 sorgulayan felsefi ve d\u00fc\u015f\u00fcnsel temellerin de sa\u011flam kurulmu\u015f olmas\u0131 gereklidir. Bu \u00e7al\u0131\u015fma dijital gelecek senaryolar\u0131 i\u00e7in felsefi bir zemin haz\u0131rlama maksad\u0131yla bilin\u00e7li bir makinenin imk\u00e2n\u0131n\u0131 &#8220;ben&#8221; kavram\u0131 \u00fczerinden tart\u0131\u015fmaktad\u0131r. Bu kitap bilincin neli\u011fine bir \u0131\u015f\u0131k tutma \u00e7abas\u0131, &#8220;ben&#8221;in varl\u0131\u011f\u0131na dair bir iz s\u00fcr\u00fc\u015f ve yapay bilin\u00e7 i\u00e7in teorik bir \u00e7er\u00e7eve aray\u0131\u015f\u0131d\u0131r.<\/p>","protected":false},"featured_media":19540,"template":"","meta":{"spay_email":""},"product_cat":[232],"product_tag":[],"item":[1728],"acf":[],"_links":{"self":[{"href":"https:\/\/mgvpublications.com\/de\/wp-json\/wp\/v2\/product\/19541"}],"collection":[{"href":"https:\/\/mgvpublications.com\/de\/wp-json\/wp\/v2\/product"}],"about":[{"href":"https:\/\/mgvpublications.com\/de\/wp-json\/wp\/v2\/types\/product"}],"wp:featuredmedia":[{"embeddable":true,"href":"https:\/\/mgvpublications.com\/de\/wp-json\/wp\/v2\/media\/19540"}],"wp:attachment":[{"href":"https:\/\/mgvpublications.com\/de\/wp-json\/wp\/v2\/media?parent=19541"}],"wp:term":[{"taxonomy":"product_cat","embeddable":true,"href":"https:\/\/mgvpublications.com\/de\/wp-json\/wp\/v2\/product_cat?post=19541"},{"taxonomy":"product_tag","embeddable":true,"href":"https:\/\/mgvpublications.com\/de\/wp-json\/wp\/v2\/product_tag?post=19541"},{"taxonomy":"item","embeddable":true,"href":"https:\/\/mgvpublications.com\/de\/wp-json\/wp\/v2\/item?post=19541"}],"curies":[{"name":"wp","href":"https:\/\/api.w.org\/{rel}","templated":true}]}}