{"id":19535,"date":"2021-05-08T15:26:26","date_gmt":"2021-05-08T13:26:26","guid":{"rendered":"https:\/\/mgvpublications.com\/produkt\/ismet-ozel-cinayeti\/"},"modified":"2022-03-08T22:54:16","modified_gmt":"2022-03-08T21:54:16","slug":"ismet-ozel-cinayeti","status":"publish","type":"product","link":"https:\/\/mgvpublications.com\/de\/ismet-ozel-cinayeti\/","title":{"rendered":"\u0130smet \u00d6zel Cinayeti"},"content":{"rendered":"<p>Yay\u0131n Tarihi: 25.11.2019<br \/>ISBN: 9786058044906<br \/>Dil: T\u00dcRK\u00c7E<br \/>Sayfa Say\u0131s\u0131: 136<br \/>Cilt Tipi: Karton Kapak<br \/>Ka\u011f\u0131t Cinsi: Kitap Ka\u011f\u0131d\u0131<br \/>Boyut: 13.5 x 21 cm<\/p>","protected":false},"excerpt":{"rendered":"<p>\u0130smet \u00d6zel&#8217;i ben \u00f6ld\u00fcrd\u00fcm, sevgili &#8216;arka kapak okuyucusu&#8217;elindeki kitab\u0131n neden var oldu\u011funu bilmek istiyorsun. bilirim. her arka kapak okuyucusu, kitab\u0131n tersine bakarak onun d\u00fcz\u00fcn\u00fcn bilinmesi gerekti\u011fini d\u00fc\u015f\u00fcn\u00fcr. bunda tuhafl\u0131k yok mu sence! bilmek istedi\u011fin \u015feyin y\u00fczeyine mi bakars\u0131n, i\u00e7ine mi girersin? sana tutup da burada ulu orta ismet \u00f6zel&#8217;i neden \u00f6ld\u00fcrd\u00fc\u011f\u00fcm\u00fc s\u00f6ylesem, anlamayacaks\u0131n. ayak\u00fcst\u00fc konu\u015fulacak bir cinayet midir i\u015fledi\u011fim? ben, d\u00fcnyadan buraya dalman\u0131 istiyorum, d\u00fcnyadan s\u0131yr\u0131lman\u0131 istiyorum, oturdu\u011fun\/dikildi\u011fin yerden uzaklara bakaca\u011f\u0131na, e\u011fil de suyun y\u00fcz\u00fcne bak! kendi yans\u0131man\u0131, bak\u0131\u015f\u0131n\u0131 g\u00f6rd\u00fc\u011f\u00fcnde, sen de dalmak isteyeceksin. e\u011fil o halde, soyun \u015fimdi. veya e\u011filece\u011fin yere, zamana g\u00f6t\u00fcr kitab\u0131! nas\u0131lsa i\u00e7erde seni bekleyecek \u00f6lmek i\u00e7in ismet \u00f6zel<\/p>","protected":false},"featured_media":19534,"template":"","meta":{"spay_email":""},"product_cat":[168],"product_tag":[],"item":[1727],"acf":[],"_links":{"self":[{"href":"https:\/\/mgvpublications.com\/de\/wp-json\/wp\/v2\/product\/19535"}],"collection":[{"href":"https:\/\/mgvpublications.com\/de\/wp-json\/wp\/v2\/product"}],"about":[{"href":"https:\/\/mgvpublications.com\/de\/wp-json\/wp\/v2\/types\/product"}],"wp:featuredmedia":[{"embeddable":true,"href":"https:\/\/mgvpublications.com\/de\/wp-json\/wp\/v2\/media\/19534"}],"wp:attachment":[{"href":"https:\/\/mgvpublications.com\/de\/wp-json\/wp\/v2\/media?parent=19535"}],"wp:term":[{"taxonomy":"product_cat","embeddable":true,"href":"https:\/\/mgvpublications.com\/de\/wp-json\/wp\/v2\/product_cat?post=19535"},{"taxonomy":"product_tag","embeddable":true,"href":"https:\/\/mgvpublications.com\/de\/wp-json\/wp\/v2\/product_tag?post=19535"},{"taxonomy":"item","embeddable":true,"href":"https:\/\/mgvpublications.com\/de\/wp-json\/wp\/v2\/item?post=19535"}],"curies":[{"name":"wp","href":"https:\/\/api.w.org\/{rel}","templated":true}]}}