{"id":19533,"date":"2021-05-08T15:26:26","date_gmt":"2021-05-08T13:26:26","guid":{"rendered":"https:\/\/mgvpublications.com\/produkt\/sorulunca-soylenen\/"},"modified":"2022-03-08T22:54:13","modified_gmt":"2022-03-08T21:54:13","slug":"sorulunca-soylenen","status":"publish","type":"product","link":"https:\/\/mgvpublications.com\/de\/sorulunca-soylenen\/","title":{"rendered":"Sorulunca S\u00f6ylenen"},"content":{"rendered":"<p>Yay\u0131n Tarihi: 14.01.2014<br \/>ISBN: 9786058615199<br \/>Dil: T\u00dcRK\u00c7E<br \/>Sayfa Say\u0131s\u0131: 416<br \/>Cilt Tipi: Karton Kapak<br \/>Ka\u011f\u0131t Cinsi: Kitap Ka\u011f\u0131d\u0131<br \/>Boyut: 12.5 x 20.5 cm<\/p>","protected":false},"excerpt":{"rendered":"<p>\u0130smet \u00d6zel\u2019in son on d\u00f6rt senede ne\u015fredilmemi\u015f kitab\u0131 SORULUNCA S\u00d6YLENEN\u2019in yeni bask\u0131s\u0131 yap\u0131ld\u0131. Kitap, 1977 ila 1999 y\u0131llar\u0131 aras\u0131nda \u0130smet \u00d6zel ile yap\u0131lm\u0131\u015f m\u00fclakatlar\u0131 ihtiva ediyor. Kitab\u0131n arka kapa\u011f\u0131nda \u015fu sat\u0131rlar yazmakta: &#8220;Soruyorsunuz: \u0130sl\u00e2m d\u00fc\u015f\u00fcncesi bir kalk\u0131nma ideolojisi olabilir mi? Soruyorsunuz: \u0130sl\u00e2m d\u00fc\u015f\u00fcncesi anti-emperyalist bir m\u00fccadele program\u0131nda temel unsur haline gelebilir mi? Soruyorsunuz: \u0130sl\u00e2m d\u00fc\u015f\u00fcncesi kom\u00fcnizme kar\u015f\u0131 bir silah olarak kullan\u0131labilir mi? Bunlar\u0131n hepsi yirminci y\u00fczy\u0131lda yap\u0131lm\u0131\u015ft\u0131r ve yap\u0131lmaktad\u0131r. Ama b\u00fct\u00fcn bu olup bitenin, devam etmekte olanlar\u0131n kelime-i tevhid ile m\u00fcsbet m\u00e2n\u00e2da bir ilgisi oldu\u011funu sanm\u0131yorum. \u0130sl\u00e2m\u2019\u0131 bir ara\u00e7 olarak g\u00f6rmek, \u0130sl\u00e2m\u2019dan daha \u00fcst\u00fcn hedeflerin bulundu\u011funu kabul etmek anlam\u0131na gelir. E\u011fer \u0130sl\u00e2m\u2019dan, yani Allah\u2019a teslimiyetten daha \u00fcst\u00fcn de\u011ferler varsa M\u00fcsl\u00fcman olmaya ne gerek var.&#8221;<\/p>","protected":false},"featured_media":20840,"template":"","meta":{"spay_email":""},"product_cat":[168],"product_tag":[],"item":[718],"acf":[],"_links":{"self":[{"href":"https:\/\/mgvpublications.com\/de\/wp-json\/wp\/v2\/product\/19533"}],"collection":[{"href":"https:\/\/mgvpublications.com\/de\/wp-json\/wp\/v2\/product"}],"about":[{"href":"https:\/\/mgvpublications.com\/de\/wp-json\/wp\/v2\/types\/product"}],"wp:featuredmedia":[{"embeddable":true,"href":"https:\/\/mgvpublications.com\/de\/wp-json\/wp\/v2\/media\/20840"}],"wp:attachment":[{"href":"https:\/\/mgvpublications.com\/de\/wp-json\/wp\/v2\/media?parent=19533"}],"wp:term":[{"taxonomy":"product_cat","embeddable":true,"href":"https:\/\/mgvpublications.com\/de\/wp-json\/wp\/v2\/product_cat?post=19533"},{"taxonomy":"product_tag","embeddable":true,"href":"https:\/\/mgvpublications.com\/de\/wp-json\/wp\/v2\/product_tag?post=19533"},{"taxonomy":"item","embeddable":true,"href":"https:\/\/mgvpublications.com\/de\/wp-json\/wp\/v2\/item?post=19533"}],"curies":[{"name":"wp","href":"https:\/\/api.w.org\/{rel}","templated":true}]}}