{"id":19527,"date":"2021-05-08T15:26:22","date_gmt":"2021-05-08T13:26:22","guid":{"rendered":"https:\/\/mgvpublications.com\/produkt\/waldo-sen-neden-burada-degilsin\/"},"modified":"2022-03-08T22:54:12","modified_gmt":"2022-03-08T21:54:12","slug":"waldo-sen-neden-burada-degilsin","status":"publish","type":"product","link":"https:\/\/mgvpublications.com\/de\/waldo-sen-neden-burada-degilsin\/","title":{"rendered":"Waldo Sen Neden Burada De\u011filsin"},"content":{"rendered":"<p>Yay\u0131n Tarihi: 12.03.2014<br \/>ISBN: 9786054893034<br \/>Dil: T\u00dcRK\u00c7E<br \/>Sayfa Say\u0131s\u0131: 240<br \/>Cilt Tipi: Karton Kapak<br \/>Ka\u011f\u0131t Cinsi: Kitap Ka\u011f\u0131d\u0131<br \/>Boyut: 12.5 x 20.5 cm<\/p>","protected":false},"excerpt":{"rendered":"<p>Waldo Sen Neden Burada De\u011filsin kitab\u0131, devam\u0131 olan Henry Sen Neden Buradas\u0131n 1 ve Henry Sen Neden Buradas\u0131n 2 kitaplar\u0131 ile birarada ne\u015froldu. &#8220;Kim oldu\u011fumuz sorusuna cevap ararken, akl\u0131m\u0131z hep, kim olaca\u011f\u0131m\u0131z sorusuyla kar\u0131\u015f\u0131yor. Kim olaca\u011f\u0131m\u0131z\u0131 d\u00fc\u015f\u00fcnd\u00fc\u011f\u00fcm\u00fczde ise kim olmak istedi\u011fimiz sorusu pe\u015fimizi koyuvermiyor. Ger\u00e7ekte, kim oldu\u011fumuzu \u00f6\u011frenme s\u00fcreci i\u00e7inde bile kimli\u011fimiz yeniden olu\u015fuyor. Sanki Werner Heisenberg\u2019in belirsizlik ilkesine t\u00e2bi olmu\u015f gibiyiz. Nerede oldu\u011fumuzu \u00f6\u011frenmeye \u00e7al\u0131\u015f\u0131rken nereye gitti\u011fimizin bilgisi elimizden ka\u00e7\u0131yor, e\u011fer nereye gitti\u011fimizi bilme gayretine kendimizi kapt\u0131r\u0131rsak nerede oldu\u011fumuzu unutma tehlikesine u\u011fruyoruz. Ama b\u00fct\u00fcn bu belirsizlik i\u00e7inde karart\u0131lamayacak, \u00f6nemi azalt\u0131lamayacak, vazge\u00e7ilemeyecek bir kalk\u0131\u015f noktam\u0131z var: Bizler, hepimiz birer \u00fcr\u00fcn\u00fcz. Hepimiz husule geldik, hepimiz o\u011fullar ve k\u0131zlar\u0131z.&#8221;<\/p>","protected":false},"featured_media":20841,"template":"","meta":{"spay_email":""},"product_cat":[168],"product_tag":[],"item":[718],"acf":[],"_links":{"self":[{"href":"https:\/\/mgvpublications.com\/de\/wp-json\/wp\/v2\/product\/19527"}],"collection":[{"href":"https:\/\/mgvpublications.com\/de\/wp-json\/wp\/v2\/product"}],"about":[{"href":"https:\/\/mgvpublications.com\/de\/wp-json\/wp\/v2\/types\/product"}],"wp:featuredmedia":[{"embeddable":true,"href":"https:\/\/mgvpublications.com\/de\/wp-json\/wp\/v2\/media\/20841"}],"wp:attachment":[{"href":"https:\/\/mgvpublications.com\/de\/wp-json\/wp\/v2\/media?parent=19527"}],"wp:term":[{"taxonomy":"product_cat","embeddable":true,"href":"https:\/\/mgvpublications.com\/de\/wp-json\/wp\/v2\/product_cat?post=19527"},{"taxonomy":"product_tag","embeddable":true,"href":"https:\/\/mgvpublications.com\/de\/wp-json\/wp\/v2\/product_tag?post=19527"},{"taxonomy":"item","embeddable":true,"href":"https:\/\/mgvpublications.com\/de\/wp-json\/wp\/v2\/item?post=19527"}],"curies":[{"name":"wp","href":"https:\/\/api.w.org\/{rel}","templated":true}]}}