{"id":19523,"date":"2021-05-08T15:26:21","date_gmt":"2021-05-08T13:26:21","guid":{"rendered":"https:\/\/mgvpublications.com\/produkt\/nefis-terbiyesi-2\/"},"modified":"2022-03-08T22:54:12","modified_gmt":"2022-03-08T21:54:12","slug":"nefis-terbiyesi-2","status":"publish","type":"product","link":"https:\/\/mgvpublications.com\/de\/nefis-terbiyesi-2\/","title":{"rendered":"Nefis Terbiyesi"},"content":{"rendered":"<p>\u00c7evirmen: Ayetullah \u0130slam Gen\u00e7<br \/>Yay\u0131n Tarihi: 31.03.2021<br \/>ISBN: 9786057460837<br \/>Dil: T\u00dcRK\u00c7E<br \/>Sayfa Say\u0131s\u0131: 128<br \/>Cilt Tipi: Karton Kapak<br \/>Ka\u011f\u0131t Cinsi: Kitap Ka\u011f\u0131d\u0131<br \/>Boyut: 13.5 x 21 cm<\/p>","protected":false},"excerpt":{"rendered":"<p>Hamd, en g\u00fczel \u00f6vg\u00fclere lay\u0131k olan Allah (c.c)\u2019a aittir. Yaln\u0131z O\u2019ndan yard\u0131m diler ve O\u2019ndan ma\u011ffiret isteriz. K\u00f6t\u00fcl\u00fcklerden O\u2019na s\u0131\u011f\u0131n\u0131r\u0131z. O\u2019nun hidayet verdi\u011fini sapt\u0131racak kimsenin olmad\u0131\u011f\u0131na iman ederiz. Mahlukat\u0131n en \u015fereflisi olan Peygamber (a.s)\u2019a salat ve selam ederiz. Elinizdeki bu kitap, \u0130slam k\u00fclt\u00fcrel miras\u0131m\u0131zda \u00f6nemli bir yeri olan, ba\u015fta tasavvuf, ahlak, f\u0131k\u0131h, kelam ve daha bir \u00e7ok alanda eser kaleme alm\u0131\u015f olan \u0130mam Gaz\u00e2l\u00ee (r.aleyh)\u2019nin a\u00e7\u0131klamalar\u0131ndan anlad\u0131\u011f\u0131m\u0131z \u00fczere \u00fcmmetin \u0131slah\u0131 i\u00e7in yaz\u0131lm\u0131\u015f bir eseridir Kitapta insan\u0131n manevi ve ahlaki y\u00f6n\u00fcn\u00fcn beslendi\u011fini g\u00f6rmekteyiz. Bu ruhi beslemenin insan\u0131 helak edebilecek nedenlerden uzak durmakla m\u00fcmk\u00fcn oldu\u011fu herkes\u00e7e malumdur. Bu acizane \u00e7al\u0131\u015fmay\u0131 sizlerin istifadesine sunarken \u0130mam Gaz\u00e2l\u00ee\u2019nin ihya etmek i\u00e7in kaleme ald\u0131\u011f\u0131 sat\u0131rlar\u0131n, ba\u015fta kendi hayat\u0131m\u0131z\u0131n ihyas\u0131na ve \u0131slah\u0131na, sonra da siz de\u011ferli karde\u015flerimin ihya ve \u0131slah\u0131na sebep olmas\u0131n\u0131 Rabbimden niyaz ederim<\/p>","protected":false},"featured_media":19522,"template":"","meta":{"spay_email":""},"product_cat":[174],"product_tag":[],"item":[1642],"acf":[],"_links":{"self":[{"href":"https:\/\/mgvpublications.com\/de\/wp-json\/wp\/v2\/product\/19523"}],"collection":[{"href":"https:\/\/mgvpublications.com\/de\/wp-json\/wp\/v2\/product"}],"about":[{"href":"https:\/\/mgvpublications.com\/de\/wp-json\/wp\/v2\/types\/product"}],"wp:featuredmedia":[{"embeddable":true,"href":"https:\/\/mgvpublications.com\/de\/wp-json\/wp\/v2\/media\/19522"}],"wp:attachment":[{"href":"https:\/\/mgvpublications.com\/de\/wp-json\/wp\/v2\/media?parent=19523"}],"wp:term":[{"taxonomy":"product_cat","embeddable":true,"href":"https:\/\/mgvpublications.com\/de\/wp-json\/wp\/v2\/product_cat?post=19523"},{"taxonomy":"product_tag","embeddable":true,"href":"https:\/\/mgvpublications.com\/de\/wp-json\/wp\/v2\/product_tag?post=19523"},{"taxonomy":"item","embeddable":true,"href":"https:\/\/mgvpublications.com\/de\/wp-json\/wp\/v2\/item?post=19523"}],"curies":[{"name":"wp","href":"https:\/\/api.w.org\/{rel}","templated":true}]}}