{"id":19519,"date":"2021-05-08T15:26:20","date_gmt":"2021-05-08T13:26:20","guid":{"rendered":"https:\/\/mgvpublications.com\/produkt\/duygu-dunyamizin-fiziksel-etkileri\/"},"modified":"2022-03-08T22:54:11","modified_gmt":"2022-03-08T21:54:11","slug":"duygu-dunyamizin-fiziksel-etkileri","status":"publish","type":"product","link":"https:\/\/mgvpublications.com\/de\/duygu-dunyamizin-fiziksel-etkileri\/","title":{"rendered":"Duygu D\u00fcnyam\u0131z\u0131n Fiziksel Etkileri"},"content":{"rendered":"<p>Yay\u0131n Tarihi: 06.01.2021<br \/>ISBN: 9786051513348<br \/>Dil: T\u00dcRK\u00c7E<br \/>Sayfa Say\u0131s\u0131: 232<br \/>Cilt Tipi: Karton Kapak<br \/>Ka\u011f\u0131t Cinsi: Kitap Ka\u011f\u0131d\u0131<br \/>Boyut: 13.5 x 21 cm<\/p>","protected":false},"excerpt":{"rendered":"<p>\u201cSa\u011fl\u0131kl\u0131 hayat i\u00e7in \u00f6zg\u00fcn \u00e7\u00f6z\u00fcmler\u201d \u0130nsan, kendini tan\u0131madan duygular\u0131n\u0131n bilincine varamaz. Kendini tan\u0131yan insan, asl\u0131nda duygular\u0131n\u0131 tan\u0131r. B\u00f6ylelikle de hastal\u0131klara sebebiyet verebilecek duygular kontrol alt\u0131na al\u0131nabilir ve &#8220;kendi kendine tedavi\u201d s\u00fcreci ba\u015flam\u0131\u015f olur. Bu a\u00e7\u0131dan bak\u0131ld\u0131\u011f\u0131nda toplumda s\u0131k s\u0131k kullan\u0131lan \u201c\u0130nsan\u0131n en iyi doktoru kendisidir.\u201d s\u00f6z\u00fcn\u00fcn \u00f6nemi de bir kez daha anla\u015f\u0131l\u0131r. Bu kitapta, duygular\u0131n hastal\u0131klara uzanan yolculu\u011funa dair bilgiler edinilebilece\u011fi gibi hangi duygular\u0131n hangi hastal\u0131klara yol a\u00e7aca\u011f\u0131 ile ilgili detayl\u0131 a\u00e7\u0131klamalardan da istifade edilebilir. Kitapta, sadece duygu-hastal\u0131k ili\u015fkisi \u00fczerinde durulmay\u0131p ayn\u0131 zamanda duygular\u0131n neden oldu\u011fu hastal\u0131klar\u0131n yine ayn\u0131 \u015fekilde yani duygular arac\u0131l\u0131\u011f\u0131yla tedavi edilebilirli\u011fi ve bunun &#8220;nas\u0131l&#8221; yap\u0131labilece\u011fi hakk\u0131nda bilgilere de yer verilmektedir.<\/p>","protected":false},"featured_media":19518,"template":"","meta":{"spay_email":""},"product_cat":[1352],"product_tag":[],"item":[443],"acf":[],"_links":{"self":[{"href":"https:\/\/mgvpublications.com\/de\/wp-json\/wp\/v2\/product\/19519"}],"collection":[{"href":"https:\/\/mgvpublications.com\/de\/wp-json\/wp\/v2\/product"}],"about":[{"href":"https:\/\/mgvpublications.com\/de\/wp-json\/wp\/v2\/types\/product"}],"wp:featuredmedia":[{"embeddable":true,"href":"https:\/\/mgvpublications.com\/de\/wp-json\/wp\/v2\/media\/19518"}],"wp:attachment":[{"href":"https:\/\/mgvpublications.com\/de\/wp-json\/wp\/v2\/media?parent=19519"}],"wp:term":[{"taxonomy":"product_cat","embeddable":true,"href":"https:\/\/mgvpublications.com\/de\/wp-json\/wp\/v2\/product_cat?post=19519"},{"taxonomy":"product_tag","embeddable":true,"href":"https:\/\/mgvpublications.com\/de\/wp-json\/wp\/v2\/product_tag?post=19519"},{"taxonomy":"item","embeddable":true,"href":"https:\/\/mgvpublications.com\/de\/wp-json\/wp\/v2\/item?post=19519"}],"curies":[{"name":"wp","href":"https:\/\/api.w.org\/{rel}","templated":true}]}}