{"id":19511,"date":"2021-05-08T15:26:17","date_gmt":"2021-05-08T13:26:17","guid":{"rendered":"https:\/\/mgvpublications.com\/produkt\/bilincli-aile\/"},"modified":"2022-03-08T22:54:09","modified_gmt":"2022-03-08T21:54:09","slug":"bilincli-aile","status":"publish","type":"product","link":"https:\/\/mgvpublications.com\/de\/bilincli-aile\/","title":{"rendered":"Bilin\u00e7li Aile"},"content":{"rendered":"<p>Yay\u0131n Tarihi: 27.01.2017<br \/>ISBN: 9786055563752<br \/>Dil: T\u00dcRK\u00c7E<br \/>Sayfa Say\u0131s\u0131: 240<br \/>Cilt Tipi: Karton Kapak<br \/>Ka\u011f\u0131t Cinsi: Kitap Ka\u011f\u0131d\u0131<br \/>Boyut: 13.5 x 21 cm<\/p>","protected":false},"excerpt":{"rendered":"<p>Bir \u00e7ocu\u011fun maddi manevi pek \u00e7ok ihtiyac\u0131 vard\u0131r.Ancak g\u00fcn\u00fcm\u00fcz anne babalar\u0131 \u00e7ocuklar\u0131n\u0131n ihtiyac\u0131n\u0131 maddiyata indirgemi\u015f durumdad\u0131r.Anne baba olarak \u00e7ocu\u011fun her istedi\u011fini yerine getirerek,onu iyi okullara g\u00f6ndererek vazifenizi yapt\u0131\u011f\u0131n\u0131z\u0131 d\u00fc\u015f\u00fcn\u00fcrseniz ileriki y\u0131llarda bunun s\u0131k\u0131nt\u0131s\u0131n\u0131 ya\u015fars\u0131n\u0131z.Anne babal\u0131k bundan \u00e7ok daha fazlas\u0131d\u0131r.Anne baba olarak iyi bir evlat yeti\u015ftirmek istiyorsan\u0131z onun g\u00f6zlerinin i\u00e7ine bakarak onu ne kadar sevdi\u011finizi s\u00f6ylemeli,ba\u015f\u0131n\u0131 ok\u015famal\u0131,onun de\u011ferli oldu\u011funu dile getirmelisiniz. \u0130yi bir \u00e7ocuk yeti\u015fmenin yolu iyi bir anne baba olmaktan ge\u00e7er.Siz insanlara iyi davran\u0131rsan\u0131z,insanlara kar\u015f\u0131 d\u00fcr\u00fcst davran\u0131rsan\u0131z,b\u00fct\u00fcn canl\u0131lara ve do\u011faya sayg\u0131 duyarsan\u0131z \u00e7ocu\u011funuz da bu g\u00fczellikleri \u00f6\u011frenir.Nezaketi \u00e7ocu\u011funuza \u00f6\u011fretebilmeniz i\u00e7in kendiniz nazik olmal\u0131s\u0131n\u0131z. \u00c7ocuklar\u0131m\u0131z\u0131 nas\u0131l e\u011fitmemiz gerekti\u011fi ile ilgili pek \u00e7ok kitap bulunmaktad\u0131r.Bu kitap,sade bir dille anne baba ve \u00e7ocuk aras\u0131ndaki ili\u015fkilerin nas\u0131l olmas\u0131 gerekti\u011fi,\u00e7ocuklar\u0131n davran\u0131\u015f problemlerinin nas\u0131l \u00e7\u00f6z\u00fclebilece\u011fi ile ilgili bilgiler sunmaktad\u0131r.<\/p>","protected":false},"featured_media":22553,"template":"","meta":{"spay_email":""},"product_cat":[169],"product_tag":[],"item":[843],"acf":[],"_links":{"self":[{"href":"https:\/\/mgvpublications.com\/de\/wp-json\/wp\/v2\/product\/19511"}],"collection":[{"href":"https:\/\/mgvpublications.com\/de\/wp-json\/wp\/v2\/product"}],"about":[{"href":"https:\/\/mgvpublications.com\/de\/wp-json\/wp\/v2\/types\/product"}],"wp:featuredmedia":[{"embeddable":true,"href":"https:\/\/mgvpublications.com\/de\/wp-json\/wp\/v2\/media\/22553"}],"wp:attachment":[{"href":"https:\/\/mgvpublications.com\/de\/wp-json\/wp\/v2\/media?parent=19511"}],"wp:term":[{"taxonomy":"product_cat","embeddable":true,"href":"https:\/\/mgvpublications.com\/de\/wp-json\/wp\/v2\/product_cat?post=19511"},{"taxonomy":"product_tag","embeddable":true,"href":"https:\/\/mgvpublications.com\/de\/wp-json\/wp\/v2\/product_tag?post=19511"},{"taxonomy":"item","embeddable":true,"href":"https:\/\/mgvpublications.com\/de\/wp-json\/wp\/v2\/item?post=19511"}],"curies":[{"name":"wp","href":"https:\/\/api.w.org\/{rel}","templated":true}]}}