{"id":19507,"date":"2021-05-08T15:26:14","date_gmt":"2021-05-08T13:26:14","guid":{"rendered":"https:\/\/mgvpublications.com\/produkt\/imam-i-rabbani-risaleleri\/"},"modified":"2022-05-31T11:30:18","modified_gmt":"2022-05-31T09:30:18","slug":"imam-i-rabbani-risaleleri","status":"publish","type":"product","link":"https:\/\/mgvpublications.com\/de\/imam-i-rabbani-risaleleri\/","title":{"rendered":"\u0130mam-\u0131 Rabbani Risaleleri"},"content":{"rendered":"<p>\u00c7evirmen: Necdet Tosun<br \/>Yay\u0131n Tarihi: 14.06.2016<br \/>ISBN: 9786055215521<br \/>Dil: T\u00dcRK\u00c7E<br \/>Sayfa Say\u0131s\u0131: 368<br \/>Cilt Tipi: Karton Kapak<br \/>Ka\u011f\u0131t Cinsi: Kitap Ka\u011f\u0131d\u0131<br \/>Boyut: 13.5 x 21 cm<\/p>","protected":false},"excerpt":{"rendered":"<p>\u201cBu eser, \u0130m\u00e2m-\u0131 Rabb\u00e2n\u00ee\u2019nin tasavvuf\u00ee g\u00f6r\u00fc\u015flerinin bir hul\u00e2sas\u0131n\u0131 ihtiva etti\u011fi i\u00e7in olduk\u00e7a \u00f6nemlidir ve \u2018Mekt\u00fbb\u00e2t\u2019\u0131n \u00f6zeti\u2019 diye nitelenmesi m\u00fcmk\u00fcnd\u00fcr. Ayr\u0131ca Mekt\u00fbb\u00e2t\u2019ta bulunmayan bir\u00e7ok yeni bilgiyi de i\u00e7ermektedir.\u201d Prof. Dr. Necdet Tosun \u201c\u0130kinci Biny\u0131l\u0131n Yenileyicisi\u201d (M\u00fcceddid-i Elf-i S\u00e2n\u00ee) olarak an\u0131lan \u0130m\u00e2m-\u0131 Rabb\u00e2n\u00ee Ahmed Sirhind\u00ee\u2019nin Mebde\u2019 ve Me\u2018\u00e2d, Ma\u2018\u00e2rif-i Led\u00fcnniyye, M\u00fck\u00e2\u015fef\u00e2t-\u0131 Gaybiyye isimli \u00fc\u00e7 risalesi, Nak\u015fbendilik sahas\u0131nda \u00e7al\u0131\u015fmalar\u0131yla tan\u0131nan Prof. Dr. Necdet Tosun taraf\u0131ndan Fars\u00e7a asl\u0131ndan \u00f6zenle \u00e7evrildi. \u0130m\u00e2m-\u0131 Rabb\u00e2n\u00ee Risaleleri, H\u00e2ceg\u00e2n ve Nak\u015fbend\u00ee b\u00fcy\u00fcklerinin seyr u s\u00fcl\u00fbk usulleri, m\u00e2nev\u00ee yolculu\u011fun mertebeleri, ruhlar \u00e2lemi, tecell\u00eeler, vahdet-i \u015fuh\u00fbd, Allah\u2019\u0131n z\u00e2t\u0131, s\u0131fatlar\u0131 ve bunlar\u0131n d\u00fcnya ile ili\u015fkisi gibi hem kel\u00e2m hem de felsefenin temel konular\u0131 hakk\u0131nda tasavvuf\u00ee yorumlar ihtiva ediyor.<\/p>","protected":false},"featured_media":19506,"template":"","meta":{"spay_email":""},"product_cat":[174],"product_tag":[],"item":[767],"acf":[],"_links":{"self":[{"href":"https:\/\/mgvpublications.com\/de\/wp-json\/wp\/v2\/product\/19507"}],"collection":[{"href":"https:\/\/mgvpublications.com\/de\/wp-json\/wp\/v2\/product"}],"about":[{"href":"https:\/\/mgvpublications.com\/de\/wp-json\/wp\/v2\/types\/product"}],"wp:featuredmedia":[{"embeddable":true,"href":"https:\/\/mgvpublications.com\/de\/wp-json\/wp\/v2\/media\/19506"}],"wp:attachment":[{"href":"https:\/\/mgvpublications.com\/de\/wp-json\/wp\/v2\/media?parent=19507"}],"wp:term":[{"taxonomy":"product_cat","embeddable":true,"href":"https:\/\/mgvpublications.com\/de\/wp-json\/wp\/v2\/product_cat?post=19507"},{"taxonomy":"product_tag","embeddable":true,"href":"https:\/\/mgvpublications.com\/de\/wp-json\/wp\/v2\/product_tag?post=19507"},{"taxonomy":"item","embeddable":true,"href":"https:\/\/mgvpublications.com\/de\/wp-json\/wp\/v2\/item?post=19507"}],"curies":[{"name":"wp","href":"https:\/\/api.w.org\/{rel}","templated":true}]}}