{"id":19499,"date":"2021-05-08T15:26:12","date_gmt":"2021-05-08T13:26:12","guid":{"rendered":"https:\/\/mgvpublications.com\/produkt\/hedefimiz-cennet\/"},"modified":"2026-02-06T22:10:27","modified_gmt":"2026-02-06T21:10:27","slug":"hedefimiz-cennet","status":"publish","type":"product","link":"https:\/\/mgvpublications.com\/de\/hedefimiz-cennet\/","title":{"rendered":"Hedefimiz Cennet"},"content":{"rendered":"<p>Yay\u0131n Tarihi: 24.01.2022<br \/>ISBN: 9786057850218<br \/>Dil: T\u00dcRK\u00c7E<br \/>Sayfa Say\u0131s\u0131: 296<br \/>Cilt Tipi: Karton Kapak<br \/>Ka\u011f\u0131t Cinsi: Kitap Ka\u011f\u0131d\u0131<br \/>Boyut: 13 x 21 cm<\/p>","protected":false},"excerpt":{"rendered":"<p>M\u00fc\u2019min; cenneti i\u00e7in \u00e7al\u0131\u015fan, Rabbinin huzurunda mahcup olmamak i\u00e7in gayret eden, Res\u00fblullah sallallahu aleyhi ve sellemin s\u00fcnnetine uygun bir hayat i\u00e7in emek veren kimsedir. Kur\u2019an\u2019\u0131m\u0131z, cenneti hak etmek i\u00e7in &#8216;seviye kazanm\u0131\u015f m\u00fc\u2019min k\u0131vam\u0131nda&#8217; \u00f6lmeyi en y\u00fcce hedef olarak g\u00f6stermektedir. Allah\u2019\u0131n raz\u0131 oldu\u011fu kullar, Kur\u2019an-\u0131 Kerim\u2019in g\u00f6sterdi\u011fi bu y\u00fcksek hedefe ula\u015fanlard\u0131r. Cennet, Allah\u2019\u0131n l\u00fctfudur; m\u00fc\u2019min o l\u00fctfa ermek i\u00e7in \u00e7al\u0131\u015fan kuldur. D\u00fcnyada i\ufb02ah olan da ahirette mesut olacak da kendini M\u00fcsl\u00fcman olman\u0131n hak etti\u011fi seviyeye g\u00f6re \u0131slah edendir. \u0130slam\u2019\u0131n seviyesi bellidir, M\u00fcsl\u00fcman\u2019dan istenen d\u00fczey de g\u00f6sterilen hedef i\u00e7in y\u00fcr\u00fcmektir.<\/p>","protected":false},"featured_media":23262,"template":"","meta":{"spay_email":""},"product_cat":[174],"product_tag":[],"item":[363],"acf":[],"_links":{"self":[{"href":"https:\/\/mgvpublications.com\/de\/wp-json\/wp\/v2\/product\/19499"}],"collection":[{"href":"https:\/\/mgvpublications.com\/de\/wp-json\/wp\/v2\/product"}],"about":[{"href":"https:\/\/mgvpublications.com\/de\/wp-json\/wp\/v2\/types\/product"}],"wp:featuredmedia":[{"embeddable":true,"href":"https:\/\/mgvpublications.com\/de\/wp-json\/wp\/v2\/media\/23262"}],"wp:attachment":[{"href":"https:\/\/mgvpublications.com\/de\/wp-json\/wp\/v2\/media?parent=19499"}],"wp:term":[{"taxonomy":"product_cat","embeddable":true,"href":"https:\/\/mgvpublications.com\/de\/wp-json\/wp\/v2\/product_cat?post=19499"},{"taxonomy":"product_tag","embeddable":true,"href":"https:\/\/mgvpublications.com\/de\/wp-json\/wp\/v2\/product_tag?post=19499"},{"taxonomy":"item","embeddable":true,"href":"https:\/\/mgvpublications.com\/de\/wp-json\/wp\/v2\/item?post=19499"}],"curies":[{"name":"wp","href":"https:\/\/api.w.org\/{rel}","templated":true}]}}