{"id":19495,"date":"2021-05-08T15:26:11","date_gmt":"2021-05-08T13:26:11","guid":{"rendered":"https:\/\/mgvpublications.com\/produkt\/liderler-ve-gizlenen-gercekler\/"},"modified":"2022-03-08T22:54:08","modified_gmt":"2022-03-08T21:54:08","slug":"liderler-ve-gizlenen-gercekler","status":"publish","type":"product","link":"https:\/\/mgvpublications.com\/de\/liderler-ve-gizlenen-gercekler\/","title":{"rendered":"Liderler ve Gizlenen Ger\u00e7ekler"},"content":{"rendered":"<p>Yay\u0131n Tarihi: 16.02.2021<br \/>ISBN: 9786057948359<br \/>Dil: T\u00dcRK\u00c7E<br \/>Sayfa Say\u0131s\u0131: 270<br \/>Cilt Tipi: Karton Kapak<br \/>Ka\u011f\u0131t Cinsi: Kitap Ka\u011f\u0131d\u0131<br \/>Boyut: 13.5 x 21 cm<\/p>","protected":false},"excerpt":{"rendered":"<p>Bu zamana kadar liderlerin sadece hayat hik\u00e2yesini okuyup; ba\u015far\u0131lar\u0131ndan, i\u015fledikleri cinayetlerden veya kahramanl\u0131klar\u0131ndan haberdar oldunuz. Peki, ger\u00e7ekten anlat\u0131lanlar do\u011fru muydu? Katil denilen ki\u015fi ger\u00e7ekte katil miydi? Ba\u015far\u0131l\u0131 denilen ki\u015fi ger\u00e7ekten ba\u015far\u0131l\u0131 m\u0131yd\u0131 yoksa kar\u015f\u0131s\u0131nda bir rakibi olmad\u0131\u011f\u0131 i\u00e7in mi \u015fansl\u0131yd\u0131. Bunun gibi bir s\u00fcr\u00fc soru t\u00fcretebiliriz. \u0130\u015fte bizde bu t\u00fcretilen sorular\u0131n pe\u015finden gittik ve size anlat\u0131lanlar\u0131n \u00f6tesinde bir ger\u00e7ek tarihi anlatt\u0131k. E\u011fer sende liderlerin anlat\u0131lmam\u0131\u015f farkl\u0131 hik\u00e2yelerini merak ediyorsan, ak\u0131c\u0131 \u00fcslubu ve farkl\u0131 anlat\u0131m tarz\u0131yla bu kitap t\u00fcm bildiklerini alt \u00fcst edecek.<\/p>","protected":false},"featured_media":19494,"template":"","meta":{"spay_email":""},"product_cat":[170],"product_tag":[],"item":[1390],"acf":[],"_links":{"self":[{"href":"https:\/\/mgvpublications.com\/de\/wp-json\/wp\/v2\/product\/19495"}],"collection":[{"href":"https:\/\/mgvpublications.com\/de\/wp-json\/wp\/v2\/product"}],"about":[{"href":"https:\/\/mgvpublications.com\/de\/wp-json\/wp\/v2\/types\/product"}],"wp:featuredmedia":[{"embeddable":true,"href":"https:\/\/mgvpublications.com\/de\/wp-json\/wp\/v2\/media\/19494"}],"wp:attachment":[{"href":"https:\/\/mgvpublications.com\/de\/wp-json\/wp\/v2\/media?parent=19495"}],"wp:term":[{"taxonomy":"product_cat","embeddable":true,"href":"https:\/\/mgvpublications.com\/de\/wp-json\/wp\/v2\/product_cat?post=19495"},{"taxonomy":"product_tag","embeddable":true,"href":"https:\/\/mgvpublications.com\/de\/wp-json\/wp\/v2\/product_tag?post=19495"},{"taxonomy":"item","embeddable":true,"href":"https:\/\/mgvpublications.com\/de\/wp-json\/wp\/v2\/item?post=19495"}],"curies":[{"name":"wp","href":"https:\/\/api.w.org\/{rel}","templated":true}]}}