{"id":19493,"date":"2021-05-08T15:26:10","date_gmt":"2021-05-08T13:26:10","guid":{"rendered":"https:\/\/mgvpublications.com\/produkt\/ceri-3\/"},"modified":"2022-03-08T22:54:07","modified_gmt":"2022-03-08T21:54:07","slug":"ceri-3","status":"publish","type":"product","link":"https:\/\/mgvpublications.com\/de\/ceri-3\/","title":{"rendered":"\u00c7eri 3"},"content":{"rendered":"<p>Yay\u0131n Tarihi: 29.03.2021<br \/>ISBN: 9786057948403<br \/>Dil: T\u00dcRK\u00c7E<br \/>Sayfa Say\u0131s\u0131: 296<br \/>Cilt Tipi: Karton Kapak<br \/>Ka\u011f\u0131t Cinsi: Kitap Ka\u011f\u0131d\u0131<br \/>Boyut: 13.5 x 21 cm<\/p>","protected":false},"excerpt":{"rendered":"<p>Felaketler y\u0131l\u0131 olarak bilinen 2020 y\u0131l\u0131n\u0131, sonraki y\u0131llarda arayacak gibiyiz. \u00c7\u00fcnk\u00fc k\u00fcresel g\u00fc\u00e7 dedi\u011fimiz birka\u00e7 aile a\u015f\u0131lar\u0131n fiyat\u0131 konusunda anla\u015fm\u0131\u015fken vir\u00fcs mutasyona u\u011frad\u0131. Londra yeni Wuhan oldu. Bana soracak olursan\u0131z dijital paraya ge\u00e7meden \u00f6nce \u00fclkelerin ekonomilerinin dip yapmas\u0131 laz\u0131md\u0131. \u00d6yle de oldu. Peki, bundan sonra neler olacak. Okumaya, \u00f6\u011frenmeye ve ya\u015famaya haz\u0131r m\u0131s\u0131n?<\/p>","protected":false},"featured_media":19492,"template":"","meta":{"spay_email":""},"product_cat":[173],"product_tag":[],"item":[1390],"acf":[],"_links":{"self":[{"href":"https:\/\/mgvpublications.com\/de\/wp-json\/wp\/v2\/product\/19493"}],"collection":[{"href":"https:\/\/mgvpublications.com\/de\/wp-json\/wp\/v2\/product"}],"about":[{"href":"https:\/\/mgvpublications.com\/de\/wp-json\/wp\/v2\/types\/product"}],"wp:featuredmedia":[{"embeddable":true,"href":"https:\/\/mgvpublications.com\/de\/wp-json\/wp\/v2\/media\/19492"}],"wp:attachment":[{"href":"https:\/\/mgvpublications.com\/de\/wp-json\/wp\/v2\/media?parent=19493"}],"wp:term":[{"taxonomy":"product_cat","embeddable":true,"href":"https:\/\/mgvpublications.com\/de\/wp-json\/wp\/v2\/product_cat?post=19493"},{"taxonomy":"product_tag","embeddable":true,"href":"https:\/\/mgvpublications.com\/de\/wp-json\/wp\/v2\/product_tag?post=19493"},{"taxonomy":"item","embeddable":true,"href":"https:\/\/mgvpublications.com\/de\/wp-json\/wp\/v2\/item?post=19493"}],"curies":[{"name":"wp","href":"https:\/\/api.w.org\/{rel}","templated":true}]}}