{"id":19477,"date":"2021-05-08T15:26:03","date_gmt":"2021-05-08T13:26:03","guid":{"rendered":"https:\/\/mgvpublications.com\/produkt\/masalveren-agaci-isimsiz-hikayeler\/"},"modified":"2022-03-08T22:54:06","modified_gmt":"2022-03-08T21:54:06","slug":"masalveren-agaci-isimsiz-hikayeler","status":"publish","type":"product","link":"https:\/\/mgvpublications.com\/de\/masalveren-agaci-isimsiz-hikayeler\/","title":{"rendered":"Masalveren A\u011fac\u0131 \u0130simsiz Hikayeler"},"content":{"rendered":"<p>Yay\u0131n Tarihi: 07.05.2020<br \/>ISBN: 9786052297681<br \/>Dil: T\u00dcRK\u00c7E<br \/>Sayfa Say\u0131s\u0131: 36<br \/>Cilt Tipi: Karton Kapak<br \/>Ka\u011f\u0131t Cinsi: Ku\u015fe Ka\u011f\u0131t<br \/>Boyut: 22 x 20.3 cm<br \/>\u00c7izer: Afra Elif<\/p>","protected":false},"excerpt":{"rendered":"<p>Siz h\u00e2l\u00e2 S\u00fcmeyra Nine&#8217;nin bah\u00e7esini g\u00f6rmediniz mi? \u00d6yleyse \u00e7ok \u015fey kaybettiniz! \u00d6ncelikle \u015funu belirtmeliyim ki ona bah\u00e7e demek b\u00fcy\u00fck haks\u0131zl\u0131k. Minik bir orman, \u00e7ok daha do\u011fru olur. \u00dcstelik i\u00e7indeki a\u011fa\u00e7lardan baz\u0131lar\u0131 geceleri masal bile anlat\u0131yor. Onlara masalveren a\u011fac\u0131 diyorlar.<\/p>","protected":false},"featured_media":19476,"template":"","meta":{"spay_email":""},"product_cat":[172],"product_tag":[],"item":[1085],"acf":[],"_links":{"self":[{"href":"https:\/\/mgvpublications.com\/de\/wp-json\/wp\/v2\/product\/19477"}],"collection":[{"href":"https:\/\/mgvpublications.com\/de\/wp-json\/wp\/v2\/product"}],"about":[{"href":"https:\/\/mgvpublications.com\/de\/wp-json\/wp\/v2\/types\/product"}],"wp:featuredmedia":[{"embeddable":true,"href":"https:\/\/mgvpublications.com\/de\/wp-json\/wp\/v2\/media\/19476"}],"wp:attachment":[{"href":"https:\/\/mgvpublications.com\/de\/wp-json\/wp\/v2\/media?parent=19477"}],"wp:term":[{"taxonomy":"product_cat","embeddable":true,"href":"https:\/\/mgvpublications.com\/de\/wp-json\/wp\/v2\/product_cat?post=19477"},{"taxonomy":"product_tag","embeddable":true,"href":"https:\/\/mgvpublications.com\/de\/wp-json\/wp\/v2\/product_tag?post=19477"},{"taxonomy":"item","embeddable":true,"href":"https:\/\/mgvpublications.com\/de\/wp-json\/wp\/v2\/item?post=19477"}],"curies":[{"name":"wp","href":"https:\/\/api.w.org\/{rel}","templated":true}]}}