{"id":19473,"date":"2021-05-08T15:26:02","date_gmt":"2021-05-08T13:26:02","guid":{"rendered":"https:\/\/mgvpublications.com\/produkt\/levent-dogu-ekspresinde-soygun\/"},"modified":"2022-03-08T22:54:05","modified_gmt":"2022-03-08T21:54:05","slug":"levent-dogu-ekspresinde-soygun","status":"publish","type":"product","link":"https:\/\/mgvpublications.com\/de\/levent-dogu-ekspresinde-soygun\/","title":{"rendered":"Levent Do\u011fu Ekspresinde Soygun"},"content":{"rendered":"<p>Yay\u0131n Tarihi: 12.04.2021<br \/>ISBN: 9786050832808<br \/>Dil: T\u00dcRK\u00c7E<br \/>Sayfa Say\u0131s\u0131: 160<br \/>Cilt Tipi: Ciltli<br \/>Ka\u011f\u0131t Cinsi: 1. Hm. Ka\u011f\u0131t<br \/>Boyut: 15 x 21 cm<br \/>\u00c7izer: Derya I\u015f\u0131k \u00d6zbay<br \/>Di\u011fer \u00d6zellik: 6-10 Ya\u015f<\/p>","protected":false},"excerpt":{"rendered":"<p>Komik, saf, deli dolu Levent ve tayfas\u0131, yepyeni bir geziye \u00e7\u0131k\u0131yor, hem de ne gezi! Do\u011fu Ekspresi\u2019yle Kars\u2019a gidiyorlar. Fakat trende beklemedikleri bir yolcu daha var: D\u00fcnyaca \u00fcnl\u00fc elmas Ka\u00e7karlar\u0131n Y\u0131ld\u0131z\u0131! Tren yolculu\u011fuyla gezinin tad\u0131n\u0131 \u00e7\u0131karmaya \u00e7al\u0131\u015fan tayfa, Anadolu\u2019ya ait bu elmas\u0131 soygunculardan geri almaya \u00e7al\u0131\u015f\u0131yor. Tabii yine ba\u015flar\u0131n\u0131 t\u00fcrl\u00fc belalara sokuyorlar, su\u00e7lular\u0131n pe\u015finden ko\u015fuyorlar. Her \u015fey, Anadolu miras\u0131 elmas\u0131 vatan\u0131nda tutmak i\u00e7in! Kendilerini e\u011flenceli oldu\u011fu kadar heyecanl\u0131, tehlikeli mi tehlikeli bir maceran\u0131n i\u00e7inde buluyorlar. Elmas\u0131 korumak, onlar i\u00e7in her \u015feyden \u00f6nemli. Do\u011fu Ekspresi\u2019yle T\u00fcrkiye\u2019yi ba\u015ftan ba\u015fa gezerken elmas\u0131 korumaya haz\u0131r m\u0131s\u0131n?<\/p>","protected":false},"featured_media":22525,"template":"","meta":{"spay_email":""},"product_cat":[172],"product_tag":[],"item":[360],"acf":[],"_links":{"self":[{"href":"https:\/\/mgvpublications.com\/de\/wp-json\/wp\/v2\/product\/19473"}],"collection":[{"href":"https:\/\/mgvpublications.com\/de\/wp-json\/wp\/v2\/product"}],"about":[{"href":"https:\/\/mgvpublications.com\/de\/wp-json\/wp\/v2\/types\/product"}],"wp:featuredmedia":[{"embeddable":true,"href":"https:\/\/mgvpublications.com\/de\/wp-json\/wp\/v2\/media\/22525"}],"wp:attachment":[{"href":"https:\/\/mgvpublications.com\/de\/wp-json\/wp\/v2\/media?parent=19473"}],"wp:term":[{"taxonomy":"product_cat","embeddable":true,"href":"https:\/\/mgvpublications.com\/de\/wp-json\/wp\/v2\/product_cat?post=19473"},{"taxonomy":"product_tag","embeddable":true,"href":"https:\/\/mgvpublications.com\/de\/wp-json\/wp\/v2\/product_tag?post=19473"},{"taxonomy":"item","embeddable":true,"href":"https:\/\/mgvpublications.com\/de\/wp-json\/wp\/v2\/item?post=19473"}],"curies":[{"name":"wp","href":"https:\/\/api.w.org\/{rel}","templated":true}]}}