{"id":19471,"date":"2021-05-08T15:26:02","date_gmt":"2021-05-08T13:26:02","guid":{"rendered":"https:\/\/mgvpublications.com\/produkt\/tavsancan-ile-faresu-korkunc-canavar\/"},"modified":"2022-03-08T22:54:02","modified_gmt":"2022-03-08T21:54:02","slug":"tavsancan-ile-faresu-korkunc-canavar","status":"publish","type":"product","link":"https:\/\/mgvpublications.com\/de\/tavsancan-ile-faresu-korkunc-canavar\/","title":{"rendered":"Tav\u015fancan ile Faresu \/ Korkun\u00e7 Canavar"},"content":{"rendered":"<p>Yay\u0131n Tarihi: 29.01.2021<br \/>ISBN: 9786051920030<br \/>Dil: T\u00dcRK\u00c7E<br \/>Sayfa Say\u0131s\u0131: 28<br \/>Cilt Tipi: Karton Kapak<br \/>Ka\u011f\u0131t Cinsi: Ku\u015fe Ka\u011f\u0131t<br \/>Boyut: 22 x 22 cm<\/p>","protected":false},"excerpt":{"rendered":"<p>T\u00fcm d\u00fcnyada \u00e7ocuklar\u0131n\u0131n zevkle okudu\u011fu, elliden fazla dile \u00e7evrilen ve y\u0131llard\u0131r \u00e7oksatanlar listesinden d\u00fc\u015fmeyen Gruffalo\u2019nun \u00e7izeri Axel Scheffler\u2019in yaz\u0131p resimledi\u011fi Tav\u015fancan ile Faresu\u2019nun maceralar\u0131nda \u00e7ocuklar\u0131n d\u00fcnyas\u0131na \u00f6zg\u00fc konular ele al\u0131n\u0131yor. Arkada\u015fl\u0131k, payla\u015fma, sorunlara \u00e7\u00f6z\u00fcm bulma temalar\u0131n\u0131n \u00f6ne \u00e7\u0131kt\u0131\u011f\u0131 kitaplar\u0131n resimleri de \u00e7ocuklara g\u00f6rsel bir \u015f\u00f6len sunuyor. Tav\u015fancan ile Faresu, Korkun\u00e7 Canavar Faresu ne\u015feyle kek yaparken korkun\u00e7 bir canavar gelir! Faresu \u00e7ok korkar. Canavar\u0131n kost\u00fcm giymi\u015f Tav\u015fancan oldu\u011funu anlad\u0131\u011f\u0131nda i\u015fler de\u011fi\u015fir. Cesur olmak ve payla\u015fmak \u00fczerine e\u011flenceli bir hik\u00e2ye&#8230;<\/p>","protected":false},"featured_media":22523,"template":"","meta":{"spay_email":""},"product_cat":[172],"product_tag":[],"item":[1377],"acf":[],"_links":{"self":[{"href":"https:\/\/mgvpublications.com\/de\/wp-json\/wp\/v2\/product\/19471"}],"collection":[{"href":"https:\/\/mgvpublications.com\/de\/wp-json\/wp\/v2\/product"}],"about":[{"href":"https:\/\/mgvpublications.com\/de\/wp-json\/wp\/v2\/types\/product"}],"wp:featuredmedia":[{"embeddable":true,"href":"https:\/\/mgvpublications.com\/de\/wp-json\/wp\/v2\/media\/22523"}],"wp:attachment":[{"href":"https:\/\/mgvpublications.com\/de\/wp-json\/wp\/v2\/media?parent=19471"}],"wp:term":[{"taxonomy":"product_cat","embeddable":true,"href":"https:\/\/mgvpublications.com\/de\/wp-json\/wp\/v2\/product_cat?post=19471"},{"taxonomy":"product_tag","embeddable":true,"href":"https:\/\/mgvpublications.com\/de\/wp-json\/wp\/v2\/product_tag?post=19471"},{"taxonomy":"item","embeddable":true,"href":"https:\/\/mgvpublications.com\/de\/wp-json\/wp\/v2\/item?post=19471"}],"curies":[{"name":"wp","href":"https:\/\/api.w.org\/{rel}","templated":true}]}}