{"id":19469,"date":"2021-05-08T15:25:59","date_gmt":"2021-05-08T13:25:59","guid":{"rendered":"https:\/\/mgvpublications.com\/produkt\/bana-seni-seviyorum-deme-evlen-benimle-2\/"},"modified":"2022-03-08T22:54:02","modified_gmt":"2022-03-08T21:54:02","slug":"bana-seni-seviyorum-deme-evlen-benimle-2","status":"publish","type":"product","link":"https:\/\/mgvpublications.com\/de\/bana-seni-seviyorum-deme-evlen-benimle-2\/","title":{"rendered":"Bana Seni Seviyorum Deme Evlen Benimle"},"content":{"rendered":"<p>Yay\u0131n Tarihi: 05.04.2021<br \/>ISBN: 9786257671248<br \/>Dil: T\u00dcRK\u00c7E<br \/>Sayfa Say\u0131s\u0131: 208<br \/>Cilt Tipi: Karton Kapak<br \/>Ka\u011f\u0131t Cinsi: Kitap Ka\u011f\u0131d\u0131<br \/>Boyut: 13.5 x 21 cm<\/p>","protected":false},"excerpt":{"rendered":"<p>Tuzlu kahve ger\u00e7ek a\u015fk\u0131n s\u0131v\u0131 halidir&#8230; Hayatta bir\u00e7ok kez haks\u0131zl\u0131\u011fa u\u011frar\u0131z. Lakin \u00f6ld\u00fcrece\u011fini sand\u0131\u011f\u0131m\u0131z hi\u00e7bir ac\u0131da y\u0131lmay\u0131z&#8230; Herkesin bir hik\u00e2yesi vard\u0131. Kimi dile getirmedi ac\u0131yan yanlar\u0131n\u0131. Oturup k\u00e2\u011f\u0131da d\u00f6kt\u00fc ac\u0131lar\u0131n\u0131. Kimi yaln\u0131zca sustu, i\u00e7ine ata ata doldu ta\u015ft\u0131&#8230; Yine de tek kelime edemedi. Hayat kimine sevebilece\u011fi nice kalpler sundu, kimse sevemedi. Elbet benim de dile getiremedi\u011fim ac\u0131lar\u0131m var. Anlatmak istesem anlat\u0131lmaz&#8230; Zaten baz\u0131 ac\u0131lar dile getirilemez. Getirilmek istense de kelimeler yetmez&#8230; Dilinden, \u201cSeni seviyorum,\u201d s\u00f6z\u00fc eksik olmayan insanlar zaten sevemez. A\u015fk hissettirmektir, emektir, bunu kimse bilmez. Dil, \u201cSeviyorum,\u201d dese de her y\u00fcrek sevemez. Erkek, \u201cSeviyorum,\u201d der, sevdi\u011fi kad\u0131n\u0131n tuzlu kahvesini i\u00e7er.<\/p>","protected":false},"featured_media":19468,"template":"","meta":{"spay_email":""},"product_cat":[168],"product_tag":[],"item":[509],"acf":[],"_links":{"self":[{"href":"https:\/\/mgvpublications.com\/de\/wp-json\/wp\/v2\/product\/19469"}],"collection":[{"href":"https:\/\/mgvpublications.com\/de\/wp-json\/wp\/v2\/product"}],"about":[{"href":"https:\/\/mgvpublications.com\/de\/wp-json\/wp\/v2\/types\/product"}],"wp:featuredmedia":[{"embeddable":true,"href":"https:\/\/mgvpublications.com\/de\/wp-json\/wp\/v2\/media\/19468"}],"wp:attachment":[{"href":"https:\/\/mgvpublications.com\/de\/wp-json\/wp\/v2\/media?parent=19469"}],"wp:term":[{"taxonomy":"product_cat","embeddable":true,"href":"https:\/\/mgvpublications.com\/de\/wp-json\/wp\/v2\/product_cat?post=19469"},{"taxonomy":"product_tag","embeddable":true,"href":"https:\/\/mgvpublications.com\/de\/wp-json\/wp\/v2\/product_tag?post=19469"},{"taxonomy":"item","embeddable":true,"href":"https:\/\/mgvpublications.com\/de\/wp-json\/wp\/v2\/item?post=19469"}],"curies":[{"name":"wp","href":"https:\/\/api.w.org\/{rel}","templated":true}]}}